{"id":1032,"date":"2021-02-07T14:00:48","date_gmt":"2021-02-07T13:00:48","guid":{"rendered":"http:\/\/pab-rpg.fr\/?page_id=1032"},"modified":"2021-02-14T19:07:10","modified_gmt":"2021-02-14T18:07:10","slug":"saison-1-episode-5","status":"publish","type":"page","link":"https:\/\/pab-rpg.fr\/index.php\/saison-1-episode-5\/","title":{"rendered":"Saison #1 &#8211; Episode #5"},"content":{"rendered":"<p>Les PJs se r\u00e9veillent, ils se sont repos\u00e9s et r\u00e9chauff\u00e9s apr\u00e8s le plongeon nocturne. Des rayons du soleil traversent par endroit la voute de la grotte, de nombreux stalactites sont baign\u00e9s par le ruissellement de l&#8217;eau. De la zone humide diff\u00e9rents couloirs s&#8217;enfoncent dans la montagne. Au milieu de l&#8217;un d&#8217;eux une silhouette immobile attend l&#8217;arriv\u00e9e du groupe.&nbsp;&nbsp;<\/p>\n\n\n<figure class=\"wp-block-image size-large\"><img loading=\"lazy\" width=\"888\" height=\"446\" src=\"http:\/\/pab-rpg.fr\/wp-content\/uploads\/2021\/02\/3-Map-Cavern-llustration.jpg\" alt=\"\" class=\"wp-image-1040\" srcset=\"https:\/\/pab-rpg.fr\/wp-content\/uploads\/2021\/02\/3-Map-Cavern-llustration.jpg 888w, https:\/\/pab-rpg.fr\/wp-content\/uploads\/2021\/02\/3-Map-Cavern-llustration-300x151.jpg 300w, https:\/\/pab-rpg.fr\/wp-content\/uploads\/2021\/02\/3-Map-Cavern-llustration-768x386.jpg 768w\" sizes=\"(max-width: 888px) 100vw, 888px\" \/><\/figure>\n\n\n<p>Cette statue taill\u00e9e dans la pierre est l&#8217;\u0153uvre des nains qui ont fait cette sculpture \u00e0 temps perdu. Elle repr\u00e9sente un guerrier appuy\u00e9 sur sa lance qui regarde vers l&#8217;int\u00e9rieur, et c&#8217;est le chemin qui qu&#8217;empruntent les PJs pour commencer le p\u00e9riple dans le d\u00e9dalle de passages. Assez r\u00e9guli\u00e8rement ils retrouvent de nouvelles statues et suivent aveugl\u00e9ment la direction indiqu\u00e9e par leur posture. La temp\u00e9rature est redevenue agr\u00e9able, mais l&#8217;humidit\u00e9 rend l&#8217;air charg\u00e9 et les pas sont de plus en plus lourds. Par moments des bruits \u00e9tranges interpellent leur attention et r\u00e9veillent leur conscience. S&#8217;ils ne voient pas de danger imminent, s&#8217;\u00e9garer \u00e0 tout jamais, mourir de faim ou tomber dans une crevasse occupent de plus en plus leurs esprits. Le groupe d\u00e9cide de s&#8217;arr\u00eater pour monter un campement, il consid\u00e8re qu&#8217;un jour s&#8217;est \u00e9coul\u00e9, mais m\u00eame un nain le plus aguerri aurait du mal \u00e0 s&#8217;orienter dans l&#8217;espace et dans le temps. Mais par prudence aucun feu n&#8217;est allum\u00e9 et en effet leur repos est ponctu\u00e9 par des bruits inqui\u00e9tants, de rugissement, de chaines, cette grotte est habit\u00e9e ! Au r\u00e9veil les PJs reprennent leur exploration monotone, mais la pr\u00e9sence de d\u00e9tritus et de squelettes humains confirme la sensation de la nuit. Malgr\u00e9 tous leurs efforts le paladin et le pr\u00eatre ne parviennent pas \u00e0 r\u00e9duire le bruit de leur armure lourde m\u00e9tallique et un battement sourd, couvre leurs pas. C&#8217;est un coup r\u00e9gulier, comme un tambour qui r\u00e9sonne dans la grotte et dont on ne sais pas d\u00e9terminer la provenance. Et le rythme s&#8217;acc\u00e9l\u00e8re, la percussion est de plus en plus claire, on distingue aussi des bruits m\u00e9talliques, peut \u00eatre des chaines, mais aussi des rires et l&#8217;air devient irrespirable charg\u00e9 d&#8217;une odeur naus\u00e9abonde. Le groupe qui \u00e9tait rest\u00e9 fig\u00e9, tous les sens en \u00e9veil d\u00e9couvre au bout d&#8217;un long couloir une horde de gobelin qui se jette sur eux. <img loading=\"lazy\" src=\"http:\/\/pab-rpg.fr\/wp-content\/uploads\/2021\/02\/5-MOB-Gobelin-300x243.jpg\" alt=\"\" width=\"300\" height=\"243\" class=\"size-medium wp-image-1050 alignright\" srcset=\"https:\/\/pab-rpg.fr\/wp-content\/uploads\/2021\/02\/5-MOB-Gobelin-300x243.jpg 300w, https:\/\/pab-rpg.fr\/wp-content\/uploads\/2021\/02\/5-MOB-Gobelin-768x621.jpg 768w, https:\/\/pab-rpg.fr\/wp-content\/uploads\/2021\/02\/5-MOB-Gobelin.jpg 900w\" sizes=\"(max-width: 300px) 100vw, 300px\" \/>Le combat serait perdu d&#8217;avance, et les PJs fuient \u00e0 toute jambe \u00e0 l&#8217;oppos\u00e9 en tentant d&#8217;effondrer \u00e0 leur passage des morceaux de parois pour entraver leur poursuivants. La course dure pendant des dizaines de minutes et l&#8217;\u00e9l\u00e9mentaliste ouvre le chemin.&nbsp; Se fiant \u00e0 son instinct il per\u00e7oit une forte diff\u00e9rence de temp\u00e9rature et le pr\u00eatre derri\u00e8re lui distingue les rayons du soleil qui lui sont familiers. Ils ont d\u00e9couvert une issue qui d\u00e9bouche sur un plateau neigeux. Les gobelins ne s&#8217;aventureront surement pas \u00e0 d\u00e9couvert. Les bonnes nouvelles continuent, car l&#8217;invocateur pointe du doigt la tour qui d\u00e9passe des cimes. Le groupe entreprend imm\u00e9diatement l&#8217;ascension pour mettre de la distance avec la sortie de la grotte. C&#8217;est le paladin qui ouvre la marche, mais la progression est lente, ralentie par l&#8217;\u00e9paisse neige fraiche. L&#8217;enthousiasme est \u00e9galement frein\u00e9 par la lenteur de la progression, Dobella souffre et le fait savoir. L&#8217;invocateur la rabroue m\u00e9chamment et la fatigue commence \u00e0 mettre \u00e0 mal la coh\u00e9rence du groupe. Le paladin s&#8217;arr\u00eate, silencieux nullement pour les chamailleries internes mais pour la silhouette imposante qui surplombe le haut de la cime. Un Yeti au long poil blanc regarde le groupe de PJs en surplomb, il ne montre aucun signe d&#8217;agressivit\u00e9, juste de la curiosit\u00e9. Mais il se lasse rapidement et ne compte pas perdre plus de temps avec les PJs qu&#8217;il consid\u00e8re comme cinq insectes. Il effectue un saut sur place provoquant une coul\u00e9e de neige qui se transforme en avalanche. La vague qui arrive sur le paladin est un nuage de neige fraiche, et derri\u00e8re son bouclier il esp\u00e8re faire \u00e9cran pour tout le groupe. <img loading=\"lazy\" src=\"http:\/\/pab-rpg.fr\/wp-content\/uploads\/2021\/02\/8-Tour-167x300.jpg\" alt=\"\" width=\"167\" height=\"300\" class=\"size-medium wp-image-1062 alignleft\" srcset=\"https:\/\/pab-rpg.fr\/wp-content\/uploads\/2021\/02\/8-Tour-167x300.jpg 167w, https:\/\/pab-rpg.fr\/wp-content\/uploads\/2021\/02\/8-Tour.jpg 529w\" sizes=\"(max-width: 167px) 100vw, 167px\" \/>Quand le calme revient, c&#8217;est l&#8217;obscurit\u00e9, le froid qui entoure les PJS et la difficult\u00e9 pour respirer. Le paladin \u00e9merge en premier, suivi du pr\u00eatre du soleil, mais les trois autres sont introuvables. A chaque minute les trois ensevelis perdent de l&#8217;\u00e9nergie vitale et l&#8217;espoir de sortir \u00e0 l&#8217;air pur. L&#8217;\u00e9l\u00e9mentaliste parvient \u00e0 rejoindre la surface, imm\u00e9diatement secouru et soign\u00e9 par le paladin. Le pr\u00eatre quant \u00e0 lui continue de sonder la neige avec le bois de son hallebarde, mais la zone est vaste et il ne trouve rien. Les survivants commencent s\u00e9rieusement \u00e0 perdre espoir, mais \u00e0 leur plus grande surprise, Dobella et l&#8217;invocateurs sont sains et sauf pr\u00e8s de la parois et malgr\u00e9 leur \u00e9tat ils continuent \u00e0 se chamailler. Le soleil se couch, et la tour est encore loin. Ils d\u00e9cident de poursuivre leur ascension car ils ne sont pas \u00e9quip\u00e9s pour passer la nuit dans la neige et leurs conditions physiques sont plus que pr\u00e9caires. Ils arrivent au milieu de la nuit au pied de la tour et montent un campement pour r\u00e9cup\u00e9rer, car le plus dur reste \u00e0 faire&#8230;&nbsp;<\/p>\n<p style=\"text-align: center;\"><a href=\"http:\/\/pab-rpg.fr\/index.php\/saison-1-episode-6\/\">Episode #6<\/a><\/p>\n\n\n<div class=\"wp-block-image\"><figure class=\"aligncenter size-large\"><img loading=\"lazy\" width=\"498\" height=\"101\" src=\"http:\/\/pab-rpg.fr\/wp-content\/uploads\/2021\/01\/images.png\" alt=\"\" class=\"wp-image-429\" srcset=\"https:\/\/pab-rpg.fr\/wp-content\/uploads\/2021\/01\/images.png 498w, https:\/\/pab-rpg.fr\/wp-content\/uploads\/2021\/01\/images-300x61.png 300w\" sizes=\"(max-width: 498px) 100vw, 498px\" \/><\/figure><\/div>\n","protected":false},"excerpt":{"rendered":"<p>Les PJs se r\u00e9veillent, ils se sont repos\u00e9s et r\u00e9chauff\u00e9s apr\u00e8s le plongeon nocturne. Des rayons du soleil traversent par endroit la voute de la grotte, de nombreux stalactites sont baign\u00e9s par le ruissellement de l&#8217;eau. De la zone humide diff\u00e9rents couloirs s&#8217;enfoncent dans la montagne. Au milieu de l&#8217;un [&hellip;]<\/p>\n","protected":false},"author":1,"featured_media":0,"parent":0,"menu_order":0,"comment_status":"closed","ping_status":"closed","template":"","meta":[],"_links":{"self":[{"href":"https:\/\/pab-rpg.fr\/index.php\/wp-json\/wp\/v2\/pages\/1032"}],"collection":[{"href":"https:\/\/pab-rpg.fr\/index.php\/wp-json\/wp\/v2\/pages"}],"about":[{"href":"https:\/\/pab-rpg.fr\/index.php\/wp-json\/wp\/v2\/types\/page"}],"author":[{"embeddable":true,"href":"https:\/\/pab-rpg.fr\/index.php\/wp-json\/wp\/v2\/users\/1"}],"replies":[{"embeddable":true,"href":"https:\/\/pab-rpg.fr\/index.php\/wp-json\/wp\/v2\/comments?post=1032"}],"version-history":[{"count":24,"href":"https:\/\/pab-rpg.fr\/index.php\/wp-json\/wp\/v2\/pages\/1032\/revisions"}],"predecessor-version":[{"id":1081,"href":"https:\/\/pab-rpg.fr\/index.php\/wp-json\/wp\/v2\/pages\/1032\/revisions\/1081"}],"wp:attachment":[{"href":"https:\/\/pab-rpg.fr\/index.php\/wp-json\/wp\/v2\/media?parent=1032"}],"curies":[{"name":"wp","href":"https:\/\/api.w.org\/{rel}","templated":true}]}}