{"id":1128,"date":"2021-02-21T13:20:07","date_gmt":"2021-02-21T12:20:07","guid":{"rendered":"http:\/\/pab-rpg.fr\/?page_id=1128"},"modified":"2021-02-21T21:52:08","modified_gmt":"2021-02-21T20:52:08","slug":"saison-1-episode-7","status":"publish","type":"page","link":"https:\/\/pab-rpg.fr\/index.php\/saison-1-episode-7\/","title":{"rendered":"Saison #1 &#8211; Episode #7"},"content":{"rendered":"\n<div class=\"wp-block-image\"><figure class=\"aligncenter size-large\"><img loading=\"lazy\" width=\"629\" height=\"1024\" src=\"http:\/\/pab-rpg.fr\/wp-content\/uploads\/2021\/02\/16-Tour-Mephala-629x1024.jpg\" alt=\"\" class=\"wp-image-1132\" srcset=\"https:\/\/pab-rpg.fr\/wp-content\/uploads\/2021\/02\/16-Tour-Mephala-629x1024.jpg 629w, https:\/\/pab-rpg.fr\/wp-content\/uploads\/2021\/02\/16-Tour-Mephala-184x300.jpg 184w, https:\/\/pab-rpg.fr\/wp-content\/uploads\/2021\/02\/16-Tour-Mephala.jpg 737w\" sizes=\"(max-width: 629px) 100vw, 629px\" \/><\/figure><\/div>\n\n\n<p>Le pr\u00eatre ouvre prudemment la porte de l&#8217;antre de Mephala, et la torche de l&#8217;\u00e9l\u00e9mentaliste qui le suit, \u00e9claire faiblement comme si les rayons lumineux rechignaient \u00e0 s&#8217;aventurer dans cette pi\u00e8ce. Une silhouette imposante et immobile est \u00e0 peine perceptible dans le fond de la salle, pour le moment tout semble paisible, mais l&#8217;obscurit\u00e9 et le froid se m\u00ealent dans une morsure dangereuse autours du faisceau lumineux de la torche. Au sol pr\u00e8s de l&#8217;entr\u00e9e des \u0153ufs jonchent le sol et le pr\u00eatre d\u00e9cide imm\u00e9diatement de les casser. Pendant ce temps le paladin se rue vers l&#8217;\u00e9tage inf\u00e9rieur, une id\u00e9e lumineuse \u00e0 traverser son esprit, aller chercher le miroir. Ce sont donc les trois PJs les plus fr\u00eales qui se dressent face \u00e0 Mephala qui r\u00e9agit pacifiquement face \u00e0 l&#8217;intrusion; &#8220;pour votre salut, rejoignez moi et je vous accorderai des pouvoirs surhumains !&#8221;. L&#8217;\u00e9l\u00e9mentaliste incante imm\u00e9diatement une sph\u00e8re enflamm\u00e9e qui se dirige rapidement vers le d\u00e9mon en brulant tout sur son passage. L&#8217;invocateur tente en vain de conjurer tous les animaux et insectes aux alentours pour le soutenir. Dobella reste p\u00e9trifi\u00e9e derri\u00e8re eux et se retire dans l&#8217;ombre malgr\u00e9 la douleur ressentie par le froid glacial. Mephala est sensible \u00e0 la chaleur n&#8217;appr\u00e9cient pas l&#8217;attaque enflamm\u00e9e de l&#8217;\u00e9l\u00e9mentaliste, elle se d\u00e9cale et se transforme en une cr\u00e9ature encore plus malfaisante qui ressemble \u00e0 une \u00e9norme araign\u00e9e.&nbsp;<\/p>\n\n\n<div class=\"wp-block-image\"><figure class=\"aligncenter size-large\"><img loading=\"lazy\" width=\"564\" height=\"1014\" src=\"http:\/\/pab-rpg.fr\/wp-content\/uploads\/2021\/02\/16-Tour-Mephala-transformee.jpg\" alt=\"\" class=\"wp-image-1144\" srcset=\"https:\/\/pab-rpg.fr\/wp-content\/uploads\/2021\/02\/16-Tour-Mephala-transformee.jpg 564w, https:\/\/pab-rpg.fr\/wp-content\/uploads\/2021\/02\/16-Tour-Mephala-transformee-167x300.jpg 167w\" sizes=\"(max-width: 564px) 100vw, 564px\" \/><\/figure><\/div>\n\n\n<p>Le pr\u00eatre continue son op\u00e9ration de destruction sur les \u0153ufs \u00e0 l&#8217;entr\u00e9e de salle, mais il s&#8217;aper\u00e7oit qu&#8217;aux pieds du d\u00e9mon d&#8217;autres \u0153ufs semblent luminescent avec une pulsion au rythme cardiaque \u00e0 l&#8217;int\u00e9rieur, et c&#8217;est dans cette direction que Dobella se dirige. Mephala transform\u00e9e apparait encore plus puissante et bien plus rapide; elle utilise une de ses pattes et enfourche litt\u00e9ralement l&#8217;\u00e9l\u00e9mentaliste qui g\u00e9mit dans une douleur insoutenable, il se d\u00e9gage en reculant sachant qu&#8217;il ne pourra pas encaisser un deuxi\u00e8me assaut de ce genre. L&#8217;invocateur conjure une nu\u00e9e de dagues qui vont se planter dans la carapace de l&#8217;araign\u00e9e et quelques gouttes de sang noir perlent de ces entailles. Ce d\u00e9mon n&#8217;est pas invincible et Dobella sort son fouet pour neutraliser l&#8217;une de ses pattes. La corpulence de Mephala ne semble pas \u00eatre un handicap \u00e0 sa vitesse d&#8217;action et elle est la premi\u00e8re \u00e0 agir; elle fait appara\u00eetre un diable de poussi\u00e8re qui cr\u00e9\u00e9 un vortex autours de lui, \u00e9teignant toute source de lumi\u00e8re non magique. Les quatre PJs se retrouvent dans l&#8217;obscurit\u00e9 totale et les t\u00e9n\u00e8bres s&#8217;enfoncent dans leur corps en se sustentant de leur \u00e9nergie vitale. Chaque minute pass\u00e9e dans cet environnement alt\u00e8re le physique et le mental et le premier r\u00e9flexe serait la fuite, mais courageusement, ils font face. Le pr\u00eatre se dirige tant bien que mal vers les \u0153ufs gorg\u00e9s des \u00e2mes de ses pr\u00e9c\u00e9dentes victimes et commence \u00e0 les briser. L&#8217;\u00e9l\u00e9mentaliste cr\u00e9\u00e9 autours de lui une lumi\u00e8re continuelle qui lui accorde une tr\u00eave sur les d\u00e9g\u00e2ts incessants des t\u00e9n\u00e8bres. L&#8217;invocateur incante le sortil\u00e8ge rayon noir et le dirige sur Mephala, elle ressent l&#8217;affliction de ce sort n\u00e9cromantique ce qui l&#8217;interrompt un court moment. Mais l&#8217;instant d&#8217;apr\u00e8s elle perce la robe en tissus du magicien qui s&#8217;effondre inanim\u00e9. Au m\u00eame moment le paladin remonte avec le miroir et le positionne \u00e0 l&#8217;entr\u00e9e en utilisant la lumi\u00e8re du jour provenant de la fen\u00eatre, le faisceau lumineux donne du r\u00e9pits au groupe reconstitu\u00e9. Le combat semble se r\u00e9\u00e9quilibrer, et l&#8217;\u00e9l\u00e9mentaliste s&#8217;avance les mains ouvertes tendues vers la cr\u00e9ature et des flammes en jaillissent paralysant une de ses pattes. Le pr\u00eatre continue son \u0153uvre de destruction, sous les protestations de Dobella; &#8220;l&#8217;\u00e2me de mon p\u00e8re y est prisonni\u00e8re, ne casse pas ces \u0153ufs !&#8221;, mais c&#8217;est d\u00e9j\u00e0 trop tard. Mephala d\u00e9cide d&#8217;immobiliser le pr\u00eatre en lui lan\u00e7ant une toile d&#8217;araign\u00e9e. Le paladin avance et prot\u00e8ge l&#8217;\u00e9l\u00e9mentaliste juste \u00e0 temps avec son bouclier. Les \u00e9changes sont violents, et Mephala re\u00e7oit successivement des coups physiques et des sorts, mais \u00e7a vil\u00e9nie est d\u00e9moniaque et elle parvient \u00e0 briser le miroir avec un projectile, seul un mince rayon lumineux traverse \u00e0 pr\u00e9sent la pi\u00e8ce. L&#8217;\u00e9l\u00e9mentaliste mal en point s&#8217;effondre, puis c&#8217;est au tour du paladin tous deux terrass\u00e9s par la d\u00e9g\u00e9n\u00e9rescence caus\u00e9e par les t\u00e9n\u00e8bres. Le pr\u00eatre fait face vaillamment, et derri\u00e8re lui Dobella lance des coups de fouets d\u00e9sesp\u00e9r\u00e9s. Mephala est \u00e9galement largement entam\u00e9e, mais ses coups de pates sont d\u00e9vastateurs et seule Dobella parvient \u00e0 les esquiver. Quand le pr\u00eatre s&#8217;effondre, elle reste seule avec un soup\u00e7on de vie et aucun espoir de victoire, elle d\u00e9sesp\u00e8re d&#8217;avoir amener \u00e0 la mort ses compagnons d&#8217;aventures qui ont montr\u00e9 tant de compassion et de voir impuissante l&#8217;\u00e2me de son p\u00e8re s&#8217;\u00e9vaporer.&nbsp;<\/p>\n<p>Le groupe se r\u00e9veille au pied de la tour, comme apr\u00e8s un cauchemar de groupe, mais les stigmates de la bataille sont bien pr\u00e9sents. Les quatre sont&nbsp; faibles mais bien vivants, et au milieu Dobella, ou du moins une cr\u00e9ature ail\u00e9e qui lui ressemble. Elle s&#8217;adresse \u00e0 eux, paisiblement: \u00ab<em> Les amis, vous voil\u00e0 hors de danger, vous \u00eates au pied de la tour et un chemin direct vers la vall\u00e9e a \u00e9t\u00e9 ouvert pour vous \u00e9chapper. Il me reste encore quelques minutes pour \u00e9changer avec vous avant de me consacrer totalement \u00e0 ma d\u00e9votion pour Mephala. Mon sacrifice n\u2019est pas vain, tant que vous \u00eates vivants et encore plus forts apr\u00e8s cette exp\u00e9rience. Ne cherchez pas apr\u00e8s moi, ou d\u2019affronter Mephala, cela vous serait fatal. Partez vers Mliuej, vous y \u00eates attendus. \u00ab&nbsp;<\/em>Frustr\u00e9s mais vivants, le groupe quitte la tour vers la vall\u00e9e et Dobella s&#8217;\u00e9l\u00e8ve vers le sommet de la tour pour rejoindre son nouveau ma\u00eetre.&nbsp;<\/p>\n\n\n<figure class=\"wp-block-image size-large\"><img loading=\"lazy\" width=\"910\" height=\"1024\" src=\"http:\/\/pab-rpg.fr\/wp-content\/uploads\/2021\/02\/Dobella-Succube-Grand-910x1024.jpg\" alt=\"\" class=\"wp-image-1184\" srcset=\"https:\/\/pab-rpg.fr\/wp-content\/uploads\/2021\/02\/Dobella-Succube-Grand-910x1024.jpg 910w, https:\/\/pab-rpg.fr\/wp-content\/uploads\/2021\/02\/Dobella-Succube-Grand-267x300.jpg 267w, https:\/\/pab-rpg.fr\/wp-content\/uploads\/2021\/02\/Dobella-Succube-Grand-768x864.jpg 768w, https:\/\/pab-rpg.fr\/wp-content\/uploads\/2021\/02\/Dobella-Succube-Grand-1365x1536.jpg 1365w, https:\/\/pab-rpg.fr\/wp-content\/uploads\/2021\/02\/Dobella-Succube-Grand-1820x2048.jpg 1820w, https:\/\/pab-rpg.fr\/wp-content\/uploads\/2021\/02\/Dobella-Succube-Grand.jpg 1920w\" sizes=\"(max-width: 910px) 100vw, 910px\" \/><\/figure>\n\n\n\n<div class=\"wp-block-image\"><figure class=\"aligncenter size-large\"><img loading=\"lazy\" width=\"498\" height=\"101\" src=\"http:\/\/pab-rpg.fr\/wp-content\/uploads\/2021\/01\/images.png\" alt=\"\" class=\"wp-image-429\" srcset=\"https:\/\/pab-rpg.fr\/wp-content\/uploads\/2021\/01\/images.png 498w, https:\/\/pab-rpg.fr\/wp-content\/uploads\/2021\/01\/images-300x61.png 300w\" sizes=\"(max-width: 498px) 100vw, 498px\" \/><\/figure><\/div>\n","protected":false},"excerpt":{"rendered":"<p>Le pr\u00eatre ouvre prudemment la porte de l&#8217;antre de Mephala, et la torche de l&#8217;\u00e9l\u00e9mentaliste qui le suit, \u00e9claire faiblement comme si les rayons lumineux rechignaient \u00e0 s&#8217;aventurer dans cette pi\u00e8ce. Une silhouette imposante et immobile est \u00e0 peine perceptible dans le fond de la salle, pour le moment tout [&hellip;]<\/p>\n","protected":false},"author":1,"featured_media":0,"parent":0,"menu_order":0,"comment_status":"closed","ping_status":"closed","template":"","meta":[],"_links":{"self":[{"href":"https:\/\/pab-rpg.fr\/index.php\/wp-json\/wp\/v2\/pages\/1128"}],"collection":[{"href":"https:\/\/pab-rpg.fr\/index.php\/wp-json\/wp\/v2\/pages"}],"about":[{"href":"https:\/\/pab-rpg.fr\/index.php\/wp-json\/wp\/v2\/types\/page"}],"author":[{"embeddable":true,"href":"https:\/\/pab-rpg.fr\/index.php\/wp-json\/wp\/v2\/users\/1"}],"replies":[{"embeddable":true,"href":"https:\/\/pab-rpg.fr\/index.php\/wp-json\/wp\/v2\/comments?post=1128"}],"version-history":[{"count":30,"href":"https:\/\/pab-rpg.fr\/index.php\/wp-json\/wp\/v2\/pages\/1128\/revisions"}],"predecessor-version":[{"id":1186,"href":"https:\/\/pab-rpg.fr\/index.php\/wp-json\/wp\/v2\/pages\/1128\/revisions\/1186"}],"wp:attachment":[{"href":"https:\/\/pab-rpg.fr\/index.php\/wp-json\/wp\/v2\/media?parent=1128"}],"curies":[{"name":"wp","href":"https:\/\/api.w.org\/{rel}","templated":true}]}}