{"id":188,"date":"2018-02-17T12:42:10","date_gmt":"2018-02-17T11:42:10","guid":{"rendered":"http:\/\/192.168.1.35\/wordpress\/?page_id=188"},"modified":"2021-01-09T13:31:07","modified_gmt":"2021-01-09T12:31:07","slug":"crafting","status":"publish","type":"page","link":"https:\/\/pab-rpg.fr\/index.php\/aide-de-jeu\/crafting\/","title":{"rendered":"Crafting"},"content":{"rendered":"<h2>R\u00e9coltes et Crafting:<\/h2>\n<p>Les joueurs ont la possibilit\u00e9 de fabriquer tout leur \u00e9quipement, et pour ce faire il faut associer;<\/p>\n<ul>\n<li>Les mat\u00e9riaux et les composantes<\/li>\n<li>L&#8217;atelier adapt\u00e9<\/li>\n<li>L&#8217;artisan<\/li>\n<\/ul>\n<p>Les <strong>Mat\u00e9riaux<\/strong> peuvent \u00eatre r\u00e9colt\u00e9s en pleine nature ou bien dans l&#8217;antre des boss avec les comp\u00e9tences correspondantes. Ils pourront aussi \u00eatre retravaill\u00e9s (upgrade) pour gagner des niveaux magiques;<\/p>\n<ul>\n<li>Bois: {B\u00fbcheron} et menuiserie<\/li>\n<li>Fer: {Mineur} et fonderie<\/li>\n<li>Cuir: {Tanneur} et tannerie<\/li>\n<li>Coton: {Couturier} et tissage<\/li>\n<\/ul>\n<p>Les <strong>Composantes<\/strong> compl\u00e9mentaires sont essentiellement des organes de mobs r\u00e9cup\u00e9r\u00e9es par {D\u00e9pe\u00e7age}, elles seront utilis\u00e9es pour upgrade les niveaux magiques des mat\u00e9riaux, pour confectionner les potions\/parchemins et pour enchanter les objets magiques;<\/p>\n<ul>\n<li>C\u0153ur: upgrade bois<\/li>\n<li>Griffes\/Cornes: upgrade fer<\/li>\n<li>Carapace\/Ecailles: upgrade cuir<\/li>\n<li>Crini\u00e8re: upgrade tissus<\/li>\n<li>Sang: potions\/parchemins<\/li>\n<li>Yeux: enchantement objets magiques<\/li>\n<\/ul>\n<p>Le <strong>Upgrade<\/strong> d&#8217;un mat\u00e9riau au niveau magique Lv+1 se fait de la fa\u00e7on suivante;<\/p>\n<ul>\n<li>Atelier de Lv+1<\/li>\n<li>2*Mat\u00e9riaux de Lv<\/li>\n<li>Organe de Mob de niveau = 3*(Lv+1)<\/li>\n<li>Comp\u00e9tence: d20 + {skill} &gt; 10 + 3*(Lv+1)<\/li>\n<\/ul>\n<p>La <strong>Construction<\/strong> des b\u00e2timents et des ateliers est possible gr\u00e2ce aux diff\u00e9rents artisans et \u00e0 un contrema\u00eetre qui coordonne tous les m\u00e9tiers<\/p>\n<p>La <strong>Fabrication<\/strong> se r\u00e9partit en fonction des m\u00e9tiers;<\/p>\n<ul>\n<li>{Forgeron}: fabrique toutes les armes et toutes les armures m\u00e9talliques dans une Forge<\/li>\n<li>{Tanneur}: fabrique toutes les armures de cuir dans une Tannerie<\/li>\n<li>{Couturier}: fabrique toutes les armures en tissus dans un Atelier de tissage<\/li>\n<li>{Artisan}: fabrique tous les bijoux, des runes et petits objets magiques dans une Bijouterie<\/li>\n<li>{Ecriture de la Magie}: fabrique des parchemins dans une Biblioth\u00e8que<\/li>\n<li>{Alchimiste}: fabrique des potions et enchante les armes dans un Laboratoire d&#8217;alchimie<\/li>\n<\/ul>\n<p>&nbsp;<\/p>\n<h2>Jet de d\u00e9 et r\u00e9sultats:<\/h2>\n<ul>\n<li>Vous allez de nouveau vous en remettre \u00e0 votre&nbsp;<strong>D\u00e9 de 20<\/strong>:\n<ul>\n<li>Le &#8220;1&#8221; naturel: rat\u00e9 critique\n<ul>\n<li style=\"text-align: left;\">Pour la r\u00e9colte: fin d&#8217;utilisation du gisement<\/li>\n<li>Pour le Upgrade: perte de la composante<\/li>\n<li>Pour la construction et la fabrication: perte d&#8217;un seul mat\u00e9riau<\/li>\n<li>Pour Potion\/Parchemin\/Runes et Enchantement: perte de la composante<\/li>\n<\/ul>\n<\/li>\n<li>Le &#8220;20&#8221; naturel r\u00e9ussi critique\n<ul>\n<li style=\"text-align: left;\">Pour la r\u00e9colte: tous les stacks du gisement r\u00e9colt\u00e9s<\/li>\n<li>Pour le Upgrade: Composante non utilis\u00e9e<\/li>\n<li>Pour la construction et la fabrication: un mat\u00e9riau non utilis\u00e9<\/li>\n<li>Pour Potion\/Parchemin\/Runes et Enchantement: Composante non utilis\u00e9e<\/li>\n<\/ul>\n<\/li>\n<\/ul>\n<\/li>\n<\/ul>\n<p style=\"text-align: left; padding-left: 30px;\"><\/p>\n\n\n<div class=\"wp-block-image\"><figure class=\"aligncenter size-large\"><img loading=\"lazy\" width=\"498\" height=\"101\" src=\"http:\/\/pab-rpg.fr\/wp-content\/uploads\/2021\/01\/images.png\" alt=\"\" class=\"wp-image-429\" srcset=\"https:\/\/pab-rpg.fr\/wp-content\/uploads\/2021\/01\/images.png 498w, https:\/\/pab-rpg.fr\/wp-content\/uploads\/2021\/01\/images-300x61.png 300w\" sizes=\"(max-width: 498px) 100vw, 498px\" \/><\/figure><\/div>\n","protected":false},"excerpt":{"rendered":"<p>R\u00e9coltes et Crafting: Les joueurs ont la possibilit\u00e9 de fabriquer tout leur \u00e9quipement, et pour ce faire il faut associer; Les mat\u00e9riaux et les composantes L&#8217;atelier adapt\u00e9 L&#8217;artisan Les Mat\u00e9riaux peuvent \u00eatre r\u00e9colt\u00e9s en pleine nature ou bien dans l&#8217;antre des boss avec les comp\u00e9tences correspondantes. Ils pourront aussi \u00eatre [&hellip;]<\/p>\n","protected":false},"author":2,"featured_media":202,"parent":62,"menu_order":0,"comment_status":"closed","ping_status":"closed","template":"page-templates\/template-fullwidth.php","meta":[],"_links":{"self":[{"href":"https:\/\/pab-rpg.fr\/index.php\/wp-json\/wp\/v2\/pages\/188"}],"collection":[{"href":"https:\/\/pab-rpg.fr\/index.php\/wp-json\/wp\/v2\/pages"}],"about":[{"href":"https:\/\/pab-rpg.fr\/index.php\/wp-json\/wp\/v2\/types\/page"}],"author":[{"embeddable":true,"href":"https:\/\/pab-rpg.fr\/index.php\/wp-json\/wp\/v2\/users\/2"}],"replies":[{"embeddable":true,"href":"https:\/\/pab-rpg.fr\/index.php\/wp-json\/wp\/v2\/comments?post=188"}],"version-history":[{"count":1,"href":"https:\/\/pab-rpg.fr\/index.php\/wp-json\/wp\/v2\/pages\/188\/revisions"}],"predecessor-version":[{"id":810,"href":"https:\/\/pab-rpg.fr\/index.php\/wp-json\/wp\/v2\/pages\/188\/revisions\/810"}],"up":[{"embeddable":true,"href":"https:\/\/pab-rpg.fr\/index.php\/wp-json\/wp\/v2\/pages\/62"}],"wp:featuredmedia":[{"embeddable":true,"href":"https:\/\/pab-rpg.fr\/index.php\/wp-json\/wp\/v2\/media\/202"}],"wp:attachment":[{"href":"https:\/\/pab-rpg.fr\/index.php\/wp-json\/wp\/v2\/media?parent=188"}],"curies":[{"name":"wp","href":"https:\/\/api.w.org\/{rel}","templated":true}]}}