{"id":218,"date":"2018-02-20T22:23:07","date_gmt":"2018-02-20T21:23:07","guid":{"rendered":"http:\/\/192.168.1.35\/wordpress\/?page_id=218"},"modified":"2021-01-03T12:10:20","modified_gmt":"2021-01-03T11:10:20","slug":"divinites-nordiques","status":"publish","type":"page","link":"https:\/\/pab-rpg.fr\/index.php\/le-monde\/divinites-nordiques\/","title":{"rendered":"Divinit\u00e9s Nordiques"},"content":{"rendered":"<p><span style=\"font-family: Century Gothic;\">L&#8217;ensemble des pays et ethnies o\u00f9 a \u00e9t\u00e9 pratiqu\u00e9e une langue scandinave est consid\u00e9r\u00e9 dans le Royaume du Nord &#8211; (actuellement Danemark &#8211; Islande &#8211; Norv\u00e8ge &#8211; Su\u00e8de).\u00a0 L&#8217;Empire Nordique \u00e9tend son influence plus au sud (France &#8211; Suisse &#8211; Autriche &#8211; Italie et Allemagne).<\/span><span><\/span><\/p>\n<p><span style=\"font-family: Century Gothic;\">Ce magnifique royaume, constitu\u00e9 de nombreuses races, est anim\u00e9 par la culture Viking. Arm\u00e9e d&#8217;un savoir faire commercial la population grandit rapidement. La famille est une des valeurs principales du Viking, c&#8217;est aussi le seul monde des femmes.\u00a0<\/span><\/p>\n<p><span style=\"font-family: Century Gothic;\">L&#8217;univers religieux des anciens Scandinaves est double, il baigne dans la magie, et ne se limite pas \u00e0 la polarit\u00e9 enfer et paradis. Issu de deus mondes oppos\u00e9s &#8211; glace et feu, la mythologie nordique nait d&#8217;une vache nomm\u00e9e Adhumbla. Ses fils Odin &#8211; Vili et Ve tuent le g\u00e9ant Ymir et cr\u00e9ent de ses entrailles la maison des Dieux &#8211; Asgard sur le Plan Gladsheim.<\/span><span style=\"font-family: Century Gothic;\">\u00a0<\/span><\/p>\n<p><img loading=\"lazy\" src=\"http:\/\/pab-rpg.fr\/wp-content\/uploads\/2021\/01\/images-300x61.png\" alt=\"\" width=\"300\" height=\"61\" class=\"size-medium wp-image-429 aligncenter\" srcset=\"https:\/\/pab-rpg.fr\/wp-content\/uploads\/2021\/01\/images-300x61.png 300w, https:\/\/pab-rpg.fr\/wp-content\/uploads\/2021\/01\/images.png 498w\" sizes=\"(max-width: 300px) 100vw, 300px\" \/><\/p>\n<p><span><img loading=\"lazy\" src=\"http:\/\/pab-rpg.fr\/wp-content\/uploads\/2021\/01\/Divinite-fantasy-300x191.jpg\" alt=\"\" width=\"300\" height=\"191\" class=\"size-medium wp-image-415 aligncenter\" srcset=\"https:\/\/pab-rpg.fr\/wp-content\/uploads\/2021\/01\/Divinite-fantasy-300x191.jpg 300w, https:\/\/pab-rpg.fr\/wp-content\/uploads\/2021\/01\/Divinite-fantasy-1024x651.jpg 1024w, https:\/\/pab-rpg.fr\/wp-content\/uploads\/2021\/01\/Divinite-fantasy-768x488.jpg 768w, https:\/\/pab-rpg.fr\/wp-content\/uploads\/2021\/01\/Divinite-fantasy.jpg 1280w\" sizes=\"(max-width: 300px) 100vw, 300px\" \/><\/span><\/p>\n<p style=\"text-align: center;\"><span style=\"color: #000000;\"><strong>ODIN<\/strong>: <\/span><span><span style=\"color: #000000;\">Greater God (Sp\u00e8re Savoir\/Guerre) \u21d2 Tue le g\u00e9ant Ymer<\/span><\/span><\/p>\n<p>1\u00e8re \u00e9pouse: <strong>GUNNLOD<\/strong>: Giant <span><span style=\"color: #000000;\">\u21d2 Gardienne de l&#8217;hydromel po\u00e9tique<\/span><\/span><\/p>\n<ul>\n<li>fils: <strong>BRAGI<\/strong>: Intermediate God (Sph\u00e8re Chant\/Barde) \u21d2 N\u00e9 dans une grotte et en sort sur un bateau de nain<\/li>\n<li>\u00e9pouse: <strong>IDUN<\/strong>:\u00a0Intermediate God (Sph\u00e8re Jeunesse\/Fertilit\u00e9) \u21d2 Enlev\u00e9e par Loki, contraint par le g\u00e9ant Thjazi<\/li>\n<\/ul>\n<p>2\u00e8me \u00e9pouse: <strong>FRIGGA<\/strong>: Intermediate God (Sph\u00e8re Nuage\/Ciel\/Fertilit\u00e9) \u21d2 D\u00e9esse m\u00e8re &#8211; prot\u00e8ge Baldur contre tout sauf le gui<\/p>\n<ul>\n<li>1er fils: <strong>THOR<\/strong>: Intermediate God (Sph\u00e8re Climat\/Guerrier) \u21d2 Affronte les G\u00e9ants<\/li>\n<li>\u00e9pouse: <strong>SIF<\/strong>: Intermediate God (Sph\u00e8re Champ\/Fertilit\u00e9) \u21d2 Ses cheveux son coup\u00e9s par Loki<\/li>\n<li>2\u00e8me fils: <strong>BALDUR<\/strong>: Intermediate God (Sph\u00e8re Beaut\u00e9\/Charisme) \u21d2 Son domaine est Breidablik, qui est dans les cieux, dans une contr\u00e9e d&#8217;o\u00f9 le mal est banni<\/li>\n<li>3\u00e8me fils: <strong>HODR<\/strong>: Intermediate God (Sph\u00e8re Hiver\/T\u00e9n\u00e8bres) \u21d2 assassin de son fr\u00e8re Baldr, \u00e0 cause d&#8217;une ruse de Loki<\/li>\n<li>4\u00e8me fils: <strong>HERMORDR<\/strong>: H\u00e9ro <span>(Sph\u00e8re messager)<\/span> \u21d2<span> Se porte volontaire pour voyager jusqu&#8217;au monde des morts Hel,<\/span><span>\u00a0afin de n\u00e9gocier la lib\u00e9ration de son fr\u00e8re<\/span><\/li>\n<\/ul>\n<p>9 s\u0153urs: Giant<\/p>\n<ul>\n<li>fils: <strong>HEIMDALL<\/strong>: Intermediate God (Pilier du monde) \u21d2 Gardien du pont Bifrost entre Midgard et Asgard<\/li>\n<\/ul>\n<p><img loading=\"lazy\" src=\"http:\/\/pab-rpg.fr\/wp-content\/uploads\/2021\/01\/images-300x61.png\" alt=\"\" width=\"300\" height=\"61\" class=\"alignnone size-medium wp-image-429 aligncenter\" srcset=\"https:\/\/pab-rpg.fr\/wp-content\/uploads\/2021\/01\/images-300x61.png 300w, https:\/\/pab-rpg.fr\/wp-content\/uploads\/2021\/01\/images.png 498w\" sizes=\"(max-width: 300px) 100vw, 300px\" \/><\/p>\n<p><img loading=\"lazy\" src=\"http:\/\/pab-rpg.fr\/wp-content\/uploads\/2021\/01\/Loki-300x253.jpg\" alt=\"\" width=\"300\" height=\"253\" class=\"alignnone size-medium wp-image-430 aligncenter\" srcset=\"https:\/\/pab-rpg.fr\/wp-content\/uploads\/2021\/01\/Loki-300x253.jpg 300w, https:\/\/pab-rpg.fr\/wp-content\/uploads\/2021\/01\/Loki.jpg 499w\" sizes=\"(max-width: 300px) 100vw, 300px\" \/><\/p>\n<p style=\"text-align: center;\"><span style=\"color: #000000;\"><strong>LOKI<\/strong>: <\/span><span><span style=\"color: #000000;\"><span style=\"color: #000000;\">God (Sph\u00e8re Chaos\/Ambigu\u00eft\u00e9) \u21d2 Cause les pires m\u00e9faits aux Dieux Ase<\/span><\/span><\/span><\/p>\n<p style=\"text-align: left;\">\u00e9pouse: <strong>ANGRBODA<\/strong>: Giant (Sph\u00e8re Chagrin)<\/p>\n<ul>\n<li>fille: <strong>HEL<\/strong>: God (Sph\u00e8re Mort) \u21d2 R<span>\u00e8gne sur les neuf mondes, d&#8217;o\u00f9 arrivent tous ceux qui ne sont pas morts au combat<\/span><\/li>\n<li>cr\u00e9ature: <strong>FENRIR<\/strong>: Giant Wolf (Sph\u00e8re Marais) \u21d2 I<span>l avale Odin pendant <\/span><span>la bataille proph\u00e9tique du Ragnar\u00f6k<\/span><\/li>\n<li>cr\u00e9ature: <strong>JORMUNGAND<\/strong>: Giant Snake (Sph\u00e8re Raz de mar\u00e9e) \u21d2 Affronte Thor et l&#8217;empoisonne avant de succomber<\/li>\n<\/ul>\n<p><img loading=\"lazy\" src=\"http:\/\/pab-rpg.fr\/wp-content\/uploads\/2021\/01\/images-300x61.png\" alt=\"\" width=\"300\" height=\"61\" class=\"alignnone size-medium wp-image-429 aligncenter\" srcset=\"https:\/\/pab-rpg.fr\/wp-content\/uploads\/2021\/01\/images-300x61.png 300w, https:\/\/pab-rpg.fr\/wp-content\/uploads\/2021\/01\/images.png 498w\" sizes=\"(max-width: 300px) 100vw, 300px\" \/><\/p>\n<p style=\"text-align: center;\"><img loading=\"lazy\" src=\"http:\/\/pab-rpg.fr\/wp-content\/uploads\/2021\/01\/Aegir-300x187.jpg\" alt=\"\" width=\"300\" height=\"187\" class=\"size-medium wp-image-423 aligncenter\" srcset=\"https:\/\/pab-rpg.fr\/wp-content\/uploads\/2021\/01\/Aegir-300x187.jpg 300w, https:\/\/pab-rpg.fr\/wp-content\/uploads\/2021\/01\/Aegir-768x479.jpg 768w, https:\/\/pab-rpg.fr\/wp-content\/uploads\/2021\/01\/Aegir.jpg 777w\" sizes=\"(max-width: 300px) 100vw, 300px\" \/><span style=\"color: #000000;\"><strong>AEGIR<\/strong>: <\/span><span><span style=\"color: #000000;\">Giant \u21d2 Personnification de l&#8217;Oc\u00e9an, bienveillant mais le plus souvent mal\u00e9fique<\/span><\/span><\/p>\n<p style=\"text-align: left;\">\u00e9pouse: <strong>RAN<\/strong>: Giant<\/p>\n<ul>\n<li style=\"text-align: left;\">9 filles: Vagues<\/li>\n<\/ul>\n<p><img loading=\"lazy\" src=\"http:\/\/pab-rpg.fr\/wp-content\/uploads\/2021\/01\/images-300x61.png\" alt=\"\" width=\"300\" height=\"61\" class=\"alignnone size-medium wp-image-429 aligncenter\" srcset=\"https:\/\/pab-rpg.fr\/wp-content\/uploads\/2021\/01\/images-300x61.png 300w, https:\/\/pab-rpg.fr\/wp-content\/uploads\/2021\/01\/images.png 498w\" sizes=\"(max-width: 300px) 100vw, 300px\" \/><img loading=\"lazy\" src=\"http:\/\/pab-rpg.fr\/wp-content\/uploads\/2021\/01\/Njord-278x300.jpg\" alt=\"\" width=\"278\" height=\"300\" class=\"size-medium wp-image-433 aligncenter\" srcset=\"https:\/\/pab-rpg.fr\/wp-content\/uploads\/2021\/01\/Njord-278x300.jpg 278w, https:\/\/pab-rpg.fr\/wp-content\/uploads\/2021\/01\/Njord-768x829.jpg 768w, https:\/\/pab-rpg.fr\/wp-content\/uploads\/2021\/01\/Njord.jpg 917w\" sizes=\"(max-width: 278px) 100vw, 278px\" \/><\/p>\n<p style=\"text-align: center;\"><span style=\"color: #000000;\"><strong>NJORD<\/strong>: <\/span><span><span style=\"color: #000000;\">Lesser God (Sph\u00e8re Mer\/Vent\/Famille) \u21d2 Sa r\u00e9sidence Noatun est lieu de construction des bateaux<\/span><\/span><\/p>\n<p style=\"text-align: left;\">\u00e9pouse: <strong>SKADI<\/strong>: Giant (Sph\u00e8re Montagne\/Chasse\/Arc) <span><span style=\"color: #000000;\">\u21d2 S&#8217;oppose \u00e0 Loki apr\u00e8s la mort de Baldur<\/span><\/span><\/p>\n<ul>\n<li>fils: <strong>FREY<\/strong>: Intermediate God (Sph\u00e8re F\u00e9condit\u00e9\/Soleil) \u21d2 Sa puissance virile donne la vie \u00e0 toute v\u00e9g\u00e9tation<\/li>\n<li>\u00e9pouse <strong>GERDA<\/strong>: Giant (Sph\u00e8re Terre)<\/li>\n<li>fille: <strong>FREYA<\/strong>: Intermediate God (Sph\u00e8re Amour\/Beaut\u00e9) \u21d2 Pleure des larmes d&#8217;or en l&#8217;absence de son mari<\/li>\n<li>\u00e9poux <strong>ODR<\/strong>: (Sph\u00e8re Voyage)<\/li>\n<\/ul>\n<p><img loading=\"lazy\" src=\"http:\/\/pab-rpg.fr\/wp-content\/uploads\/2021\/01\/images-300x61.png\" alt=\"\" width=\"300\" height=\"61\" class=\"alignnone size-medium wp-image-429 aligncenter\" srcset=\"https:\/\/pab-rpg.fr\/wp-content\/uploads\/2021\/01\/images-300x61.png 300w, https:\/\/pab-rpg.fr\/wp-content\/uploads\/2021\/01\/images.png 498w\" sizes=\"(max-width: 300px) 100vw, 300px\" \/><\/p>\n<p><img loading=\"lazy\" src=\"http:\/\/pab-rpg.fr\/wp-content\/uploads\/2021\/01\/Tyr-262x300.jpg\" alt=\"\" width=\"262\" height=\"300\" class=\"size-medium wp-image-434 aligncenter\" srcset=\"https:\/\/pab-rpg.fr\/wp-content\/uploads\/2021\/01\/Tyr-262x300.jpg 262w, https:\/\/pab-rpg.fr\/wp-content\/uploads\/2021\/01\/Tyr.jpg 457w\" sizes=\"(max-width: 262px) 100vw, 262px\" \/><\/p>\n<p><span style=\"color: #000000;\"><strong>TYR<\/strong>: <\/span><span><span style=\"color: #000000;\">God (Sph\u00e8re Ciel\/Justice\/Guerre) \u21d2 Sacrifie l&#8217;une de ses mains pour emprisonner le loup Fenrir<\/span><\/span><\/p>\n<p style=\"text-align: left;\"><img loading=\"lazy\" src=\"http:\/\/pab-rpg.fr\/wp-content\/uploads\/2021\/01\/images-300x61.png\" alt=\"\" width=\"300\" height=\"61\" class=\"alignnone size-medium wp-image-429 aligncenter\" srcset=\"https:\/\/pab-rpg.fr\/wp-content\/uploads\/2021\/01\/images-300x61.png 300w, https:\/\/pab-rpg.fr\/wp-content\/uploads\/2021\/01\/images.png 498w\" sizes=\"(max-width: 300px) 100vw, 300px\" \/><img loading=\"lazy\" src=\"http:\/\/pab-rpg.fr\/wp-content\/uploads\/2021\/01\/Nornes-300x161.jpg\" alt=\"\" width=\"300\" height=\"161\" class=\"size-medium wp-image-436 aligncenter\" srcset=\"https:\/\/pab-rpg.fr\/wp-content\/uploads\/2021\/01\/Nornes-300x161.jpg 300w, https:\/\/pab-rpg.fr\/wp-content\/uploads\/2021\/01\/Nornes.jpg 400w\" sizes=\"(max-width: 300px) 100vw, 300px\" \/><\/p>\n<p style=\"text-align: left;\"><span style=\"color: #000000;\"><strong>NORNES<\/strong>: <\/span><span><span style=\"color: #000000;\">God (Sph\u00e8re Destin) \u21d2 Les 3 Nornes Urd, Verdandi et Skul d\u00e9cident de la Destin\u00e9e de tous, non seulement des hommes mais aussi des Dieux, des G\u00e9ants et des Nains. Elles connaissent le destin de chacun et nul ne peut s&#8217;y soustraire<\/span><\/span><\/p>\n<p style=\"text-align: left;\"><img loading=\"lazy\" src=\"http:\/\/pab-rpg.fr\/wp-content\/uploads\/2021\/01\/images-300x61.png\" alt=\"\" width=\"300\" height=\"61\" class=\"alignnone size-medium wp-image-429 aligncenter\" srcset=\"https:\/\/pab-rpg.fr\/wp-content\/uploads\/2021\/01\/images-300x61.png 300w, https:\/\/pab-rpg.fr\/wp-content\/uploads\/2021\/01\/images.png 498w\" sizes=\"(max-width: 300px) 100vw, 300px\" \/><img loading=\"lazy\" src=\"http:\/\/pab-rpg.fr\/wp-content\/uploads\/2021\/01\/Valkyries-300x169.jpg\" alt=\"\" width=\"300\" height=\"169\" class=\"size-medium wp-image-440 aligncenter\" srcset=\"https:\/\/pab-rpg.fr\/wp-content\/uploads\/2021\/01\/Valkyries-300x169.jpg 300w, https:\/\/pab-rpg.fr\/wp-content\/uploads\/2021\/01\/Valkyries-1024x576.jpg 1024w, https:\/\/pab-rpg.fr\/wp-content\/uploads\/2021\/01\/Valkyries-768x432.jpg 768w, https:\/\/pab-rpg.fr\/wp-content\/uploads\/2021\/01\/Valkyries-1536x864.jpg 1536w, https:\/\/pab-rpg.fr\/wp-content\/uploads\/2021\/01\/Valkyries.jpg 1920w\" sizes=\"(max-width: 300px) 100vw, 300px\" \/><\/p>\n<p style=\"text-align: left;\"><span style=\"color: #000000;\"><strong>VALKYRIES<\/strong>: Lesser <\/span><span><span style=\"color: #000000;\">God (Sph\u00e8re Paradis) \u21d2 Vierges guerri\u00e8res et servantes d&#8217;Odin, les valkyries conduisent les guerriers morts au combat au Valhalla<\/span><\/span><\/p>\n<p style=\"text-align: left;\"><a href=\"http:\/\/pab-rpg.fr\/index.php\/le-monde\/valkyries\/\"><img loading=\"lazy\" src=\"http:\/\/pab-rpg.fr\/wp-content\/uploads\/2021\/01\/download-150x150.jpg\" alt=\"\" width=\"56\" height=\"56\" class=\"wp-image-441  alignleft\" srcset=\"https:\/\/pab-rpg.fr\/wp-content\/uploads\/2021\/01\/download-150x150.jpg 150w, https:\/\/pab-rpg.fr\/wp-content\/uploads\/2021\/01\/download.jpg 225w\" sizes=\"(max-width: 56px) 100vw, 56px\" \/><\/a><span style=\"color: #ff00ff;\"><em><\/em><\/span><\/p>\n<p style=\"text-align: left;\"><span style=\"color: #ff00ff;\"><em>Organisation et Grades des Valkyries<\/em><\/span><\/p>\n<p><img loading=\"lazy\" src=\"http:\/\/pab-rpg.fr\/wp-content\/uploads\/2021\/01\/images-300x61.png\" alt=\"\" width=\"300\" height=\"61\" class=\"size-medium wp-image-429 aligncenter\" srcset=\"https:\/\/pab-rpg.fr\/wp-content\/uploads\/2021\/01\/images-300x61.png 300w, https:\/\/pab-rpg.fr\/wp-content\/uploads\/2021\/01\/images.png 498w\" sizes=\"(max-width: 300px) 100vw, 300px\" \/><\/p>\n<p><img loading=\"lazy\" src=\"http:\/\/pab-rpg.fr\/wp-content\/uploads\/2021\/01\/Ragnarok-212x300.jpg\" alt=\"\" width=\"345\" height=\"488\" class=\" wp-image-444 aligncenter\" srcset=\"https:\/\/pab-rpg.fr\/wp-content\/uploads\/2021\/01\/Ragnarok-212x300.jpg 212w, https:\/\/pab-rpg.fr\/wp-content\/uploads\/2021\/01\/Ragnarok-724x1024.jpg 724w, https:\/\/pab-rpg.fr\/wp-content\/uploads\/2021\/01\/Ragnarok-768x1086.jpg 768w, https:\/\/pab-rpg.fr\/wp-content\/uploads\/2021\/01\/Ragnarok-1086x1536.jpg 1086w, https:\/\/pab-rpg.fr\/wp-content\/uploads\/2021\/01\/Ragnarok.jpg 1200w\" sizes=\"(max-width: 345px) 100vw, 345px\" \/><\/p>\n<p style=\"text-align: center;\">Le\u00a0<b>RAGNAROK <\/b>est le Cr\u00e9puscule des Puissances o\u00f9 le monde actuel s&#8217;effondre pour donner naissance \u00e0 un monde nouveau<\/p>\n<p style=\"text-align: left;\">Apr\u00e8s un Grand hiver (Fimbulvet) de trois ans sans un seul \u00e9t\u00e9 qui am\u00e8ne avec lui les glaces, la neige et le vent glacial, les guerres s&#8217;engagent entre les Dieux et les G\u00e9ants de la glace sur le champ de bataille nomm\u00e9 Vigrid. Au c\u00f4t\u00e9 d&#8217;Odin se dressent tous les Einherjars r\u00e9sidant au Valhalla et, leur faisant face, Loki m\u00e8ne les G\u00e9ants avec les &#8220;morts indignes&#8221; de Hel et ses fils Fenrir et Jormungandr l&#8217;accompagnent. Odin sait que cette guerre est perdue d&#8217;avance mais l&#8217;Univers y survivra, ce qui est le principal. Une fois le Dieu Odin tu\u00e9 par Fenrir, Thor par Jormungandr et les autres Dieux s&#8217;entretuant avec les G\u00e9ants, un nouveau monde devra &#8220;ressurgir de l&#8217;eau, frais et vert&#8221;. Deux humains, Lif et Lifthrasir trouveront refuge avant la bataille dans l&#8217;arbre d&#8217;Yggdrasil et pourront ensuite repeupler la terre. De plus les dieux Vidar, Vali, Hoenir, Modi, Magni et Balder survivront au d\u00e9sastre, certains revenant du royaume des morts. Lors de la fin du monde, les morts monteront \u00e0 l&#8217;assaut du royaume des dieux, avec l&#8217;aide des enfants de Loki.<br \/>\n&#8211; Fenrir, le loup g\u00e9ant, se lib\u00e8re de ses liens et ses fils mangeront le soleil et la lune,<br \/>\n&#8211; Jormungand le serpent de mer sort des eaux.<br \/>\n&#8211; Hel, d\u00e9esse des morts, m\u00e8ne les arm\u00e9es.<\/p>\n<p><img loading=\"lazy\" src=\"http:\/\/pab-rpg.fr\/wp-content\/uploads\/2021\/01\/images-300x61.png\" alt=\"\" width=\"300\" height=\"61\" class=\"alignnone size-medium wp-image-429 aligncenter\" srcset=\"https:\/\/pab-rpg.fr\/wp-content\/uploads\/2021\/01\/images-300x61.png 300w, https:\/\/pab-rpg.fr\/wp-content\/uploads\/2021\/01\/images.png 498w\" sizes=\"(max-width: 300px) 100vw, 300px\" \/><\/p>\n<p style=\"text-align: left;\"><img loading=\"lazy\" src=\"http:\/\/192.168.1.35\/wordpress\/wp-content\/uploads\/2018\/02\/Divinit\u00e9s-Nordiques-d\u00e9tail-259x300.jpg\" alt=\"\" width=\"259\" height=\"300\" class=\"size-medium wp-image-223 aligncenter\" \/><\/p>\n","protected":false},"excerpt":{"rendered":"<p>L&#8217;ensemble des pays et ethnies o\u00f9 a \u00e9t\u00e9 pratiqu\u00e9e une langue scandinave est consid\u00e9r\u00e9 dans le Royaume du Nord &#8211; (actuellement Danemark &#8211; Islande &#8211; Norv\u00e8ge &#8211; Su\u00e8de).\u00a0 L&#8217;Empire Nordique \u00e9tend son influence plus au sud (France &#8211; Suisse &#8211; Autriche &#8211; Italie et Allemagne). Ce magnifique royaume, constitu\u00e9 de [&hellip;]<\/p>\n","protected":false},"author":2,"featured_media":219,"parent":207,"menu_order":0,"comment_status":"closed","ping_status":"closed","template":"page-templates\/template-fullwidth.php","meta":[],"_links":{"self":[{"href":"https:\/\/pab-rpg.fr\/index.php\/wp-json\/wp\/v2\/pages\/218"}],"collection":[{"href":"https:\/\/pab-rpg.fr\/index.php\/wp-json\/wp\/v2\/pages"}],"about":[{"href":"https:\/\/pab-rpg.fr\/index.php\/wp-json\/wp\/v2\/types\/page"}],"author":[{"embeddable":true,"href":"https:\/\/pab-rpg.fr\/index.php\/wp-json\/wp\/v2\/users\/2"}],"replies":[{"embeddable":true,"href":"https:\/\/pab-rpg.fr\/index.php\/wp-json\/wp\/v2\/comments?post=218"}],"version-history":[{"count":14,"href":"https:\/\/pab-rpg.fr\/index.php\/wp-json\/wp\/v2\/pages\/218\/revisions"}],"predecessor-version":[{"id":448,"href":"https:\/\/pab-rpg.fr\/index.php\/wp-json\/wp\/v2\/pages\/218\/revisions\/448"}],"up":[{"embeddable":true,"href":"https:\/\/pab-rpg.fr\/index.php\/wp-json\/wp\/v2\/pages\/207"}],"wp:featuredmedia":[{"embeddable":true,"href":"https:\/\/pab-rpg.fr\/index.php\/wp-json\/wp\/v2\/media\/219"}],"wp:attachment":[{"href":"https:\/\/pab-rpg.fr\/index.php\/wp-json\/wp\/v2\/media?parent=218"}],"curies":[{"name":"wp","href":"https:\/\/api.w.org\/{rel}","templated":true}]}}