{"id":228,"date":"2018-02-20T23:35:55","date_gmt":"2018-02-20T22:35:55","guid":{"rendered":"http:\/\/192.168.1.35\/wordpress\/?page_id=228"},"modified":"2018-02-20T23:35:55","modified_gmt":"2018-02-20T22:35:55","slug":"valkyries","status":"publish","type":"page","link":"https:\/\/pab-rpg.fr\/index.php\/le-monde\/valkyries\/","title":{"rendered":"Valkyries"},"content":{"rendered":"<h1><strong>Grades Valkyries et Destins<\/strong><\/h1>\n<p><strong>B\u00e2tisseuse<\/strong>: (Industrie &#8211; G\u00e9nie Civil)<\/p>\n<ul>\n<li>G\u00e8rent tous les crafting avec les ressources rapport\u00e9es par les missionnaires<\/li>\n<li>Construisent les fortification &#8211; routes &#8211; Embarcations<\/li>\n<li>Troupes Hommes-Esclaves (paysans et vagabonds)<\/li>\n<\/ul>\n<p><strong>Missionnaires<\/strong>: (\u00e9conomie)<\/p>\n<ul>\n<li>Distribue les aides \u00e0 la population (f\u00e9minine)<\/li>\n<li>R\u00e9cup\u00e8re les ressources<\/li>\n<li>Troupes Hommes-\u00e0 1 main (commer\u00e7ants)<\/li>\n<\/ul>\n<p><strong>Pr\u00eatresses<\/strong>: (Education &#8211; Sant\u00e9)<\/p>\n<ul>\n<li>Enseigne le culte Valkyrie<\/li>\n<li>Soigne la population<\/li>\n<li>Troupes Homme-Eunuques (\u00e9rudits et artistes)<\/li>\n<\/ul>\n<p><strong>Justici\u00e8res<\/strong>: (Lois &#8211; Esclavage)<\/p>\n<ul>\n<li>Fixe les lois et g\u00e8rent les tribunaux<\/li>\n<li>Enr\u00f4le les hommes pour l&#8217;esclavage<\/li>\n<li>Troupes Hommes-Condamn\u00e9s (d\u00e9linquants)<\/li>\n<\/ul>\n<p><strong>Gardiennes<\/strong>: (S\u00e9curit\u00e9 &#8211; Formation)<\/p>\n<ul>\n<li>Police sur le continent<\/li>\n<li>Forment et orientent les hommes vers leur destin<\/li>\n<li>Troupes Jeunes Valkyries en formation<\/li>\n<\/ul>\n<p><strong>Valkyries Militaires<\/strong><\/p>\n<ul>\n<li>Diplomates<\/li>\n<li>Marine<\/li>\n<li>Terrestre<\/li>\n<li>Engin de guerre<\/li>\n<li>Elite<\/li>\n<li>Tr\u00e9sor<\/li>\n<\/ul>\n","protected":false},"excerpt":{"rendered":"<p>Grades Valkyries et Destins B\u00e2tisseuse: (Industrie &#8211; G\u00e9nie Civil) G\u00e8rent tous les crafting avec les ressources rapport\u00e9es par les missionnaires Construisent les fortification &#8211; routes &#8211; Embarcations Troupes Hommes-Esclaves (paysans et vagabonds) Missionnaires: (\u00e9conomie) Distribue les aides \u00e0 la population (f\u00e9minine) R\u00e9cup\u00e8re les ressources Troupes Hommes-\u00e0 1 main (commer\u00e7ants) Pr\u00eatresses: [&hellip;]<\/p>\n","protected":false},"author":2,"featured_media":230,"parent":207,"menu_order":0,"comment_status":"closed","ping_status":"closed","template":"page-templates\/template-fullwidth.php","meta":[],"_links":{"self":[{"href":"https:\/\/pab-rpg.fr\/index.php\/wp-json\/wp\/v2\/pages\/228"}],"collection":[{"href":"https:\/\/pab-rpg.fr\/index.php\/wp-json\/wp\/v2\/pages"}],"about":[{"href":"https:\/\/pab-rpg.fr\/index.php\/wp-json\/wp\/v2\/types\/page"}],"author":[{"embeddable":true,"href":"https:\/\/pab-rpg.fr\/index.php\/wp-json\/wp\/v2\/users\/2"}],"replies":[{"embeddable":true,"href":"https:\/\/pab-rpg.fr\/index.php\/wp-json\/wp\/v2\/comments?post=228"}],"version-history":[{"count":0,"href":"https:\/\/pab-rpg.fr\/index.php\/wp-json\/wp\/v2\/pages\/228\/revisions"}],"up":[{"embeddable":true,"href":"https:\/\/pab-rpg.fr\/index.php\/wp-json\/wp\/v2\/pages\/207"}],"wp:featuredmedia":[{"embeddable":true,"href":"https:\/\/pab-rpg.fr\/index.php\/wp-json\/wp\/v2\/media\/230"}],"wp:attachment":[{"href":"https:\/\/pab-rpg.fr\/index.php\/wp-json\/wp\/v2\/media?parent=228"}],"curies":[{"name":"wp","href":"https:\/\/api.w.org\/{rel}","templated":true}]}}