{"id":233,"date":"2018-02-25T15:26:38","date_gmt":"2018-02-25T14:26:38","guid":{"rendered":"http:\/\/192.168.1.35\/wordpress\/?page_id=233"},"modified":"2021-01-04T10:34:26","modified_gmt":"2021-01-04T09:34:26","slug":"map-principale","status":"publish","type":"page","link":"https:\/\/pab-rpg.fr\/index.php\/le-monde\/map-principale\/","title":{"rendered":"Royaume de Fangh"},"content":{"rendered":"\n<h2 id=\"wp-block-themeisle-blocks-advanced-heading-f49dfd4a\" class=\"wp-block-themeisle-blocks-advanced-heading wp-block-themeisle-blocks-advanced-heading-f49dfd4a\"><strong>L\u00e9gendes et Traditions<\/strong><\/h2>\n\n\n\n<p>D\u00e9limit\u00e9 par la Mer Sildraln\u00e9e au Sud Ouest et la Mer d&#8217;Embarh au Sud Est, le royaume de Fangh est enclav\u00e9 entre les Montagnes du Nord et les Monts de l&#8217;Est. Sur plus de 300km dans les deux sens, les rivi\u00e8res serpentent entre les collines et les for\u00eats, et arrosent les nombreux villages. <\/p>\n\n\n\n<div class=\"wp-block-group\"><div class=\"wp-block-group__inner-container\">\n<h1><img loading=\"lazy\" src=\"http:\/\/pab-rpg.fr\/wp-content\/uploads\/2021\/01\/Fangh-Map-Region-300x200.jpg\" alt=\"\" width=\"602\" height=\"402\" class=\"wp-image-473 aligncenter\" srcset=\"https:\/\/pab-rpg.fr\/wp-content\/uploads\/2021\/01\/Fangh-Map-Region-300x200.jpg 300w, https:\/\/pab-rpg.fr\/wp-content\/uploads\/2021\/01\/Fangh-Map-Region-1024x683.jpg 1024w, https:\/\/pab-rpg.fr\/wp-content\/uploads\/2021\/01\/Fangh-Map-Region-768x512.jpg 768w, https:\/\/pab-rpg.fr\/wp-content\/uploads\/2021\/01\/Fangh-Map-Region-1536x1024.jpg 1536w, https:\/\/pab-rpg.fr\/wp-content\/uploads\/2021\/01\/Fangh-Map-Region-2048x1365.jpg 2048w, https:\/\/pab-rpg.fr\/wp-content\/uploads\/2021\/01\/Fangh-Map-Region-360x240.jpg 360w\" sizes=\"(max-width: 602px) 100vw, 602px\" \/><\/h1>\n<\/div><\/div>\n\n\n\n<p>Les peuples sont regroup\u00e9s par race et par activit\u00e9, notamment mini\u00e8re et agricole. Mais les riches contr\u00e9es attirent les convoitisent, et des mers comme de la Syld\u00e9rie, des hordes se lancent \u00e0 la conqu\u00eate des provinces. Les hommes fortifient les villes, les elfs se r\u00e9fugient dans les for\u00eats et les nains s&#8217;enfoncent dans les montagnes. Ainsi naissent des capitales par provinces et \u00e0 leur t\u00eate des suzerains, des strat\u00e8ges, des h\u00e9ros&#8230;<\/p>\n\n\n<p><img loading=\"lazy\" src=\"http:\/\/pab-rpg.fr\/wp-content\/uploads\/2021\/01\/images-300x61.png\" alt=\"\" width=\"300\" height=\"61\" class=\"alignnone size-medium wp-image-429 aligncenter\" srcset=\"https:\/\/pab-rpg.fr\/wp-content\/uploads\/2021\/01\/images-300x61.png 300w, https:\/\/pab-rpg.fr\/wp-content\/uploads\/2021\/01\/images.png 498w\" sizes=\"(max-width: 300px) 100vw, 300px\" \/><\/p>\n\n\n<p><\/p>\n","protected":false},"excerpt":{"rendered":"<p>D\u00e9limit\u00e9 par la Mer Sildraln\u00e9e au Sud Ouest et la Mer d&#8217;Embarh au Sud Est, le royaume de Fangh est enclav\u00e9 entre les Montagnes du Nord et les Monts de l&#8217;Est. Sur plus de 300km dans les deux sens, les rivi\u00e8res serpentent entre les collines et les for\u00eats, et arrosent [&hellip;]<\/p>\n","protected":false},"author":2,"featured_media":0,"parent":207,"menu_order":0,"comment_status":"closed","ping_status":"closed","template":"","meta":[],"_links":{"self":[{"href":"https:\/\/pab-rpg.fr\/index.php\/wp-json\/wp\/v2\/pages\/233"}],"collection":[{"href":"https:\/\/pab-rpg.fr\/index.php\/wp-json\/wp\/v2\/pages"}],"about":[{"href":"https:\/\/pab-rpg.fr\/index.php\/wp-json\/wp\/v2\/types\/page"}],"author":[{"embeddable":true,"href":"https:\/\/pab-rpg.fr\/index.php\/wp-json\/wp\/v2\/users\/2"}],"replies":[{"embeddable":true,"href":"https:\/\/pab-rpg.fr\/index.php\/wp-json\/wp\/v2\/comments?post=233"}],"version-history":[{"count":15,"href":"https:\/\/pab-rpg.fr\/index.php\/wp-json\/wp\/v2\/pages\/233\/revisions"}],"predecessor-version":[{"id":517,"href":"https:\/\/pab-rpg.fr\/index.php\/wp-json\/wp\/v2\/pages\/233\/revisions\/517"}],"up":[{"embeddable":true,"href":"https:\/\/pab-rpg.fr\/index.php\/wp-json\/wp\/v2\/pages\/207"}],"wp:attachment":[{"href":"https:\/\/pab-rpg.fr\/index.php\/wp-json\/wp\/v2\/media?parent=233"}],"curies":[{"name":"wp","href":"https:\/\/api.w.org\/{rel}","templated":true}]}}