{"id":246,"date":"2018-02-27T20:35:01","date_gmt":"2018-02-27T19:35:01","guid":{"rendered":"http:\/\/www.pab-rpg.fr\/?page_id=246"},"modified":"2021-01-09T13:13:05","modified_gmt":"2021-01-09T12:13:05","slug":"larron","status":"publish","type":"page","link":"https:\/\/pab-rpg.fr\/index.php\/aide-de-jeu\/races-et-classes\/larron\/","title":{"rendered":"Larron"},"content":{"rendered":"<p><img loading=\"lazy\" src=\"http:\/\/192.168.1.35\/wordpress\/wp-content\/uploads\/2018\/02\/Larron-239x300.jpg\" alt=\"\" width=\"93\" height=\"117\" class=\" wp-image-248 aligncenter\" \/><\/p>\n<h2>Les Sp\u00e9cialisations:<\/h2>\n<ul>\n<li><strong>Voleur<span style=\"font-weight: 300;\">: Fourbe, agile, il retire aux riches pour donner aux pauvres ou \u00e0 lui-m\u00eame. C&#8217;est \u00e9galement l&#8217;expert en m\u00e9canismes<img loading=\"lazy\" src=\"http:\/\/pab-rpg.fr\/wp-content\/uploads\/2021\/01\/Voleur-300x188.jpg\" alt=\"\" width=\"316\" height=\"198\" class=\" wp-image-763 alignleft\" srcset=\"https:\/\/pab-rpg.fr\/wp-content\/uploads\/2021\/01\/Voleur-300x188.jpg 300w, https:\/\/pab-rpg.fr\/wp-content\/uploads\/2021\/01\/Voleur-768x480.jpg 768w, https:\/\/pab-rpg.fr\/wp-content\/uploads\/2021\/01\/Voleur.jpg 1024w\" sizes=\"(max-width: 316px) 100vw, 316px\" \/>\u00a0<\/span><\/strong>\n<ul>\n<li>Armes: toutes<\/li>\n<li>Armures: cuir<\/li>\n<li>Comp\u00e9tences principales: Crocheter &#8211; Pickpocket &#8211; Jeu &#8211; Vue am\u00e9lior\u00e9e &#8211; Commerce\/Estimation &#8211; Initiative<\/li>\n<li>Pouvoirs:\n<ul>\n<li>Ressent la pr\u00e9sence de passages secret \/ pi\u00e8ges et cherche par {vue am\u00e9lior\u00e9e}<\/li>\n<li>Peut approcher un nouveau commer\u00e7ant avec {d\u00e9guisement} et doubler {commerce}<\/li>\n<li>Si le voleur est sur le point de tomber, il dispara\u00eet dans un nuage de fum\u00e9e<\/li>\n<\/ul>\n<\/li>\n<\/ul>\n<\/li>\n<\/ul>\n<ul>\n<li><strong>Assassin<span style=\"font-weight: 300;\">: Silencieux, et souvent cach\u00e9 dans l&#8217;ombre, son attaque furtive est d\u00e9vastatrice, voire l\u00e9tale. Ce sont rarement des Gnomes et des Nains<img loading=\"lazy\" src=\"http:\/\/pab-rpg.fr\/wp-content\/uploads\/2021\/01\/assassin-208x300.jpg\" alt=\"\" width=\"198\" height=\"286\" class=\" wp-image-767 alignright\" srcset=\"https:\/\/pab-rpg.fr\/wp-content\/uploads\/2021\/01\/assassin-208x300.jpg 208w, https:\/\/pab-rpg.fr\/wp-content\/uploads\/2021\/01\/assassin.jpg 500w\" sizes=\"(max-width: 198px) 100vw, 198px\" \/><\/span><\/strong>\n<ul>\n<li>Armes: courtes dans chaque main<\/li>\n<li>Armures: cuir<\/li>\n<li>Comp\u00e9tences principales: Se cacher &#8211; Silencieux &#8211; Empoisonnement &#8211; Escalade &#8211; Combat \u00e0 2 armes &#8211; Initiative<\/li>\n<li>Pouvoirs:\n<ul>\n<li>Silencieux et cach\u00e9, s&#8217;il surprend sa cible il inflige un {Back Stab} attaque*2 \u00e0 travers l&#8217;armure<\/li>\n<li>Utilise {Combat \u00e0 2 armes} sans malus multi actions<\/li>\n<li>Avant le coup fatal, le voleur se dissimule dans l&#8217;ombre<\/li>\n<\/ul>\n<\/li>\n<\/ul>\n<\/li>\n<\/ul>\n<ul>\n<li><strong>Courtisane<span style=\"font-weight: 300;\">: Attrayante, irr\u00e9sistible et manipulatrice, elle manipule les hommes et influence les puissants. G\u00e9n\u00e9ralement humaine ou elfe<img loading=\"lazy\" src=\"http:\/\/pab-rpg.fr\/wp-content\/uploads\/2021\/01\/Courtisane-300x200.jpg\" alt=\"\" width=\"300\" height=\"200\" class=\"size-medium wp-image-769 alignleft\" srcset=\"https:\/\/pab-rpg.fr\/wp-content\/uploads\/2021\/01\/Courtisane-300x200.jpg 300w, https:\/\/pab-rpg.fr\/wp-content\/uploads\/2021\/01\/Courtisane-360x240.jpg 360w, https:\/\/pab-rpg.fr\/wp-content\/uploads\/2021\/01\/Courtisane.jpg 452w\" sizes=\"(max-width: 300px) 100vw, 300px\" \/><\/span><\/strong>\n<ul>\n<li>Armes: fouet et \u00e9ventail {contre projectiles}<\/li>\n<li>Armures: tissus<\/li>\n<li>Sort: Sph\u00e8res et Ecoles de Charmes<\/li>\n<li>Comp\u00e9tences principales: Jeu &#8211; Lire sur les l\u00e8vres &#8211; Conversation &#8211; Commandement &#8211; Langues &#8211; Autres armes \u00e0 projectile (pour fouet et \u00e9ventail)<\/li>\n<li>Pouvoirs:\n<ul>\n<li>D\u00e9tection de l&#8217;alignement, de la richesse et de la position sociale de sa cible masculine<\/li>\n<li>Tant qu&#8217;elle garde une posture provocante, elle inflige aux spectateurs un malus aux {Resist} \u00e9quivalente \u00e0 son niveau<\/li>\n<li>Avant de mourir et par compassion ses agresseurs sont incit\u00e9s \u00e0 la soigner {Contr\u00f4le}<\/li>\n<\/ul>\n<\/li>\n<\/ul>\n<\/li>\n<\/ul>\n<ul>\n<li><strong>Mercenaire<span style=\"font-weight: 300;\">: Professionnel dans l&#8217;accomplissement de contrats, il garde ses distances avec les batailles territoriales. Il utilisera tous le moyens pour arriver \u00e0 ses fins<img loading=\"lazy\" src=\"http:\/\/pab-rpg.fr\/wp-content\/uploads\/2021\/01\/mercenaire-158x300.jpg\" alt=\"\" width=\"151\" height=\"287\" class=\" wp-image-771 alignright\" srcset=\"https:\/\/pab-rpg.fr\/wp-content\/uploads\/2021\/01\/mercenaire-158x300.jpg 158w, https:\/\/pab-rpg.fr\/wp-content\/uploads\/2021\/01\/mercenaire-541x1024.jpg 541w, https:\/\/pab-rpg.fr\/wp-content\/uploads\/2021\/01\/mercenaire.jpg 713w\" sizes=\"(max-width: 151px) 100vw, 151px\" \/><\/span><\/strong>\n<ul>\n<li>Armes: toutes<\/li>\n<li>Armures: cuir clout\u00e9<\/li>\n<li>Comp\u00e9tences principales: Se cacher &#8211; Escalade &#8211; Orientation &#8211; Suivre traces &#8211; Vue am\u00e9lior\u00e9e &#8211; Utiliser objet magiques<\/li>\n<li>Pouvoirs:\n<ul>\n<li>Une fois rencontr\u00e9e sa cible, le mercenaire b\u00e9n\u00e9ficie d&#8217;une localisation par {orientation}<\/li>\n<li>Dans l&#8217;accomplissement de son contrat il obtient {utilisation objet magique}*2<\/li>\n<li>S&#8217;il succombe contre sa cible, le contrat prend fin et il s&#8217;enfuit avec d\u00e9shonneur avant le dernier coup<\/li>\n<\/ul>\n<\/li>\n<\/ul>\n<\/li>\n<\/ul>\n<ul>\n<li><b>Chasseur<\/b><span style=\"font-weight: 300;\">: Expert dans le maniement\u00a0des arcs, il a pour habitude de crafter son propre mat\u00e9riel<img loading=\"lazy\" src=\"http:\/\/pab-rpg.fr\/wp-content\/uploads\/2021\/01\/Chasseur-293x300.jpg\" alt=\"\" width=\"218\" height=\"223\" class=\" wp-image-774 alignleft\" srcset=\"https:\/\/pab-rpg.fr\/wp-content\/uploads\/2021\/01\/Chasseur-293x300.jpg 293w, https:\/\/pab-rpg.fr\/wp-content\/uploads\/2021\/01\/Chasseur.jpg 509w\" sizes=\"(max-width: 218px) 100vw, 218px\" \/><\/span>\n<ul>\n<li>Armes: arcs et autres projectiles<\/li>\n<li>Armures: cuir clout\u00e9<\/li>\n<li>Comp\u00e9tences principales: Silencieux &#8211; Course\/Endurance &#8211; Suivre traces &#8211; Bruit\/Danger &#8211; Tanneur\/D\u00e9peceur &#8211; Tir \u00e0 l&#8217;Arc<\/li>\n<li>Pouvoirs:\n<ul>\n<li>Utilisation de l&#8217;arc sans combo<\/li>\n<li>Peut r\u00e9partir ses attaques \u00e0 l&#8217;arc sur plusieurs cibles<\/li>\n<li>Juste avant le coup fatal, tire une fl\u00e8che qui emporte son corps<\/li>\n<\/ul>\n<\/li>\n<\/ul>\n<\/li>\n<\/ul>\n<ul>\n<li><b>Barde<\/b><span style=\"font-weight: 300;\">: Conteur des l\u00e9gendes et des actes h\u00e9ro\u00efques, il attire \u00e0 lui les foules qui l&#8217;adorent ou le d\u00e9testent. Ce sont rarement des Nains<img loading=\"lazy\" src=\"http:\/\/pab-rpg.fr\/wp-content\/uploads\/2021\/01\/Barde-225x300.png\" alt=\"\" width=\"225\" height=\"300\" class=\"size-medium wp-image-777 alignright\" srcset=\"https:\/\/pab-rpg.fr\/wp-content\/uploads\/2021\/01\/Barde-225x300.png 225w, https:\/\/pab-rpg.fr\/wp-content\/uploads\/2021\/01\/Barde.png 600w\" sizes=\"(max-width: 225px) 100vw, 225px\" \/><\/span>\n<ul>\n<li>Armes: toutes<\/li>\n<li>Armures: cuir clout\u00e9<\/li>\n<li>Sort: Type Buffs\/deBuffs<\/li>\n<li>Comp\u00e9tences principales: Jeu &#8211; Acrobatie &#8211; Conversation &#8211; Commandement &#8211; Soigner &#8211; Surprise<\/li>\n<li>Pouvoirs:\n<ul>\n<li>[Ami] &#8211; [Apaisement] &#8211; [Sarcasme] \u00e0 volont\u00e9 avec {Jeu} instrument de musique<\/li>\n<li>Contr\u00f4le les foules et {commande} ses fans<\/li>\n<li>Improvise une chanson qui lui permet de cr\u00e9er des sort s<\/li>\n<\/ul>\n<\/li>\n<\/ul>\n<\/li>\n<\/ul>\n\n\n<div class=\"wp-block-image\"><figure class=\"aligncenter size-large\"><img loading=\"lazy\" width=\"498\" height=\"101\" src=\"http:\/\/pab-rpg.fr\/wp-content\/uploads\/2021\/01\/images.png\" alt=\"\" class=\"wp-image-429\" srcset=\"https:\/\/pab-rpg.fr\/wp-content\/uploads\/2021\/01\/images.png 498w, https:\/\/pab-rpg.fr\/wp-content\/uploads\/2021\/01\/images-300x61.png 300w\" sizes=\"(max-width: 498px) 100vw, 498px\" \/><\/figure><\/div>\n","protected":false},"excerpt":{"rendered":"<p>Les Sp\u00e9cialisations: Voleur: Fourbe, agile, il retire aux riches pour donner aux pauvres ou \u00e0 lui-m\u00eame. C&#8217;est \u00e9galement l&#8217;expert en m\u00e9canismes\u00a0 Armes: toutes Armures: cuir Comp\u00e9tences principales: Crocheter &#8211; Pickpocket &#8211; Jeu &#8211; Vue am\u00e9lior\u00e9e &#8211; Commerce\/Estimation &#8211; Initiative Pouvoirs: Ressent la pr\u00e9sence de passages secret \/ pi\u00e8ges et cherche [&hellip;]<\/p>\n","protected":false},"author":2,"featured_media":70,"parent":69,"menu_order":0,"comment_status":"closed","ping_status":"closed","template":"page-templates\/template-fullwidth.php","meta":[],"_links":{"self":[{"href":"https:\/\/pab-rpg.fr\/index.php\/wp-json\/wp\/v2\/pages\/246"}],"collection":[{"href":"https:\/\/pab-rpg.fr\/index.php\/wp-json\/wp\/v2\/pages"}],"about":[{"href":"https:\/\/pab-rpg.fr\/index.php\/wp-json\/wp\/v2\/types\/page"}],"author":[{"embeddable":true,"href":"https:\/\/pab-rpg.fr\/index.php\/wp-json\/wp\/v2\/users\/2"}],"replies":[{"embeddable":true,"href":"https:\/\/pab-rpg.fr\/index.php\/wp-json\/wp\/v2\/comments?post=246"}],"version-history":[{"count":11,"href":"https:\/\/pab-rpg.fr\/index.php\/wp-json\/wp\/v2\/pages\/246\/revisions"}],"predecessor-version":[{"id":780,"href":"https:\/\/pab-rpg.fr\/index.php\/wp-json\/wp\/v2\/pages\/246\/revisions\/780"}],"up":[{"embeddable":true,"href":"https:\/\/pab-rpg.fr\/index.php\/wp-json\/wp\/v2\/pages\/69"}],"wp:featuredmedia":[{"embeddable":true,"href":"https:\/\/pab-rpg.fr\/index.php\/wp-json\/wp\/v2\/media\/70"}],"wp:attachment":[{"href":"https:\/\/pab-rpg.fr\/index.php\/wp-json\/wp\/v2\/media?parent=246"}],"curies":[{"name":"wp","href":"https:\/\/api.w.org\/{rel}","templated":true}]}}