{"id":275,"date":"2018-02-28T21:46:08","date_gmt":"2018-02-28T20:46:08","guid":{"rendered":"http:\/\/www.pab-rpg.fr\/?page_id=275"},"modified":"2021-01-09T13:22:06","modified_gmt":"2021-01-09T12:22:06","slug":"magicien","status":"publish","type":"page","link":"https:\/\/pab-rpg.fr\/index.php\/aide-de-jeu\/races-et-classes\/magicien\/","title":{"rendered":"Magicien"},"content":{"rendered":"<p style=\"text-align: center;\"><img loading=\"lazy\" src=\"http:\/\/192.168.1.35\/wordpress\/wp-content\/uploads\/2018\/02\/Magicien-206x300.jpg\" alt=\"\" width=\"81\" height=\"118\" class=\" wp-image-277 aligncenter\"><\/p>\n<h2>Les Sp\u00e9cialisations:<\/h2>\n<ul>\n<li><strong>El\u00e9mentaliste<span style=\"font-weight: 300;\">: Magicien condisciple des druides, il pr\u00e9f\u00e8re les travaux pratiques avec le contr\u00f4le des quatre \u00e9l\u00e9ments. Il est individualiste. Plut\u00f4t Humain et Elf<img loading=\"lazy\" src=\"http:\/\/pab-rpg.fr\/wp-content\/uploads\/2021\/01\/Elementaliste-300x226.jpg\" alt=\"\" width=\"300\" height=\"226\" class=\"size-medium wp-image-781 alignright\" srcset=\"https:\/\/pab-rpg.fr\/wp-content\/uploads\/2021\/01\/Elementaliste-300x226.jpg 300w, https:\/\/pab-rpg.fr\/wp-content\/uploads\/2021\/01\/Elementaliste-1024x771.jpg 1024w, https:\/\/pab-rpg.fr\/wp-content\/uploads\/2021\/01\/Elementaliste-768x579.jpg 768w, https:\/\/pab-rpg.fr\/wp-content\/uploads\/2021\/01\/Elementaliste.jpg 1030w\" sizes=\"(max-width: 300px) 100vw, 300px\" \/><\/span><\/strong>\n<ul>\n<li>Armes: baton<\/li>\n<li>Armures: robe<\/li>\n<li>Sorts: Alt\u00e9ration &#8211; Abjuration &#8211; Invocation<\/li>\n<li>Comp\u00e9tences principales: Course &#8211; Natation &#8211; Resist Effet de Zone &#8211; Surprise<\/li>\n<li>Pouvoirs:\n<ul>\n<li>Tous les sorts bas\u00e9s sur les 4 \u00e9l\u00e9ments ont un bonus d4 au {skill}<\/li>\n<li>Les {Resist} aux attaques sur les 4 \u00e9l\u00e9ments ont un bonus d4<\/li>\n<li>S&#8217;il tombe dans le coma son corps prend la forme d&#8217;un \u00e9l\u00e9mentaire et reste stable<\/li>\n<\/ul>\n<\/li>\n<\/ul>\n<\/li>\n<\/ul>\n<ul>\n<li><span style=\"font-weight: 300;\"><b>Illusionniste<\/b>: Magicien tr\u00e8s studieux et fin psychologue pour pour cr\u00e9er l&#8217;illusion adapt\u00e9e aux situations. Il n&#8217;est pas toujours attentif \u00e0 son environnement. Tous sauf Nain<img loading=\"lazy\" src=\"http:\/\/pab-rpg.fr\/wp-content\/uploads\/2021\/01\/Illusioniste-300x220.jpg\" alt=\"\" width=\"300\" height=\"220\" class=\"size-medium wp-image-783 alignleft\" srcset=\"https:\/\/pab-rpg.fr\/wp-content\/uploads\/2021\/01\/Illusioniste-300x220.jpg 300w, https:\/\/pab-rpg.fr\/wp-content\/uploads\/2021\/01\/Illusioniste.jpg 600w\" sizes=\"(max-width: 300px) 100vw, 300px\" \/><\/span>\n<ul>\n<li>Armes: baton<\/li>\n<li>Armures: robe<\/li>\n<li>Sorts: Illusion &#8211; Charme &#8211; Abjuration<\/li>\n<li>Comp\u00e9tences principales: Connaissance sort magique &#8211; Lecture magie &#8211; Commandement &#8211; Resist Illusion<\/li>\n<li>Pouvoirs:\n<ul>\n<li>Dispose de deux sort permanents (changement apparence \/ rumeur illusoire \/ ventriloquie \/ tour mineur)<\/li>\n<li>D\u00e8s qu&#8217;il subit une attaque, un clone appara\u00eet et apporte une un bonus CA de 10<\/li>\n<li>Ne subit pas les dommages du dernier coup et donne l&#8217;illusion d&#8217;\u00eatre mort<\/li>\n<\/ul>\n<\/li>\n<\/ul>\n<\/li>\n<\/ul>\n<ul>\n<li><span style=\"font-weight: 300;\"><b>Sorcier<\/b>: Envouteur crafteur qui transmet ses sortil\u00e8ges \u00e0 travers ses cr\u00e9ations<img loading=\"lazy\" src=\"http:\/\/pab-rpg.fr\/wp-content\/uploads\/2021\/01\/sorcier-300x300.png\" alt=\"\" width=\"300\" height=\"300\" class=\"size-medium wp-image-785 alignright\" srcset=\"https:\/\/pab-rpg.fr\/wp-content\/uploads\/2021\/01\/sorcier-300x300.png 300w, https:\/\/pab-rpg.fr\/wp-content\/uploads\/2021\/01\/sorcier-150x150.png 150w, https:\/\/pab-rpg.fr\/wp-content\/uploads\/2021\/01\/sorcier-768x765.png 768w, https:\/\/pab-rpg.fr\/wp-content\/uploads\/2021\/01\/sorcier.png 800w\" sizes=\"(max-width: 300px) 100vw, 300px\" \/><\/span>\n<ul>\n<li>Armes: dague<\/li>\n<li>Armures: robe<\/li>\n<li>Sorts: Illusion &#8211; Alt\u00e9ration &#8211; Evocation<\/li>\n<li>Comp\u00e9tences principales: Couturier &#8211; Vue am\u00e9lior\u00e9e &#8211; Utilisation objet magique &#8211; Resist Objet magique<\/li>\n<li>Pouvoirs:\n<ul>\n<li>Cr\u00e9ation d&#8217;une poup\u00e9e repr\u00e9sentant la cible, sur laquelle il place ses sorts<\/li>\n<li>D\u00e8s qu&#8217;il subit une attaque, son assaillant subit [c\u00e9cit\u00e9]<\/li>\n<li>Pour \u00e9viter l&#8217;attaque fatale il entre dans le corps de son assaillant pendant 1 Rnd<\/li>\n<\/ul>\n<\/li>\n<\/ul>\n<\/li>\n<\/ul>\n<ul>\n<li><span style=\"font-weight: 300;\"><b>Alchimiste<\/b>: Cr\u00e9ateur de potions et d&#8217;enchantement, il vit essentiellement dans son laboratoire. Rarement Elf et Nain<img loading=\"lazy\" src=\"http:\/\/pab-rpg.fr\/wp-content\/uploads\/2021\/01\/Alchimiste-193x300.jpg\" alt=\"\" width=\"170\" height=\"265\" class=\" wp-image-787 alignleft\" srcset=\"https:\/\/pab-rpg.fr\/wp-content\/uploads\/2021\/01\/Alchimiste-193x300.jpg 193w, https:\/\/pab-rpg.fr\/wp-content\/uploads\/2021\/01\/Alchimiste-657x1024.jpg 657w, https:\/\/pab-rpg.fr\/wp-content\/uploads\/2021\/01\/Alchimiste-768x1196.jpg 768w, https:\/\/pab-rpg.fr\/wp-content\/uploads\/2021\/01\/Alchimiste-986x1536.jpg 986w, https:\/\/pab-rpg.fr\/wp-content\/uploads\/2021\/01\/Alchimiste.jpg 1024w\" sizes=\"(max-width: 170px) 100vw, 170px\" \/><\/span>\n<ul>\n<li>Armes: dague<\/li>\n<li>Armures: robe<\/li>\n<li>Sorts: V\u00e9g\u00e9taux &#8211; Alt\u00e9ration &#8211; Divination<\/li>\n<li>Comp\u00e9tences principales: Alchimie &#8211; Artisanat &#8211; Lecture de la magie &#8211; Cac Lancer d&#8217;objet &#8211; Resist Effet de Zone<\/li>\n<li>Pouvoirs:\n<ul>\n<li>Utilise un laboratoire polyvalent d&#8217;alchimie et de bijouterie de tout Lv<\/li>\n<li>Le livre de recettes des potions active le sort au moment de la cr\u00e9ation de la potion<\/li>\n<li>Un m\u00e9lange de potions permet de cr\u00e9er un nouveau sort dans un moment critique<\/li>\n<\/ul>\n<\/li>\n<\/ul>\n<\/li>\n<\/ul>\n<ul>\n<li><span style=\"font-weight: 300;\"><b>Ma\u00eetre du temps<\/b>: Contr\u00f4le et voyage dans la quatri\u00e8me dimension au prix d&#8217;effort physiques importants. Tous sauf Gnome et Nain<img loading=\"lazy\" src=\"http:\/\/pab-rpg.fr\/wp-content\/uploads\/2021\/01\/maitre-du-temps-300x188.jpg\" alt=\"\" width=\"300\" height=\"188\" class=\"size-medium wp-image-789 alignright\" srcset=\"https:\/\/pab-rpg.fr\/wp-content\/uploads\/2021\/01\/maitre-du-temps-300x188.jpg 300w, https:\/\/pab-rpg.fr\/wp-content\/uploads\/2021\/01\/maitre-du-temps-768x481.jpg 768w, https:\/\/pab-rpg.fr\/wp-content\/uploads\/2021\/01\/maitre-du-temps.jpg 1024w\" sizes=\"(max-width: 300px) 100vw, 300px\" \/><\/span>\n<ul>\n<li>Armes: baton<\/li>\n<li>Armures: robe<\/li>\n<li>Sorts: sp\u00e9cifiques<\/li>\n<li>Comp\u00e9tences principales: Connaissance sort magique &#8211; Orientation &#8211; Soins blessure &#8211; Initiative &#8211; Surprise<\/li>\n<li>Pouvoirs:\n<ul>\n<li>Ajoute \u00e0 post\u00e9riori un bonus \u00e0 ses aptitudes de mouvement et d&#8217;initiative, il perd autant de pt de vie<\/li>\n<li>Acc\u00e9l\u00e8re le temps le concernant pour la r\u00e9cup\u00e9ration des sorts, il perd d4 Pt de vie par heure<\/li>\n<li>A la fin du Rnd, il d\u00e9cide de le rejouer avec des actions diff\u00e9rentes, il perd 10 pts de vie<\/li>\n<\/ul>\n<\/li>\n<\/ul>\n<\/li>\n<\/ul>\n<ul>\n<li><span style=\"font-weight: 300;\"><b>Invocateur<\/b>: Appelle \u00e0 lui des cr\u00e9atures des autres plans \u00e0 travers un pentacle. Tous sauf Gnome et Nain<img loading=\"lazy\" src=\"http:\/\/pab-rpg.fr\/wp-content\/uploads\/2021\/01\/Invocateur-300x221.jpg\" alt=\"\" width=\"300\" height=\"221\" class=\"size-medium wp-image-791 alignleft\" srcset=\"https:\/\/pab-rpg.fr\/wp-content\/uploads\/2021\/01\/Invocateur-300x221.jpg 300w, https:\/\/pab-rpg.fr\/wp-content\/uploads\/2021\/01\/Invocateur.jpg 452w\" sizes=\"(max-width: 300px) 100vw, 300px\" \/><\/span>\n<ul>\n<li>Armes: fl\u00e9chettes<\/li>\n<li>Armures: robe<\/li>\n<li>Sorts: Invocation &#8211; Conjuration &#8211; N\u00e9cromancie<\/li>\n<li>Comp\u00e9tences principales: Conversation &#8211; Lancer d&#8217;armes &#8211; Utiliser objet magique &#8211; Resist Contr\u00f4le<\/li>\n<li>Pouvoirs:\n<ul>\n<li>D\u00e8s qu&#8217;il subit une attaque un bouclier se d\u00e9clenche<\/li>\n<li>Cr\u00e9e un pentacle de neutralit\u00e9 dans lequel il perd ses conditions ou il r\u00e9g\u00e9n\u00e8re de la vie ou il re\u00e7oit une r\u00e9sistance \u00e0 la magie<\/li>\n<li>Dessine un pentacle et voyage \u00e0 travers les plans vers un autre pentacle pr\u00e9c\u00e9demment dessin\u00e9<\/li>\n<\/ul>\n<\/li>\n<\/ul>\n<\/li>\n<\/ul>\n<ul>\n<li><span style=\"font-weight: 300;\"><b>N\u00e9cromancien<\/b>: Il a un contact privil\u00e9gi\u00e9 avec le plan n\u00e9gatif des morts vivants. Son int\u00e9gration dans un groupe de vivants est tr\u00e8s difficile. Tous sauf Pt Gens<img loading=\"lazy\" src=\"http:\/\/pab-rpg.fr\/wp-content\/uploads\/2021\/01\/necromant-300x186.jpg\" alt=\"\" width=\"300\" height=\"186\" class=\"size-medium wp-image-793 alignright\" srcset=\"https:\/\/pab-rpg.fr\/wp-content\/uploads\/2021\/01\/necromant-300x186.jpg 300w, https:\/\/pab-rpg.fr\/wp-content\/uploads\/2021\/01\/necromant.jpg 700w\" sizes=\"(max-width: 300px) 100vw, 300px\" \/><\/span>\n<ul>\n<li>Armes: baton<\/li>\n<li>Armures: robe<\/li>\n<li>Sorts: Ecole et Sph\u00e8re de N\u00e9cromancie<\/li>\n<li>Comp\u00e9tences principales: Ecriture\/Lecture magie &#8211; Aveugle &#8211; Commandement &#8211; Objet magique &#8211; Resist Maladie<\/li>\n<li>Pouvoirs:\n<ul>\n<li>R\u00e9veille et contr\u00f4le les morts vivants<\/li>\n<li>Repousse les alignements bon et b\u00e9n\u00e9ficie contre eux d&#8217;un bonus \u00e0 ses aptitudes<\/li>\n<li>R\u00e9cup\u00e8re autant de pts de vie que de {skill} n\u00e9cromancie lanc\u00e9s<\/li>\n<\/ul>\n<\/li>\n<\/ul>\n<\/li>\n<\/ul>\n\n\n<div class=\"wp-block-image\"><figure class=\"aligncenter size-large\"><img loading=\"lazy\" width=\"498\" height=\"101\" src=\"http:\/\/pab-rpg.fr\/wp-content\/uploads\/2021\/01\/images.png\" alt=\"\" class=\"wp-image-429\" srcset=\"https:\/\/pab-rpg.fr\/wp-content\/uploads\/2021\/01\/images.png 498w, https:\/\/pab-rpg.fr\/wp-content\/uploads\/2021\/01\/images-300x61.png 300w\" sizes=\"(max-width: 498px) 100vw, 498px\" \/><\/figure><\/div>\n","protected":false},"excerpt":{"rendered":"<p>Les Sp\u00e9cialisations: El\u00e9mentaliste: Magicien condisciple des druides, il pr\u00e9f\u00e8re les travaux pratiques avec le contr\u00f4le des quatre \u00e9l\u00e9ments. Il est individualiste. Plut\u00f4t Humain et Elf Armes: baton Armures: robe Sorts: Alt\u00e9ration &#8211; Abjuration &#8211; Invocation Comp\u00e9tences principales: Course &#8211; Natation &#8211; Resist Effet de Zone &#8211; Surprise Pouvoirs: Tous les [&hellip;]<\/p>\n","protected":false},"author":2,"featured_media":70,"parent":69,"menu_order":0,"comment_status":"closed","ping_status":"closed","template":"page-templates\/template-fullwidth.php","meta":[],"_links":{"self":[{"href":"https:\/\/pab-rpg.fr\/index.php\/wp-json\/wp\/v2\/pages\/275"}],"collection":[{"href":"https:\/\/pab-rpg.fr\/index.php\/wp-json\/wp\/v2\/pages"}],"about":[{"href":"https:\/\/pab-rpg.fr\/index.php\/wp-json\/wp\/v2\/types\/page"}],"author":[{"embeddable":true,"href":"https:\/\/pab-rpg.fr\/index.php\/wp-json\/wp\/v2\/users\/2"}],"replies":[{"embeddable":true,"href":"https:\/\/pab-rpg.fr\/index.php\/wp-json\/wp\/v2\/comments?post=275"}],"version-history":[{"count":8,"href":"https:\/\/pab-rpg.fr\/index.php\/wp-json\/wp\/v2\/pages\/275\/revisions"}],"predecessor-version":[{"id":795,"href":"https:\/\/pab-rpg.fr\/index.php\/wp-json\/wp\/v2\/pages\/275\/revisions\/795"}],"up":[{"embeddable":true,"href":"https:\/\/pab-rpg.fr\/index.php\/wp-json\/wp\/v2\/pages\/69"}],"wp:featuredmedia":[{"embeddable":true,"href":"https:\/\/pab-rpg.fr\/index.php\/wp-json\/wp\/v2\/media\/70"}],"wp:attachment":[{"href":"https:\/\/pab-rpg.fr\/index.php\/wp-json\/wp\/v2\/media?parent=275"}],"curies":[{"name":"wp","href":"https:\/\/api.w.org\/{rel}","templated":true}]}}