{"id":345,"date":"2018-03-17T20:32:10","date_gmt":"2018-03-17T19:32:10","guid":{"rendered":"http:\/\/192.168.1.35\/wordpress\/?page_id=345"},"modified":"2021-01-09T13:30:37","modified_gmt":"2021-01-09T12:30:37","slug":"magie","status":"publish","type":"page","link":"https:\/\/pab-rpg.fr\/index.php\/aide-de-jeu\/magie\/","title":{"rendered":"Magie"},"content":{"rendered":"<h1 style=\"text-align: center;\">La Magie<\/h1>\n<p>Les cr\u00e9ateurs de magie sont les magiciens et les pr\u00eatres. Ils \u00e9tudient g\u00e9n\u00e9ralement dans des Ecoles et des Monast\u00e8res isol\u00e9s du monde. Mais la magie peut \u00eatre emmagasin\u00e9e et transmise \u00e0 travers des armes, des armures, des objets, des parchemins, des potions&#8230;<\/p>\n<p><strong>Ecoles de Magie<\/strong>:<\/p>\n<ul>\n<li><strong>Abjuration<\/strong>: Distorsion de l&#8217;environnement (deBuff &#8211; Attaque)<\/li>\n<li><strong>Alt\u00e9ration<\/strong>: Modification du magicien et des \u00e9l\u00e9ments (attaque &#8211; alt\u00e9ration)<\/li>\n<li><strong>Base<\/strong>: Manipulation de la magie (sorts &#8211; objets)<\/li>\n<li><strong>Charme<\/strong>: S\u00e9duction et manipulation (Contr\u00f4le)<\/li>\n<li><strong>Conjuration<\/strong>: Appel cr\u00e9ature \u00e0 travers un pentacle (Conjuration)<\/li>\n<li><strong>Divination<\/strong>: Capacit\u00e9 \u00e0 d\u00e9couvrir (D\u00e9tection &#8211; Buff)<\/li>\n<li><strong>Illusion<\/strong>: Joue sur l&#8217;imagination (illusion)<\/li>\n<li><strong>Invocation<\/strong>: Cr\u00e9er ou appeler (Attaque &#8211; Buff)<\/li>\n<li><strong>N\u00e9cromancie<\/strong>: Magie associ\u00e9e \u00e0 la mort (Attaque &#8211; deBuff)<\/li>\n<\/ul>\n<p><\/p>\n<p><strong>Sph\u00e8res Divines<\/strong>:<\/p>\n<ul>\n<li><strong>Astral<\/strong>: Capacit\u00e9 \u00e0 d\u00e9couvrir (D\u00e9tection &#8211; Buff)<\/li>\n<li><strong>Combat<\/strong>: Capacit\u00e9 \u00e0 supporter un combat (Attaque &#8211; Buff)<\/li>\n<li><strong>Communion<\/strong>: Rapprochement spirituel (Contr\u00f4le)<\/li>\n<li><strong>Cr\u00e9ation<\/strong>: Cr\u00e9er et faire pousser (deBuff &#8211; Alt\u00e9ration)<\/li>\n<li><b>\u00c9l\u00e9mentaire<\/b>: Invocation dans les quatre \u00e9l\u00e9ments (Conjuration &#8211; Buff)<\/li>\n<li><strong>Nature<\/strong>: Distorsion de la nature (Conjuration &#8211; D\u00e9fense)<\/li>\n<li><b>Plan \u00e9th\u00e9r\u00e9<\/b>: Ma\u00eetrise Mort Vivant, D\u00e9mon, Mystique<\/li>\n<li><b>Protection<\/b>: Soins et protections (D\u00e9fense &#8211; Buff)<\/li>\n<\/ul>\n<p><a href=\"http:\/\/www.pab-rpg.fr\/?page_id=370\"><strong>Liste des Sorts et Alt\u00e9rations<\/strong><\/a><\/p>\n\n\n<div class=\"wp-block-image\"><figure class=\"aligncenter size-large\"><img loading=\"lazy\" width=\"498\" height=\"101\" src=\"http:\/\/pab-rpg.fr\/wp-content\/uploads\/2021\/01\/images.png\" alt=\"\" class=\"wp-image-429\" srcset=\"https:\/\/pab-rpg.fr\/wp-content\/uploads\/2021\/01\/images.png 498w, https:\/\/pab-rpg.fr\/wp-content\/uploads\/2021\/01\/images-300x61.png 300w\" sizes=\"(max-width: 498px) 100vw, 498px\" \/><\/figure><\/div>\n","protected":false},"excerpt":{"rendered":"<p>La Magie Les cr\u00e9ateurs de magie sont les magiciens et les pr\u00eatres. Ils \u00e9tudient g\u00e9n\u00e9ralement dans des Ecoles et des Monast\u00e8res isol\u00e9s du monde. Mais la magie peut \u00eatre emmagasin\u00e9e et transmise \u00e0 travers des armes, des armures, des objets, des parchemins, des potions&#8230; Ecoles de Magie: Abjuration: Distorsion de [&hellip;]<\/p>\n","protected":false},"author":2,"featured_media":346,"parent":62,"menu_order":0,"comment_status":"closed","ping_status":"closed","template":"page-templates\/template-fullwidth.php","meta":[],"_links":{"self":[{"href":"https:\/\/pab-rpg.fr\/index.php\/wp-json\/wp\/v2\/pages\/345"}],"collection":[{"href":"https:\/\/pab-rpg.fr\/index.php\/wp-json\/wp\/v2\/pages"}],"about":[{"href":"https:\/\/pab-rpg.fr\/index.php\/wp-json\/wp\/v2\/types\/page"}],"author":[{"embeddable":true,"href":"https:\/\/pab-rpg.fr\/index.php\/wp-json\/wp\/v2\/users\/2"}],"replies":[{"embeddable":true,"href":"https:\/\/pab-rpg.fr\/index.php\/wp-json\/wp\/v2\/comments?post=345"}],"version-history":[{"count":1,"href":"https:\/\/pab-rpg.fr\/index.php\/wp-json\/wp\/v2\/pages\/345\/revisions"}],"predecessor-version":[{"id":809,"href":"https:\/\/pab-rpg.fr\/index.php\/wp-json\/wp\/v2\/pages\/345\/revisions\/809"}],"up":[{"embeddable":true,"href":"https:\/\/pab-rpg.fr\/index.php\/wp-json\/wp\/v2\/pages\/62"}],"wp:featuredmedia":[{"embeddable":true,"href":"https:\/\/pab-rpg.fr\/index.php\/wp-json\/wp\/v2\/media\/346"}],"wp:attachment":[{"href":"https:\/\/pab-rpg.fr\/index.php\/wp-json\/wp\/v2\/media?parent=345"}],"curies":[{"name":"wp","href":"https:\/\/api.w.org\/{rel}","templated":true}]}}