{"id":519,"date":"2021-01-04T10:44:45","date_gmt":"2021-01-04T09:44:45","guid":{"rendered":"http:\/\/pab-rpg.fr\/?page_id=519"},"modified":"2023-05-26T16:10:50","modified_gmt":"2023-05-26T14:10:50","slug":"l-aventure","status":"publish","type":"page","link":"https:\/\/pab-rpg.fr\/index.php\/l-aventure\/","title":{"rendered":"L&#8217; Aventure"},"content":{"rendered":"\n<p>Tout commence par les <strong>Aventuriers<\/strong>; ces personnes dont la vie est faite de confrontations avec des univers, qu&#8217;ils p\u00e9n\u00e8trent sans en \u00eatre naturellement familier, par simple go\u00fbt de l&#8217;inconnu, de richesses ou avec d&#8217;autres buts. Sans en redouter les risques, ils puisent leur \u00e9nergie dans ces rencontres, ces d\u00e9couvertes et ils tissent des liens fraternels avec ceux qui les accompagnent et qui parfois leur sauveront la vie. <\/p>\n\n\n\n<p>D\u00e9couvrons ce groupe de courageux intr\u00e9pides que nous appellerons les <strong>PJs<\/strong><\/p>\n\n\n\n<div class=\"wp-block-image is-style-default\"><figure class=\"aligncenter size-large\"><a href=\"http:\/\/pab-rpg.fr\/index.php\/les-pjs\/\"><img loading=\"lazy\" width=\"629\" height=\"439\" src=\"http:\/\/pab-rpg.fr\/wp-content\/uploads\/2021\/01\/races.gif\" alt=\"\" class=\"wp-image-527\"\/><\/a><figcaption>Les PJs<\/figcaption><\/figure><\/div>\n\n\n<p>Maintenant, ils vont \u00e9voluer dans l&#8217;espace et dans le temps; leur p\u00e9riple d\u00e9bute dans le royaume de Fangh et en particuliers dans les plaines de la province nord. Il r\u00e8gne un calme relatif, entre deux guerres, propice pour le commerce, l&#8217;artisanat et les constructions. L&#8217;automne touche \u00e0 sa fin et la proximit\u00e9 des montagnes du Nord d\u00e9j\u00e0 enneig\u00e9es laisse pr\u00e9sager un hiver rude. Les nuits \u00e0 la belle \u00e9toile seront tr\u00e8s froides. La r\u00e9putation des PJs est pour l&#8217;heure inexistante, ils pourront agir en tout anonymat.<\/p>\n<p>D\u00e9couvrons ce <strong>monde<\/strong> dans lequel les PJs vont \u00eatre mis \u00e0 l&#8217;\u00e9preuve<a href=\"http:\/\/pab-rpg.fr\/index.php\/le-monde\/\"><img loading=\"lazy\" src=\"http:\/\/pab-rpg.fr\/wp-content\/uploads\/2021\/01\/Fangh-Map-Region-Nord-300x218.jpg\" alt=\"\" width=\"579\" height=\"421\" class=\" wp-image-589 aligncenter\" srcset=\"https:\/\/pab-rpg.fr\/wp-content\/uploads\/2021\/01\/Fangh-Map-Region-Nord-300x218.jpg 300w, https:\/\/pab-rpg.fr\/wp-content\/uploads\/2021\/01\/Fangh-Map-Region-Nord-1024x744.jpg 1024w, https:\/\/pab-rpg.fr\/wp-content\/uploads\/2021\/01\/Fangh-Map-Region-Nord-768x558.jpg 768w, https:\/\/pab-rpg.fr\/wp-content\/uploads\/2021\/01\/Fangh-Map-Region-Nord-1536x1116.jpg 1536w, https:\/\/pab-rpg.fr\/wp-content\/uploads\/2021\/01\/Fangh-Map-Region-Nord.jpg 1600w\" sizes=\"(max-width: 579px) 100vw, 579px\" \/><\/a><\/p>\n<p>Les premiers pas am\u00e8nent les PJs in\u00e9vitablement \u00e0 des rencontres, et ces inconnus ou bien m\u00eame les membres du groupe sont ils dignes de confiance et quel sera sa la ligne de conduite ? Un premier indice est son Alignement; c&#8217;est la combinaison de deux facteurs : l&#8217;un d\u00e9finit la morale et l&#8217;autre d\u00e9crit l&#8217;attitude envers la soci\u00e9t\u00e9 et l&#8217;ordre. <strong>L&#8217;Alignement<\/strong> d&#8217;un personnage d\u00e9pend donc de sa position sur ces deux axes. Neuf combinaisons possibles correspondent aux neuf alignements;&nbsp;<\/p>\n\n\n<div class=\"wp-block-image\"><figure class=\"aligncenter is-resized\"><a href=\"http:\/\/pab-rpg.fr\/index.php\/alignements\/\"><img loading=\"lazy\" src=\"http:\/\/pab-rpg.fr\/wp-content\/uploads\/2021\/01\/Alignement-300x129.jpg\" alt=\"\" class=\"wp-image-605\" width=\"465\" height=\"200\" srcset=\"https:\/\/pab-rpg.fr\/wp-content\/uploads\/2021\/01\/Alignement-300x129.jpg 300w, https:\/\/pab-rpg.fr\/wp-content\/uploads\/2021\/01\/Alignement-1024x441.jpg 1024w, https:\/\/pab-rpg.fr\/wp-content\/uploads\/2021\/01\/Alignement-768x331.jpg 768w, https:\/\/pab-rpg.fr\/wp-content\/uploads\/2021\/01\/Alignement-1536x662.jpg 1536w, https:\/\/pab-rpg.fr\/wp-content\/uploads\/2021\/01\/Alignement.jpg 1920w\" sizes=\"(max-width: 465px) 100vw, 465px\" \/><\/a><\/figure><\/div>\n\n\n<p>D&#8217;une fa\u00e7on ou d&#8217;une autre le groupe de PJs accepte une mission ou rel\u00e8ve un d\u00e9fi et c&#8217;est le moment crucial o\u00f9 il se lance dans l&#8217;aventure; <img loading=\"lazy\" src=\"http:\/\/pab-rpg.fr\/wp-content\/uploads\/2021\/01\/exploration-300x238.jpg\" alt=\"\" width=\"300\" height=\"238\" class=\"size-medium wp-image-615 alignright\" srcset=\"https:\/\/pab-rpg.fr\/wp-content\/uploads\/2021\/01\/exploration-300x238.jpg 300w, https:\/\/pab-rpg.fr\/wp-content\/uploads\/2021\/01\/exploration.jpg 400w\" sizes=\"(max-width: 300px) 100vw, 300px\" \/>Fouiller dans l&#8217;ancien Tombeau des horreurs, se faufiler dans les sombres ruelles de la Capitale, se frayer un chemin \u00e0 coup de lame dans l&#8217;\u00e9paisse jungle de l&#8217;\u00cele de la terreur, voil\u00e0 de quoi sont faites leurs prochaines heures. ils vont explorer des ruines oubli\u00e9es et des territoires jamais cartographi\u00e9s, d\u00e9couvrir de sombres secrets et des complots sinistres, et occire d&#8217;horribles monstres. Si tout va bien, ils survivront et obtiendront de riches r\u00e9compenses avant de repartir pour de nouvelles aventures.&nbsp;<\/p>\n<p>Ouvrons donc ce livre l\u00e9gendaire qui narre les aventures de nos futurs h\u00e9ros;<\/p>\n\n\n<div class=\"wp-block-columns\">\n<div class=\"wp-block-column\">\n<p style=\"text-align: center;\"><strong>SAISON #1<\/strong><\/p>\n<ul>\n<li><a href=\"http:\/\/pab-rpg.fr\/index.php\/saison-1-episode-1\/\">Episode #1<\/a><\/li>\n<li><a href=\"http:\/\/pab-rpg.fr\/index.php\/saison-1-episode-2\/\">Episode #2<\/a><\/li>\n<li><a href=\"http:\/\/pab-rpg.fr\/index.php\/saison-1-episode-3\/\">Episode #3<\/a><\/li>\n<li><a href=\"http:\/\/pab-rpg.fr\/index.php\/saison-1-episode-4\/\">Episode #4<\/a><\/li>\n<li><a href=\"http:\/\/pab-rpg.fr\/index.php\/saison-1-episode-5\/\">Episode #5<\/a><\/li>\n<li><a href=\"http:\/\/pab-rpg.fr\/index.php\/saison-1-episode-6\/\">Episode #6<\/a><\/li>\n<li><a href=\"http:\/\/pab-rpg.fr\/index.php\/saison-1-episode-7\/\">Episode #7<\/a><\/li>\n<\/ul>\n<\/div>\n\n\n\n<div class=\"wp-block-column\">\n<p style=\"text-align: center;\"><strong>SAISON #2<\/strong><\/p>\n<ul>\n<li><a href=\"http:\/\/pab-rpg.fr\/index.php\/saison-2-episode-1\/\">Episode #1<\/a><\/li>\n<li><a href=\"http:\/\/pab-rpg.fr\/index.php\/saison-2-episode-2\/\">Episode #2<\/a><\/li>\n<li><a href=\"http:\/\/pab-rpg.fr\/index.php\/saison-2-episode-3\/\">Episode #3<\/a><\/li>\n<li>Episode #4<\/li>\n<li>Episode #5<\/li>\n<li>Episode #6<\/li>\n<li>Episode #7<\/li>\n<\/ul>\n\n\n\n<p><\/p>\n<\/div>\n<\/div>\n","protected":false},"excerpt":{"rendered":"<p>Tout commence par les Aventuriers; ces personnes dont la vie est faite de confrontations avec des univers, qu&#8217;ils p\u00e9n\u00e8trent sans en \u00eatre naturellement familier, par simple go\u00fbt de l&#8217;inconnu, de richesses ou avec d&#8217;autres buts. Sans en redouter les risques, ils puisent leur \u00e9nergie dans ces rencontres, ces d\u00e9couvertes et [&hellip;]<\/p>\n","protected":false},"author":1,"featured_media":0,"parent":0,"menu_order":0,"comment_status":"closed","ping_status":"closed","template":"","meta":[],"_links":{"self":[{"href":"https:\/\/pab-rpg.fr\/index.php\/wp-json\/wp\/v2\/pages\/519"}],"collection":[{"href":"https:\/\/pab-rpg.fr\/index.php\/wp-json\/wp\/v2\/pages"}],"about":[{"href":"https:\/\/pab-rpg.fr\/index.php\/wp-json\/wp\/v2\/types\/page"}],"author":[{"embeddable":true,"href":"https:\/\/pab-rpg.fr\/index.php\/wp-json\/wp\/v2\/users\/1"}],"replies":[{"embeddable":true,"href":"https:\/\/pab-rpg.fr\/index.php\/wp-json\/wp\/v2\/comments?post=519"}],"version-history":[{"count":32,"href":"https:\/\/pab-rpg.fr\/index.php\/wp-json\/wp\/v2\/pages\/519\/revisions"}],"predecessor-version":[{"id":1187,"href":"https:\/\/pab-rpg.fr\/index.php\/wp-json\/wp\/v2\/pages\/519\/revisions\/1187"}],"wp:attachment":[{"href":"https:\/\/pab-rpg.fr\/index.php\/wp-json\/wp\/v2\/media?parent=519"}],"curies":[{"name":"wp","href":"https:\/\/api.w.org\/{rel}","templated":true}]}}