{"id":529,"date":"2021-01-04T11:02:07","date_gmt":"2021-01-04T10:02:07","guid":{"rendered":"http:\/\/pab-rpg.fr\/?page_id=529"},"modified":"2021-01-07T12:01:03","modified_gmt":"2021-01-07T11:01:03","slug":"les-pjs","status":"publish","type":"page","link":"https:\/\/pab-rpg.fr\/index.php\/les-pjs\/","title":{"rendered":"Les PJs"},"content":{"rendered":"\n<div class=\"wp-block-themeisle-blocks-advanced-columns has-2-columns has-desktop-oneTwo-layout has-tablet-equal-layout has-mobile-collapsedRows-layout has-default-gap has-vertical-unset\" id=\"wp-block-themeisle-blocks-advanced-columns-c27bde06\"><div class=\"wp-block-themeisle-blocks-advanced-columns-overlay\"><\/div><div class=\"innerblocks-wrap\">\n<div class=\"wp-block-themeisle-blocks-advanced-column\" id=\"wp-block-themeisle-blocks-advanced-column-eef1918a\">\n<figure class=\"wp-block-image size-large is-resized\"><img loading=\"lazy\" src=\"http:\/\/pab-rpg.fr\/wp-content\/uploads\/2021\/01\/Andfrid-1024x885.jpg\" alt=\"\" class=\"wp-image-537\" width=\"238\" height=\"205\" srcset=\"https:\/\/pab-rpg.fr\/wp-content\/uploads\/2021\/01\/Andfrid-1024x885.jpg 1024w, https:\/\/pab-rpg.fr\/wp-content\/uploads\/2021\/01\/Andfrid-300x259.jpg 300w, https:\/\/pab-rpg.fr\/wp-content\/uploads\/2021\/01\/Andfrid-768x664.jpg 768w, https:\/\/pab-rpg.fr\/wp-content\/uploads\/2021\/01\/Andfrid.jpg 1200w\" sizes=\"(max-width: 238px) 100vw, 238px\" \/><\/figure>\n<\/div>\n\n\n\n<div class=\"wp-block-themeisle-blocks-advanced-column\" id=\"wp-block-themeisle-blocks-advanced-column-f1c6fcf5\">\n<p><strong>ANFRID<\/strong><\/p>\n\n\n\n<p><em>El\u00e9mentaliste humain<\/em><\/p>\n\n\n\n<p>Ses parents, ayant contract\u00e9 \u00e9norm\u00e9ment de dette, se retrouvent harcel\u00e9 par leur cr\u00e9anciers. Un soir, ces derniers envoy\u00e8rent des usuriers au domicile familial pour se servir, mais les parents furent tu\u00e9s&#8230;<\/p>\n<\/div>\n<\/div><\/div>\n\n\n\n<div class=\"wp-block-themeisle-blocks-advanced-columns has-2-columns has-desktop-oneTwo-layout has-tablet-equal-layout has-mobile-collapsedRows-layout has-default-gap has-vertical-unset\" id=\"wp-block-themeisle-blocks-advanced-columns-aabaf1d7\"><div class=\"wp-block-themeisle-blocks-advanced-columns-overlay\"><\/div><div class=\"innerblocks-wrap\">\n<div class=\"wp-block-themeisle-blocks-advanced-column\" id=\"wp-block-themeisle-blocks-advanced-column-dc9d56e5\">\n<figure class=\"wp-block-image size-large is-resized\"><img loading=\"lazy\" src=\"http:\/\/pab-rpg.fr\/wp-content\/uploads\/2021\/01\/Angmar.png\" alt=\"\" class=\"wp-image-561\" width=\"218\" height=\"254\" srcset=\"https:\/\/pab-rpg.fr\/wp-content\/uploads\/2021\/01\/Angmar.png 322w, https:\/\/pab-rpg.fr\/wp-content\/uploads\/2021\/01\/Angmar-256x300.png 256w\" sizes=\"(max-width: 218px) 100vw, 218px\" \/><\/figure>\n<\/div>\n\n\n\n<div class=\"wp-block-themeisle-blocks-advanced-column\" id=\"wp-block-themeisle-blocks-advanced-column-e34caf2c\">\n<p><strong>ANGMAR<\/strong><\/p>\n\n\n\n<p><em>Assassin humain<\/em><\/p>\n\n\n\n<p>Orphelin, il a toujours eu un objectif dans sa vie : devenir riche ! C\u2019est pourquoi il vendait ses services en tant que mercenaire dans sa ville d\u2019origine. Il se rendit vite compte que le meurtre rapportait beaucoup\u2026<\/p>\n<\/div>\n<\/div><\/div>\n\n\n\n<div class=\"wp-block-themeisle-blocks-advanced-columns has-2-columns has-desktop-oneTwo-layout has-tablet-equal-layout has-mobile-collapsedRows-layout has-default-gap has-vertical-unset\" id=\"wp-block-themeisle-blocks-advanced-columns-805373e3\"><div class=\"wp-block-themeisle-blocks-advanced-columns-overlay\"><\/div><div class=\"innerblocks-wrap\">\n<div class=\"wp-block-themeisle-blocks-advanced-column\" id=\"wp-block-themeisle-blocks-advanced-column-b9b2ca5c\">\n<figure class=\"wp-block-image size-large is-resized\"><img loading=\"lazy\" src=\"http:\/\/pab-rpg.fr\/wp-content\/uploads\/2021\/01\/Thomas.jpg\" alt=\"\" class=\"wp-image-553\" width=\"191\" height=\"287\" srcset=\"https:\/\/pab-rpg.fr\/wp-content\/uploads\/2021\/01\/Thomas.jpg 564w, https:\/\/pab-rpg.fr\/wp-content\/uploads\/2021\/01\/Thomas-200x300.jpg 200w\" sizes=\"(max-width: 191px) 100vw, 191px\" \/><\/figure>\n<\/div>\n\n\n\n<div class=\"wp-block-themeisle-blocks-advanced-column\" id=\"wp-block-themeisle-blocks-advanced-column-97d1aff2\">\n<p><strong>Tourvan DURACIER<\/strong><\/p>\n\n\n\n<p><em>Guerrier humain<\/em><\/p>\n\n\n\n<p>Tourvan dit \u00ab Toudur \u00bb est n\u00e9 dans un village perdu des montagnes des cha\u00eenes du Gonefrai. La terre n&#8217;\u00e9tant pas hospitali\u00e8re, l&#8217;entraide et l&#8217;esprit de groupe \u00e9taient des concepts cruciaux \u00e0 la survie du village. Apr\u00e8s une enfance assez rude physiquement, Toudur fut enr\u00f4l\u00e9 \u00e0 la chasse. Ce n&#8217;\u00e9tait pas une activit\u00e9 qui le r\u00e9jouissait, mais il se sentait utile.<\/p>\n<\/div>\n<\/div><\/div>\n\n\n\n<div class=\"wp-block-themeisle-blocks-advanced-columns has-2-columns has-desktop-oneTwo-layout has-tablet-equal-layout has-mobile-collapsedRows-layout has-default-gap has-vertical-unset\" id=\"wp-block-themeisle-blocks-advanced-columns-95e18ff8\"><div class=\"wp-block-themeisle-blocks-advanced-columns-overlay\"><\/div><div class=\"innerblocks-wrap\">\n<div class=\"wp-block-themeisle-blocks-advanced-column\" id=\"wp-block-themeisle-blocks-advanced-column-c8210b7c\">\n<figure class=\"wp-block-image size-large is-resized\"><img loading=\"lazy\" src=\"http:\/\/pab-rpg.fr\/wp-content\/uploads\/2021\/01\/Escanor.png\" alt=\"\" class=\"wp-image-540\" width=\"162\" height=\"263\" srcset=\"https:\/\/pab-rpg.fr\/wp-content\/uploads\/2021\/01\/Escanor.png 198w, https:\/\/pab-rpg.fr\/wp-content\/uploads\/2021\/01\/Escanor-184x300.png 184w\" sizes=\"(max-width: 162px) 100vw, 162px\" \/><\/figure>\n<\/div>\n\n\n\n<div class=\"wp-block-themeisle-blocks-advanced-column\" id=\"wp-block-themeisle-blocks-advanced-column-a88d419b\">\n<p><strong>ESCANOR<\/strong><\/p>\n\n\n\n<p><em>Pr\u00eatre du Soleil humain<\/em><\/p>\n\n\n\n<p>Au cours de ses \u00e9tudes il d\u00e9couvrit l&#8217;existence d&#8217;une relique li\u00e9e au soleil nom\u00e9e Rhitta et d\u00e9veloppa le pouvoir d&#8217;Ensoleillement qu&#8217;il ne contr\u00f4lait pas et f\u00fbt chass\u00e9 de son Royaume natal&#8230;<\/p>\n<\/div>\n<\/div><\/div>\n\n\n\n<div class=\"wp-block-themeisle-blocks-advanced-columns has-2-columns has-desktop-oneTwo-layout has-tablet-equal-layout has-mobile-collapsedRows-layout has-default-gap has-vertical-unset\" id=\"wp-block-themeisle-blocks-advanced-columns-d38a2664\"><div class=\"wp-block-themeisle-blocks-advanced-columns-overlay\"><\/div><div class=\"innerblocks-wrap\">\n<div class=\"wp-block-themeisle-blocks-advanced-column\" id=\"wp-block-themeisle-blocks-advanced-column-fcf98a75\">\n<figure class=\"wp-block-image size-large is-resized\"><img loading=\"lazy\" src=\"http:\/\/pab-rpg.fr\/wp-content\/uploads\/2021\/01\/Jhill.jpg\" alt=\"\" class=\"wp-image-574\" width=\"186\" height=\"258\" srcset=\"https:\/\/pab-rpg.fr\/wp-content\/uploads\/2021\/01\/Jhill.jpg 369w, https:\/\/pab-rpg.fr\/wp-content\/uploads\/2021\/01\/Jhill-216x300.jpg 216w\" sizes=\"(max-width: 186px) 100vw, 186px\" \/><\/figure>\n<\/div>\n\n\n\n<div class=\"wp-block-themeisle-blocks-advanced-column\" id=\"wp-block-themeisle-blocks-advanced-column-d51f6a4f\">\n<p><strong>JHILL<\/strong><\/p>\n\n\n\n<p><em>Conjurateur divin elfe<\/em><\/p>\n\n\n\n<p>N\u00e9e dans une famille assez modeste de servants pour la reine des elfes, elle assite \u00e0 la mort de ses parents au cours d\u2019un voyage protocolaire, le convoi est attaqu\u00e9 par des orques. Recueillie par une poign\u00e9e de dryades, elle grandit coup\u00e9e du monde et d\u00e9couvre une puissante magie de la nature et des Dieux. Elev\u00e9e dans le respect du cycle naturel de la vie, l\u2019ordre et la paix, elle se d\u00e9cide \u00e0 quitter ses m\u00e8res d\u2019adoption apr\u00e8s que celles-ci aient eut une vision d\u2019un monde boulevers\u00e9 par l\u2019apparition de puissantes forces occultes. D\u00e9termin\u00e9e \u00e0 ne pas laisser la nature \u00eatre corrompue par le mal, elle part donc \u00e0 sa rencontre&#8230;<\/p>\n<\/div>\n<\/div><\/div>\n\n\n\n<div class=\"wp-block-themeisle-blocks-advanced-columns has-2-columns has-desktop-equal-layout has-tablet-equal-layout has-mobile-collapsedRows-layout has-default-gap has-vertical-flex-start\" id=\"wp-block-themeisle-blocks-advanced-columns-80e2d325\"><div class=\"wp-block-themeisle-blocks-advanced-columns-overlay\"><\/div><div class=\"innerblocks-wrap\">\n<div class=\"wp-block-themeisle-blocks-advanced-column\" id=\"wp-block-themeisle-blocks-advanced-column-e71fe3b2\">\n<figure class=\"wp-block-image size-large is-resized\"><img loading=\"lazy\" src=\"http:\/\/pab-rpg.fr\/wp-content\/uploads\/2021\/01\/Kerion.jpg\" alt=\"\" class=\"wp-image-556\" width=\"306\" height=\"170\"\/><\/figure>\n<\/div>\n\n\n\n<div class=\"wp-block-themeisle-blocks-advanced-column\" id=\"wp-block-themeisle-blocks-advanced-column-ed0b1ee0\">\n<p><strong>KERION<\/strong><\/p>\n\n\n\n<p><em>Moine humain<\/em><\/p>\n\n\n\n<p>\u00c9lev\u00e9 dans un monast\u00e8re, il apprend la vie en groupe, l&#8217;entrainement militaire, et \u00e0 suivre des ordres strictes.  Le respect des anciens est un \u00e9l\u00e9ment principal ainsi que la discipline et la hi\u00e9rarchie.<\/p>\n<\/div>\n<\/div><\/div>\n\n\n\n<div class=\"wp-block-themeisle-blocks-advanced-columns has-2-columns has-desktop-oneTwo-layout has-tablet-equal-layout has-mobile-collapsedRows-layout has-default-gap has-vertical-unset\" id=\"wp-block-themeisle-blocks-advanced-columns-5a25b96e\"><div class=\"wp-block-themeisle-blocks-advanced-columns-overlay\"><\/div><div class=\"innerblocks-wrap\">\n<div class=\"wp-block-themeisle-blocks-advanced-column\" id=\"wp-block-themeisle-blocks-advanced-column-bfef4c62\">\n<figure class=\"wp-block-image size-large is-resized\"><img loading=\"lazy\" src=\"http:\/\/pab-rpg.fr\/wp-content\/uploads\/2021\/01\/Augilur.png\" alt=\"\" class=\"wp-image-546\" width=\"196\" height=\"256\" srcset=\"https:\/\/pab-rpg.fr\/wp-content\/uploads\/2021\/01\/Augilur.png 696w, https:\/\/pab-rpg.fr\/wp-content\/uploads\/2021\/01\/Augilur-229x300.png 229w\" sizes=\"(max-width: 196px) 100vw, 196px\" \/><\/figure>\n<\/div>\n\n\n\n<div class=\"wp-block-themeisle-blocks-advanced-column\" id=\"wp-block-themeisle-blocks-advanced-column-45d69cb3\">\n<p><strong>Augilur KOURGHOM<\/strong><\/p>\n\n\n\n<p><em>Forgeron Guerrier nain<\/em><\/p>\n\n\n\n<p>Fils d&#8217;un forgeron le plus r\u00e9put\u00e9 , il aspire \u00e0 relever l&#8217;artisanat de son p\u00e8re. Mais les contrefa\u00e7ons portent pr\u00e9judice \u00e0 son commerce et la famille doit fuir et se s\u00e9parer pour \u00e9viter l&#8217;ire des militaires. Il entreprend un long voyage afin de rencontrer les forgerons r\u00e9put\u00e9s pour trouver sa propre trempe.<\/p>\n<\/div>\n<\/div><\/div>\n\n\n\n<div class=\"wp-block-themeisle-blocks-advanced-columns has-2-columns has-desktop-oneTwo-layout has-tablet-equal-layout has-mobile-collapsedRows-layout has-default-gap has-vertical-unset\" id=\"wp-block-themeisle-blocks-advanced-columns-a9aeffdf\"><div class=\"wp-block-themeisle-blocks-advanced-columns-overlay\"><\/div><div class=\"innerblocks-wrap\">\n<div class=\"wp-block-themeisle-blocks-advanced-column\" id=\"wp-block-themeisle-blocks-advanced-column-c65281d0\">\n<figure class=\"wp-block-image size-large is-resized\"><img loading=\"lazy\" src=\"http:\/\/pab-rpg.fr\/wp-content\/uploads\/2021\/01\/Lydia.png\" alt=\"\" class=\"wp-image-542\" width=\"188\" height=\"280\" srcset=\"https:\/\/pab-rpg.fr\/wp-content\/uploads\/2021\/01\/Lydia.png 216w, https:\/\/pab-rpg.fr\/wp-content\/uploads\/2021\/01\/Lydia-201x300.png 201w\" sizes=\"(max-width: 188px) 100vw, 188px\" \/><\/figure>\n<\/div>\n\n\n\n<div class=\"wp-block-themeisle-blocks-advanced-column\" id=\"wp-block-themeisle-blocks-advanced-column-dc574a18\">\n<p><strong>LYDIA<\/strong><\/p>\n\n\n\n<p><em>Paladin humain<\/em>e<\/p>\n\n\n\n<p>A 15 ans, elle rejoignit un ordre de Paladins qui lui apprit l\u2019art de la guerre. Elle \u00e9tait l\u2019une des \u00e9cuy\u00e8res d\u2019un Grand Paladin. Elle se battait davantage pour prot\u00e9ger son peuple. Elle apprit l\u2019art de la strat\u00e9gie militaire et s&#8217;impr\u00e9gna des valeurs de l\u2019ordre. Son p\u00e8re devait la marier \u00e0 un Lord et forger une alliance avec un Royaume plus puissant et plus riche. Elle quitta les siens pour b\u00e2tir son propre Ordre \u2026.<\/p>\n<\/div>\n<\/div><\/div>\n\n\n\n<div class=\"wp-block-themeisle-blocks-advanced-columns has-2-columns has-desktop-oneTwo-layout has-tablet-equal-layout has-mobile-collapsedRows-layout has-default-gap has-vertical-unset\" id=\"wp-block-themeisle-blocks-advanced-columns-dfa61dff\"><div class=\"wp-block-themeisle-blocks-advanced-columns-overlay\"><\/div><div class=\"innerblocks-wrap\">\n<div class=\"wp-block-themeisle-blocks-advanced-column\" id=\"wp-block-themeisle-blocks-advanced-column-ec25832e\">\n<figure class=\"wp-block-image size-large is-resized\"><img loading=\"lazy\" src=\"http:\/\/pab-rpg.fr\/wp-content\/uploads\/2021\/01\/Maiev-1024x1024.jpg\" alt=\"\" class=\"wp-image-567\" width=\"231\" height=\"231\" srcset=\"https:\/\/pab-rpg.fr\/wp-content\/uploads\/2021\/01\/Maiev-1024x1024.jpg 1024w, https:\/\/pab-rpg.fr\/wp-content\/uploads\/2021\/01\/Maiev-300x300.jpg 300w, https:\/\/pab-rpg.fr\/wp-content\/uploads\/2021\/01\/Maiev-150x150.jpg 150w, https:\/\/pab-rpg.fr\/wp-content\/uploads\/2021\/01\/Maiev-768x768.jpg 768w, https:\/\/pab-rpg.fr\/wp-content\/uploads\/2021\/01\/Maiev-1536x1536.jpg 1536w, https:\/\/pab-rpg.fr\/wp-content\/uploads\/2021\/01\/Maiev.jpg 1920w\" sizes=\"(max-width: 231px) 100vw, 231px\" \/><\/figure>\n<\/div>\n\n\n\n<div class=\"wp-block-themeisle-blocks-advanced-column\" id=\"wp-block-themeisle-blocks-advanced-column-272c01cd\">\n<p><strong>MAIEV<\/strong><\/p>\n\n\n\n<p><em>El\u00e9mentaliste demi elf<\/em><\/p>\n\n\n\n<p>Ami depuis plus de 5 ans \u00e0 Tourvan Duracier, il souffre d&#8217;une m\u00e9fiance maladive envers les autres aventuriers. <\/p>\n<\/div>\n<\/div><\/div>\n\n\n\n<div class=\"wp-block-themeisle-blocks-advanced-columns has-2-columns has-desktop-oneTwo-layout has-tablet-equal-layout has-mobile-collapsedRows-layout has-default-gap has-vertical-unset\" id=\"wp-block-themeisle-blocks-advanced-columns-4f96768c\"><div class=\"wp-block-themeisle-blocks-advanced-columns-overlay\"><\/div><div class=\"innerblocks-wrap\">\n<div class=\"wp-block-themeisle-blocks-advanced-column\" id=\"wp-block-themeisle-blocks-advanced-column-6ee99605\">\n<figure class=\"wp-block-image size-large is-resized\"><img loading=\"lazy\" src=\"http:\/\/pab-rpg.fr\/wp-content\/uploads\/2021\/01\/Malfurion.png\" alt=\"\" class=\"wp-image-571\" width=\"211\" height=\"258\" srcset=\"https:\/\/pab-rpg.fr\/wp-content\/uploads\/2021\/01\/Malfurion.png 280w, https:\/\/pab-rpg.fr\/wp-content\/uploads\/2021\/01\/Malfurion-246x300.png 246w\" sizes=\"(max-width: 211px) 100vw, 211px\" \/><\/figure>\n<\/div>\n\n\n\n<div class=\"wp-block-themeisle-blocks-advanced-column\" id=\"wp-block-themeisle-blocks-advanced-column-1ca388e7\">\n<p><strong>MALFURION<\/strong><\/p>\n\n\n\n<p><em>Invocateur elf<\/em><\/p>\n\n\n\n<p>Fils du roi des elfes et digne h\u00e9ritier du tr\u00f4ne, il fut banni des terres des elfes pour tentative d&#8217;assassinat sur son p\u00e8re. Il tend de plus en plus vers la folie et la n\u00e9cromancie bien que son c\u00f4t\u00e9 protecteur et bienveillant tente de rester en surface. Il veut devenir l&#8217;elfe noir le plus puissant des ces terres.<\/p>\n<\/div>\n<\/div><\/div>\n\n\n\n<div class=\"wp-block-themeisle-blocks-advanced-columns has-2-columns has-desktop-oneTwo-layout has-tablet-equal-layout has-mobile-collapsedRows-layout has-default-gap has-vertical-unset\" id=\"wp-block-themeisle-blocks-advanced-columns-ab3d9f7f\"><div class=\"wp-block-themeisle-blocks-advanced-columns-overlay\"><\/div><div class=\"innerblocks-wrap\">\n<div class=\"wp-block-themeisle-blocks-advanced-column\" id=\"wp-block-themeisle-blocks-advanced-column-2e533d9e\">\n<figure class=\"wp-block-image size-large is-resized\"><img loading=\"lazy\" src=\"http:\/\/pab-rpg.fr\/wp-content\/uploads\/2021\/01\/Ozpin.png\" alt=\"\" class=\"wp-image-565\" width=\"211\" height=\"316\" srcset=\"https:\/\/pab-rpg.fr\/wp-content\/uploads\/2021\/01\/Ozpin.png 314w, https:\/\/pab-rpg.fr\/wp-content\/uploads\/2021\/01\/Ozpin-200x300.png 200w\" sizes=\"(max-width: 211px) 100vw, 211px\" \/><\/figure>\n<\/div>\n\n\n\n<div class=\"wp-block-themeisle-blocks-advanced-column\" id=\"wp-block-themeisle-blocks-advanced-column-89417328\">\n<p><strong>OZPIN<\/strong><\/p>\n\n\n\n<p><em>Barde demi elf<\/em><\/p>\n\n\n\n<p>Orphelin, il a \u00e9t\u00e9 recueilli par un barde vagabond du nom de Ren<br>qui lui a appris \u00e0 se d\u00e9fendre, a jouer et chanter.<br>Apr\u00e8s avoir voyag\u00e9 quelques ann\u00e9es ensembles, Ren \u00e0 disparu une nuit, sans aucune explication. Il laissera juste sa pr\u00e9cieuse guitare, appel\u00e9e Larix.<br>A pr\u00e9sent il vagabonde \u00e0 travers le pays, en jouant dans des tavernes pour avoir un toit et un repas.<\/p>\n<\/div>\n<\/div><\/div>\n\n\n\n<div class=\"wp-block-themeisle-blocks-advanced-columns has-2-columns has-desktop-oneTwo-layout has-tablet-equal-layout has-mobile-collapsedRows-layout has-default-gap has-vertical-unset\" id=\"wp-block-themeisle-blocks-advanced-columns-53f162fb\"><div class=\"wp-block-themeisle-blocks-advanced-columns-overlay\"><\/div><div class=\"innerblocks-wrap\">\n<div class=\"wp-block-themeisle-blocks-advanced-column\" id=\"wp-block-themeisle-blocks-advanced-column-44b21748\">\n<figure class=\"wp-block-image size-large\"><img loading=\"lazy\" width=\"1024\" height=\"576\" src=\"http:\/\/pab-rpg.fr\/wp-content\/uploads\/2021\/01\/Roreug-1024x576.jpg\" alt=\"\" class=\"wp-image-577\" srcset=\"https:\/\/pab-rpg.fr\/wp-content\/uploads\/2021\/01\/Roreug-1024x576.jpg 1024w, https:\/\/pab-rpg.fr\/wp-content\/uploads\/2021\/01\/Roreug-300x169.jpg 300w, https:\/\/pab-rpg.fr\/wp-content\/uploads\/2021\/01\/Roreug-768x432.jpg 768w, https:\/\/pab-rpg.fr\/wp-content\/uploads\/2021\/01\/Roreug.jpg 1202w\" sizes=\"(max-width: 1024px) 100vw, 1024px\" \/><\/figure>\n<\/div>\n\n\n\n<div class=\"wp-block-themeisle-blocks-advanced-column\" id=\"wp-block-themeisle-blocks-advanced-column-1af71f13\">\n<p><strong>ROREUG<\/strong><\/p>\n\n\n\n<p><em>Inquisiteur humain<\/em><\/p>\n\n\n\n<p>Mercenaire de l&#8217;\u00e9glise, il traque les forces occultes en solitaire<\/p>\n<\/div>\n<\/div><\/div>\n\n\n\n<div class=\"wp-block-themeisle-blocks-advanced-columns has-2-columns has-desktop-oneTwo-layout has-tablet-equal-layout has-mobile-collapsedRows-layout has-default-gap has-vertical-unset\" id=\"wp-block-themeisle-blocks-advanced-columns-fe1481ff\"><div class=\"wp-block-themeisle-blocks-advanced-columns-overlay\"><\/div><div class=\"innerblocks-wrap\">\n<div class=\"wp-block-themeisle-blocks-advanced-column\" id=\"wp-block-themeisle-blocks-advanced-column-7af6c570\">\n<figure class=\"wp-block-image size-large\"><img loading=\"lazy\" width=\"966\" height=\"644\" src=\"http:\/\/pab-rpg.fr\/wp-content\/uploads\/2021\/01\/Qrow.png\" alt=\"\" class=\"wp-image-713\" srcset=\"https:\/\/pab-rpg.fr\/wp-content\/uploads\/2021\/01\/Qrow.png 966w, https:\/\/pab-rpg.fr\/wp-content\/uploads\/2021\/01\/Qrow-300x200.png 300w, https:\/\/pab-rpg.fr\/wp-content\/uploads\/2021\/01\/Qrow-768x512.png 768w, https:\/\/pab-rpg.fr\/wp-content\/uploads\/2021\/01\/Qrow-360x240.png 360w\" sizes=\"(max-width: 966px) 100vw, 966px\" \/><\/figure>\n<\/div>\n\n\n\n<div class=\"wp-block-themeisle-blocks-advanced-column\" id=\"wp-block-themeisle-blocks-advanced-column-a2f44c1e\">\n<p><strong>QROW<\/strong><\/p>\n\n\n\n<p><em>Paladin humain<\/em><\/p>\n\n\n\n<p>Gamin des rues orphelin recueilli par l&#8217;Eglise, il a \u00e9t\u00e9 \u00e9lev\u00e9 et form\u00e9 dans le but de devenir un soldat. De la religion, hormis sa foi, il n&#8217;a gard\u00e9 que les lignes de conduites et les principes moraux, des saintes \u00e9critures. Loin d&#8217;\u00eatre un croyant fanatique ou un chien \u00e0 la solde de l&#8217;Eglise, c&#8217;est un homme Loyal et investi dans ce qu&#8217;il croit \u00eatre juste. Toutefois, son pass\u00e9 sombre fait qu&#8217;il est un peu port\u00e9 sur la bouteille et qu&#8217;il aime trousser la gueuse de temps \u00e0 autre<\/p>\n<\/div>\n<\/div><\/div>\n\n\n\n<div class=\"wp-block-themeisle-blocks-advanced-columns has-2-columns has-desktop-oneTwo-layout has-tablet-equal-layout has-mobile-collapsedRows-layout has-default-gap has-vertical-unset\" id=\"wp-block-themeisle-blocks-advanced-columns-dfe47c1f\"><div class=\"wp-block-themeisle-blocks-advanced-columns-overlay\"><\/div><div class=\"innerblocks-wrap\">\n<div class=\"wp-block-themeisle-blocks-advanced-column\" id=\"wp-block-themeisle-blocks-advanced-column-eb8db948\">\n<figure class=\"wp-block-image size-large\"><img loading=\"lazy\" width=\"308\" height=\"560\" src=\"http:\/\/pab-rpg.fr\/wp-content\/uploads\/2021\/01\/Aleksei.jpg\" alt=\"\" class=\"wp-image-530\" srcset=\"https:\/\/pab-rpg.fr\/wp-content\/uploads\/2021\/01\/Aleksei.jpg 308w, https:\/\/pab-rpg.fr\/wp-content\/uploads\/2021\/01\/Aleksei-165x300.jpg 165w\" sizes=\"(max-width: 308px) 100vw, 308px\" \/><\/figure>\n<\/div>\n\n\n\n<div class=\"wp-block-themeisle-blocks-advanced-column\" id=\"wp-block-themeisle-blocks-advanced-column-ef4722a8\">\n<p><strong>Aleksei Velimir ROZENHERZ<\/strong><\/p>\n\n\n\n<p><em>Invocateur humain<\/em><\/p>\n\n\n\n<p>En interaction entre le plan mat\u00e9riel et les autres plans, un vortex \u00e9th\u00e9r\u00e9 s&#8217;est ouvert sur sa demeure, et sa femme et son fils disparurent  La mort les a sans doute cueilli. Il n&#8217;en connait pas l&#8217;origine et cherche des r\u00e9ponses pour retrouver sa famille, ou du moins leur \u00e2me\u2026 Si elles existent quelque part\u2026<\/p>\n<\/div>\n<\/div><\/div>\n\n\n<p><img loading=\"lazy\" src=\"http:\/\/pab-rpg.fr\/wp-content\/uploads\/2021\/01\/images-300x61.png\" alt=\"\" width=\"300\" height=\"61\" class=\"alignnone size-medium wp-image-429 aligncenter\" srcset=\"https:\/\/pab-rpg.fr\/wp-content\/uploads\/2021\/01\/images-300x61.png 300w, https:\/\/pab-rpg.fr\/wp-content\/uploads\/2021\/01\/images.png 498w\" sizes=\"(max-width: 300px) 100vw, 300px\" \/><\/p>\n\n\n<p><\/p>\n","protected":false},"excerpt":{"rendered":"","protected":false},"author":1,"featured_media":0,"parent":0,"menu_order":0,"comment_status":"closed","ping_status":"closed","template":"","meta":[],"_links":{"self":[{"href":"https:\/\/pab-rpg.fr\/index.php\/wp-json\/wp\/v2\/pages\/529"}],"collection":[{"href":"https:\/\/pab-rpg.fr\/index.php\/wp-json\/wp\/v2\/pages"}],"about":[{"href":"https:\/\/pab-rpg.fr\/index.php\/wp-json\/wp\/v2\/types\/page"}],"author":[{"embeddable":true,"href":"https:\/\/pab-rpg.fr\/index.php\/wp-json\/wp\/v2\/users\/1"}],"replies":[{"embeddable":true,"href":"https:\/\/pab-rpg.fr\/index.php\/wp-json\/wp\/v2\/comments?post=529"}],"version-history":[{"count":24,"href":"https:\/\/pab-rpg.fr\/index.php\/wp-json\/wp\/v2\/pages\/529\/revisions"}],"predecessor-version":[{"id":715,"href":"https:\/\/pab-rpg.fr\/index.php\/wp-json\/wp\/v2\/pages\/529\/revisions\/715"}],"wp:attachment":[{"href":"https:\/\/pab-rpg.fr\/index.php\/wp-json\/wp\/v2\/media?parent=529"}],"curies":[{"name":"wp","href":"https:\/\/api.w.org\/{rel}","templated":true}]}}