{"id":594,"date":"2021-01-04T22:02:29","date_gmt":"2021-01-04T21:02:29","guid":{"rendered":"http:\/\/pab-rpg.fr\/?page_id=594"},"modified":"2021-01-04T22:05:55","modified_gmt":"2021-01-04T21:05:55","slug":"manuel-des-plans","status":"publish","type":"page","link":"https:\/\/pab-rpg.fr\/index.php\/manuel-des-plans\/","title":{"rendered":"Manuel des Plans"},"content":{"rendered":"\n<div class=\"wp-block-themeisle-blocks-advanced-columns has-1-columns has-desktop-equal-layout has-tablet-equal-layout has-mobile-equal-layout has-default-gap has-vertical-unset\" id=\"wp-block-themeisle-blocks-advanced-columns-880bae5f\"><div class=\"wp-block-themeisle-blocks-advanced-columns-overlay\"><\/div><div class=\"innerblocks-wrap\">\n<div class=\"wp-block-themeisle-blocks-advanced-column\" id=\"wp-block-themeisle-blocks-advanced-column-2aa2c83b\">\n<p>Le Plan Mat\u00e9riel sur lequel nous vivons habituellement est entour\u00e9 de 6 autres plans connus et r\u00e9pertori\u00e9s par les hauts astrologues \u00e9rudits. On recense donc;<\/p>\n<ol>\n<li>le Plan des Dieux<\/li>\n<li>Le Plan Mystique<\/li>\n<li>Le Plan des Dragons<\/li>\n<li>le Plan des Morts<\/li>\n<li>le Plan des D\u00e9mons<\/li>\n<li>le Plan N\u00e9gatif<\/li>\n<li>le Plan Mat\u00e9riel (au centre)<\/li>\n<\/ol>\n<p><img loading=\"lazy\" src=\"http:\/\/pab-rpg.fr\/wp-content\/uploads\/2021\/01\/Plans-289x300.png\" alt=\"\" width=\"289\" height=\"300\" class=\"size-medium wp-image-595 aligncenter\" srcset=\"https:\/\/pab-rpg.fr\/wp-content\/uploads\/2021\/01\/Plans-289x300.png 289w, https:\/\/pab-rpg.fr\/wp-content\/uploads\/2021\/01\/Plans.png 740w\" sizes=\"(max-width: 289px) 100vw, 289px\" \/><\/p>\n<p>Ces Plans sont en mouvement perp\u00e9tuel les uns par rapport aux autres dans un vaste environnement Eth\u00e9r\u00e9. Parfois dans leur mouvement ces plans convergent et des zones se trouvent &#8220;align\u00e9es&#8221; permettant \u00e0 des conjurateurs chevronn\u00e9s de cr\u00e9er des puits pour ouvrir un passage.\u00a0<\/p>\n<p style=\"text-align: center;\"><img loading=\"lazy\" src=\"http:\/\/pab-rpg.fr\/wp-content\/uploads\/2021\/01\/images-300x61.png\" alt=\"\" width=\"300\" height=\"61\" class=\"alignnone size-medium wp-image-429\" srcset=\"https:\/\/pab-rpg.fr\/wp-content\/uploads\/2021\/01\/images-300x61.png 300w, https:\/\/pab-rpg.fr\/wp-content\/uploads\/2021\/01\/images.png 498w\" sizes=\"(max-width: 300px) 100vw, 300px\" \/>\u00a0<\/p>\n<\/div>\n<\/div><\/div>\n\n\n\n<p><\/p>\n","protected":false},"excerpt":{"rendered":"","protected":false},"author":1,"featured_media":0,"parent":0,"menu_order":0,"comment_status":"closed","ping_status":"closed","template":"","meta":[],"_links":{"self":[{"href":"https:\/\/pab-rpg.fr\/index.php\/wp-json\/wp\/v2\/pages\/594"}],"collection":[{"href":"https:\/\/pab-rpg.fr\/index.php\/wp-json\/wp\/v2\/pages"}],"about":[{"href":"https:\/\/pab-rpg.fr\/index.php\/wp-json\/wp\/v2\/types\/page"}],"author":[{"embeddable":true,"href":"https:\/\/pab-rpg.fr\/index.php\/wp-json\/wp\/v2\/users\/1"}],"replies":[{"embeddable":true,"href":"https:\/\/pab-rpg.fr\/index.php\/wp-json\/wp\/v2\/comments?post=594"}],"version-history":[{"count":2,"href":"https:\/\/pab-rpg.fr\/index.php\/wp-json\/wp\/v2\/pages\/594\/revisions"}],"predecessor-version":[{"id":598,"href":"https:\/\/pab-rpg.fr\/index.php\/wp-json\/wp\/v2\/pages\/594\/revisions\/598"}],"wp:attachment":[{"href":"https:\/\/pab-rpg.fr\/index.php\/wp-json\/wp\/v2\/media?parent=594"}],"curies":[{"name":"wp","href":"https:\/\/api.w.org\/{rel}","templated":true}]}}