{"id":62,"date":"2018-02-06T17:03:20","date_gmt":"2018-02-06T16:03:20","guid":{"rendered":"http:\/\/192.168.1.35\/wordpress\/?page_id=62"},"modified":"2021-01-04T10:33:51","modified_gmt":"2021-01-04T09:33:51","slug":"aide-de-jeu","status":"publish","type":"page","link":"https:\/\/pab-rpg.fr\/index.php\/aide-de-jeu\/","title":{"rendered":"Aide de jeu"},"content":{"rendered":"<p><span>Dans la <\/span><i>fantasy<\/i><span> comme dans le <\/span><a title=\"\" href=\"https:\/\/fr.wikipedia.org\/wiki\/Merveilleux\">merveilleux<\/a><span>, le surnaturel est g\u00e9n\u00e9ralement accept\u00e9, voire utilis\u00e9 pour d\u00e9finir les r\u00e8gles d&#8217;un monde imaginaire, et n&#8217;est pas n\u00e9cessairement objet de doute ou de peur. Cela distingue la <\/span><i>fantasy<\/i><span> du <\/span><a title=\"Fantastique\" href=\"https:\/\/fr.wikipedia.org\/wiki\/Fantastique\">fantastique<\/a><span> o\u00f9 le surnaturel fait intrusion dans les r\u00e8gles du monde habituel, et de l&#8217;<\/span>horreur<span> o\u00f9 il suscite peur et angoisse.<\/span><\/p>\n<p>Nous allons vous aider et vous donner certaines bases:<\/p>\n<ul>\n<li><a href=\"http:\/\/www.pab-rpg.fr\/?page_id=69\" rel=\"noopener\">Race et Classes de Personnage<\/a><\/li>\n<li><a href=\"http:\/\/www.pab-rpg.fr\/?page_id=120\">Comp\u00e9tences<\/a><\/li>\n<li><a href=\"http:\/\/www.pab-rpg.fr\/?page_id=175\">Combat<\/a><\/li>\n<li><a href=\"http:\/\/www.pab-rpg.fr\/?page_id=345\">Magie<\/a><\/li>\n<li><a href=\"http:\/\/www.pab-rpg.fr\/?page_id=188\">Crafting<\/a><\/li>\n<\/ul>\n<p><img loading=\"lazy\" src=\"http:\/\/pab-rpg.fr\/wp-content\/uploads\/2021\/01\/images-300x61.png\" alt=\"\" width=\"300\" height=\"61\" class=\"alignnone size-medium wp-image-429 aligncenter\" srcset=\"https:\/\/pab-rpg.fr\/wp-content\/uploads\/2021\/01\/images-300x61.png 300w, https:\/\/pab-rpg.fr\/wp-content\/uploads\/2021\/01\/images.png 498w\" sizes=\"(max-width: 300px) 100vw, 300px\" \/><\/p>\n","protected":false},"excerpt":{"rendered":"<p>Dans la fantasy comme dans le merveilleux, le surnaturel est g\u00e9n\u00e9ralement accept\u00e9, voire utilis\u00e9 pour d\u00e9finir les r\u00e8gles d&#8217;un monde imaginaire, et n&#8217;est pas n\u00e9cessairement objet de doute ou de peur. Cela distingue la fantasy du fantastique o\u00f9 le surnaturel fait intrusion dans les r\u00e8gles du monde habituel, et de [&hellip;]<\/p>\n","protected":false},"author":2,"featured_media":63,"parent":0,"menu_order":0,"comment_status":"closed","ping_status":"closed","template":"","meta":[],"_links":{"self":[{"href":"https:\/\/pab-rpg.fr\/index.php\/wp-json\/wp\/v2\/pages\/62"}],"collection":[{"href":"https:\/\/pab-rpg.fr\/index.php\/wp-json\/wp\/v2\/pages"}],"about":[{"href":"https:\/\/pab-rpg.fr\/index.php\/wp-json\/wp\/v2\/types\/page"}],"author":[{"embeddable":true,"href":"https:\/\/pab-rpg.fr\/index.php\/wp-json\/wp\/v2\/users\/2"}],"replies":[{"embeddable":true,"href":"https:\/\/pab-rpg.fr\/index.php\/wp-json\/wp\/v2\/comments?post=62"}],"version-history":[{"count":2,"href":"https:\/\/pab-rpg.fr\/index.php\/wp-json\/wp\/v2\/pages\/62\/revisions"}],"predecessor-version":[{"id":516,"href":"https:\/\/pab-rpg.fr\/index.php\/wp-json\/wp\/v2\/pages\/62\/revisions\/516"}],"wp:featuredmedia":[{"embeddable":true,"href":"https:\/\/pab-rpg.fr\/index.php\/wp-json\/wp\/v2\/media\/63"}],"wp:attachment":[{"href":"https:\/\/pab-rpg.fr\/index.php\/wp-json\/wp\/v2\/media?parent=62"}],"curies":[{"name":"wp","href":"https:\/\/api.w.org\/{rel}","templated":true}]}}