{"id":674,"date":"2021-01-06T13:24:00","date_gmt":"2021-01-06T12:24:00","guid":{"rendered":"http:\/\/pab-rpg.fr\/?page_id=674"},"modified":"2021-01-08T22:33:31","modified_gmt":"2021-01-08T21:33:31","slug":"saison-2-episode-1","status":"publish","type":"page","link":"https:\/\/pab-rpg.fr\/index.php\/saison-2-episode-1\/","title":{"rendered":"Saison #2 &#8211; Episode #1"},"content":{"rendered":"\n<div class=\"wp-block-themeisle-blocks-advanced-columns has-1-columns has-desktop-equal-layout has-tablet-equal-layout has-mobile-equal-layout has-default-gap has-vertical-unset\" id=\"wp-block-themeisle-blocks-advanced-columns-07153a89\"><div class=\"wp-block-themeisle-blocks-advanced-columns-overlay\"><\/div><div class=\"innerblocks-wrap\">\n<div class=\"wp-block-themeisle-blocks-advanced-column\" id=\"wp-block-themeisle-blocks-advanced-column-b06d063a\">\n<p>Pendant ce temps un autre groupe de PJs est constitu\u00e9 de 7 aventuriers;<\/p>\n<ul>\n<li><strong>Qrow<\/strong>, Paladin humain, solide et loyal, mais un peu d\u00e9prav\u00e9<\/li>\n<li><strong>Augilur <\/strong>Kourhom, Forgeron Guerrier nain, \u00e0 la recherche de forgerons experts<\/li>\n<li>Tourvan Duracier dit<b> Toudur<\/b>, Guerrier humain, altruiste et protecteur de son ami magicien<\/li>\n<li><strong>K\u00e9rion<\/strong>; Moine humain, aust\u00e8re et extr\u00eamement disciplin\u00e9<\/li>\n<li><strong>Ozpin<\/strong>; Barde demi elf, joyeux vagabond il apporte du r\u00e9confort \u00e0 son assistance<\/li>\n<li><strong>Angmar;<\/strong> Assassin humain, mercenaire et avide de tr\u00e9sors<\/li>\n<li><strong>Maiev<\/strong>; El\u00e9mentaliste demi elf, introverti et l\u00e9g\u00e8rement anthropophobe\u00a0<\/li>\n<\/ul>\n<p><strong>Varig le feuillu<\/strong> est un village qui profite de l\u2019opulence du bois de Glandorn, la v\u00e9g\u00e9tation est luxuriante et accueille une faune et une flore riche. Sollynvar, le ma\u00eetre tanneur propose \u00e0 la communaut\u00e9, pour l&#8217;\u00e9quinoxe d&#8217;automne, une battue dans la for\u00eat pour ramener des peaux de renard, lapin, castor, coyote&#8230; Les plus belles fourrures seront grassement achet\u00e9es, et le meilleur chasseur sera r\u00e9compens\u00e9.<\/p>\n<\/div>\n<\/div><\/div>\n\n\n\n<figure class=\"wp-block-image size-large\"><img loading=\"lazy\" width=\"1024\" height=\"576\" src=\"http:\/\/pab-rpg.fr\/wp-content\/uploads\/2021\/01\/1-Illustration-Varig-le-Feuillu.jpg\" alt=\"\" class=\"wp-image-678\" srcset=\"https:\/\/pab-rpg.fr\/wp-content\/uploads\/2021\/01\/1-Illustration-Varig-le-Feuillu.jpg 1024w, https:\/\/pab-rpg.fr\/wp-content\/uploads\/2021\/01\/1-Illustration-Varig-le-Feuillu-300x169.jpg 300w, https:\/\/pab-rpg.fr\/wp-content\/uploads\/2021\/01\/1-Illustration-Varig-le-Feuillu-768x432.jpg 768w\" sizes=\"(max-width: 1024px) 100vw, 1024px\" \/><\/figure>\n\n\n<p>Les PJs se retrouvent \u00e0 l&#8217;auberge de la For\u00eat qui dort, g\u00e9r\u00e9e agr\u00e9ablement par la tenanci\u00e8re Odile. Orphy et Olivia accueillent chaleureusement chaque aventurier, mais l&#8217;\u00e9difice semble \u00e9trangement vide par rapport \u00e0 l&#8217;\u00e9v\u00e8nement. Apr\u00e8s s&#8217;\u00eatre restaur\u00e9s, ils se rendent \u00e0 la tannerie o\u00f9 s&#8217;affairent pour les pr\u00e9paratifs de d\u00e9pe\u00e7age les ouvri\u00e8res Afae et Evath, le charretier Vincent Despr\u00e8s qui grogne devant chaque difficult\u00e9 et qui maltraite un gnome du nom de Ulmo Lune Brillante. Sollynvar \u00e0 la t\u00eate des op\u00e9rations informe les nouveaux arrivants que le d\u00e9part de la battue a \u00e9t\u00e9 donn\u00e9 hier matin, et une vingtaine de chasseurs a surement d\u00e9j\u00e0 nettoy\u00e9 les alentours. Le groupe s&#8217;appr\u00eate \u00e0 partir et fait quelques achats de circonstance aupr\u00e8s du quincailler elf Eirlas. Sur le d\u00e9part le gnome Ulmo s&#8217;adresse \u00e0 l&#8217;un d&#8217;eux et leur propose de gagner du temps de voyage en coupant \u00e0 travers la colline par un souterrain que lui seul connait. Il demande une rondelette somme d&#8217;argent, mais garantit un raccourci d&#8217;une demi journ\u00e9e. Ulmo les accompagne \u00e0 travers le cimeti\u00e8re de la ville, o\u00f9 un jardinier gnome Eldon s&#8217;active autours des tombes, puis entre dans la crypte, il pousse une pierre tombale et montre l&#8217;entr\u00e9e du passage. Il a un dernier conseil avant de retourner \u00e0 la tannerie &#8220;Ne vous arr\u00eatez pas, cet ancien souterrain est tr\u00e8s instable et les \u00e9boulements sont assez fr\u00e9quents&#8221;.&nbsp;<\/p>\n\n\n<figure class=\"wp-block-image size-large\"><img loading=\"lazy\" width=\"888\" height=\"446\" src=\"http:\/\/pab-rpg.fr\/wp-content\/uploads\/2021\/01\/4-llustration-Grotte.jpg\" alt=\"\" class=\"wp-image-692\" srcset=\"https:\/\/pab-rpg.fr\/wp-content\/uploads\/2021\/01\/4-llustration-Grotte.jpg 888w, https:\/\/pab-rpg.fr\/wp-content\/uploads\/2021\/01\/4-llustration-Grotte-300x151.jpg 300w, https:\/\/pab-rpg.fr\/wp-content\/uploads\/2021\/01\/4-llustration-Grotte-768x386.jpg 768w\" sizes=\"(max-width: 888px) 100vw, 888px\" \/><\/figure>\n\n\n<p>La grotte est infest\u00e9e de petits animaux inoffensifs; des rats, des araign\u00e9es, des chauves-souris mais mais la pr\u00e9sence de deux corps humains sans vie est bien plus inqui\u00e9tante. Le passage devient de plus en plus accident\u00e9, et la pr\u00e9sence d&#8217;eau noir\u00e2tre limite terriblement les d\u00e9placements. <img loading=\"lazy\" src=\"http:\/\/pab-rpg.fr\/wp-content\/uploads\/2021\/01\/6-MOB-Limon-vert-203x300.jpg\" alt=\"\" width=\"203\" height=\"300\" class=\"size-medium wp-image-699 alignright\" srcset=\"https:\/\/pab-rpg.fr\/wp-content\/uploads\/2021\/01\/6-MOB-Limon-vert-203x300.jpg 203w, https:\/\/pab-rpg.fr\/wp-content\/uploads\/2021\/01\/6-MOB-Limon-vert-694x1024.jpg 694w, https:\/\/pab-rpg.fr\/wp-content\/uploads\/2021\/01\/6-MOB-Limon-vert-768x1133.jpg 768w, https:\/\/pab-rpg.fr\/wp-content\/uploads\/2021\/01\/6-MOB-Limon-vert-1041x1536.jpg 1041w, https:\/\/pab-rpg.fr\/wp-content\/uploads\/2021\/01\/6-MOB-Limon-vert.jpg 1270w\" sizes=\"(max-width: 203px) 100vw, 203px\" \/>L&#8217;agitation et les discussions au sein du groupe ne leur permettent pas de sentir arriver le danger par l&#8217;arri\u00e8re; des petits limons attaquent imm\u00e9diatement le dernier de la file. Le groupe prend position et fait face \u00e0 ces monstres gluants et acides, mais un mouvement important dans l&#8217;eau alerte sur la taille du grand limon qui leur fait face \u00e0 pr\u00e9sent. Le combat tourne finalement \u00e0 l&#8217;avantage au ma\u00eetre des lieux et le groupe prend la fuite vers l&#8217;avant sans demander son reste ni son butin. Un croisement donne sur un passage au nord partiellement inond\u00e9 et \u00e0 l&#8217;ouest une zone s\u00e8che o\u00f9 l&#8217;air est sec mais vici\u00e9 voire malodorant. Par prudence (ou pas) le groupe s&#8217;engage \u00e0 l&#8217;ouest et d\u00e9bouche dans une immense cavit\u00e9 o\u00f9&nbsp; une construction naine majestueuse s&#8217;\u00e9l\u00e8ve.<\/p>\n\n\n<div class=\"wp-block-image\"><figure class=\"aligncenter size-large is-resized\"><img loading=\"lazy\" src=\"http:\/\/pab-rpg.fr\/wp-content\/uploads\/2021\/01\/7-Illustration-Entree-Naine.jpg\" alt=\"\" class=\"wp-image-702\" width=\"568\" height=\"319\" srcset=\"https:\/\/pab-rpg.fr\/wp-content\/uploads\/2021\/01\/7-Illustration-Entree-Naine.jpg 500w, https:\/\/pab-rpg.fr\/wp-content\/uploads\/2021\/01\/7-Illustration-Entree-Naine-300x169.jpg 300w\" sizes=\"(max-width: 568px) 100vw, 568px\" \/><\/figure><\/div>\n\n\n<p>Deux gigantesques portes s&#8217;ouvrent avec difficult\u00e9 apr\u00e8s tous les efforts du nain aid\u00e9 maladroitement par le reste du groupe. Puis une herse rong\u00e9e par la rouille bloque le reste du vaste couloir. Un nouveau tour de force et finalement le groupe p\u00e9n\u00e8tre dans l&#8217;\u00e9difice. D\u00e8s l&#8217;entr\u00e9e, aussi incroyable que cela puisse para\u00eetre, un vieillard allong\u00e9 dans ses excr\u00e9ments semble encore en vie, et <img loading=\"lazy\" src=\"http:\/\/pab-rpg.fr\/wp-content\/uploads\/2021\/01\/PNJ-Wrenn-Fiddlefen-prisonnier-240x300.jpg\" alt=\"\" width=\"240\" height=\"300\" class=\"size-medium wp-image-703 alignleft\" srcset=\"https:\/\/pab-rpg.fr\/wp-content\/uploads\/2021\/01\/PNJ-Wrenn-Fiddlefen-prisonnier-240x300.jpg 240w, https:\/\/pab-rpg.fr\/wp-content\/uploads\/2021\/01\/PNJ-Wrenn-Fiddlefen-prisonnier.jpg 720w\" sizes=\"(max-width: 240px) 100vw, 240px\" \/>dans un dernier souffle il balbutie &#8220;Bonjour mes sauveurs ! je m\u2019appelle Wrenn Fiddlefen et je suis prisonnier ici depuis tellement longtemps ! Auriez vous de quoi manger et \u00e0 boire ? &#8221; Il est de toute \u00e9vidence \u00e0 l&#8217;article de la mort et a peine \u00e0 s&#8217;exprimer, il invite le groupe \u00e0 aller chercher son journal personnel pour expliquer sa pr\u00e9sence ici, puis s&#8217;\u00e9vanouit, le souffle court. Dans les d\u00e9dales de la b\u00e2tisse naine, le groupe d\u00e9couvre de nombreuses salles couvertes d&#8217;immondices, puis ce qui devait lui servir de chambre, il y a aussi un laboratoire d&#8217;alchimie tout \u00e0 fait fonctionnel et dans une fosse des cobayes de cr\u00e9atures. Finalement la derni\u00e8re salle est son bureau avec son journal personnel.<\/p>\n\n\n<p class=\"has-text-align-center has-background-color-background-color has-background\"><strong>Journal de Wrenn Fiddlefen<\/strong><\/p>\n\n\n\n<p class=\"has-background-color-background-color has-background\">A mon, jeune \u00e2ge, je suis sorti de l\u2019\u00e9cole de magie d\u2019alchimie de Milueij, et j\u2019ai li\u00e9 amiti\u00e9 avec un druide du nom de Revia Koehsar, nous avons v\u00e9cu dans le bois de Glandorn\u2026 Un \u00e9v\u00e8nement important s\u2019est produit dans les montagnes du nord; au cours de leurs extractions les nains ont cr\u00e9\u00e9 une faille \u00e0 travers les plans, laissant s\u2019introduire une cr\u00e9ature mal\u00e9fique qui a d\u00e9cim\u00e9 toute leur communaut\u00e9 et interrompant les activit\u00e9s mini\u00e8res. Des mercenaires ont \u00e9t\u00e9 envoy\u00e9s pour affronter la cr\u00e9ature, mais aucun n\u2019est revenu en vie. Wrenn et moi-m\u00eame nous nous lan\u00e7ons dans l\u2019aventure et nous sommes parvenus \u00e0 freiner sa progression et \u00e0 l\u2019isoler dans la tour de Braggur. Mais mon \u00e9tat de sant\u00e9 de s\u2019est d\u00e9t\u00e9riorer sur le chemin du retour, je me meurs, maeme si Revia a trouv\u00e9 un rem\u00e8de \u00e0 Varig le Feuillu\u2026<\/p>\n\n\n\n<p class=\"has-background-color-background-color has-background\">C\u2019est comme une renaissance, je d\u00e9couvre l\u2019alchimie et l\u2019histoire de toute une vie. Le druide devient envahissant avec toutes ses questions personnelles. Cet elf a des doutes sur ma condition et il me parle d\u2019un geste d\u2019amour ?<\/p>\n\n\n\n<p class=\"has-background-color-background-color has-background\">Il m\u2019a enferm\u00e9 dans cette maudite prison, je le hais ! J\u2019ai de quoi utiliser mes comp\u00e9tences d\u2019alchimie et concevoir une cr\u00e9ature acide qui va s\u2019attaquer au m\u00e9tal. Les limons se sont \u00e9chapp\u00e9s, je vais donc finir ma double vie dans ce tombeau des nains \u2026.<\/p>\n\n\n\n<p>Mais o\u00f9 est pass\u00e9 le Wrenn Fiddlefen ? il est d\u00e9j\u00e0 trop tard, le vieillard a disparu et le bruit de l&#8217;\u00e9boulement qui provient de la grotte annonce un tr\u00e8s mauvais pr\u00e9sage\u2026<\/p>\n\n\n<p style=\"text-align: center;\"><a href=\"http:\/\/pab-rpg.fr\/index.php\/saison-2-episode-2\/\">Episode #2<\/a><\/p>\n\n\n<div class=\"wp-block-image\"><figure class=\"aligncenter size-large\"><img loading=\"lazy\" width=\"498\" height=\"101\" src=\"http:\/\/pab-rpg.fr\/wp-content\/uploads\/2021\/01\/images.png\" alt=\"\" class=\"wp-image-429\" srcset=\"https:\/\/pab-rpg.fr\/wp-content\/uploads\/2021\/01\/images.png 498w, https:\/\/pab-rpg.fr\/wp-content\/uploads\/2021\/01\/images-300x61.png 300w\" sizes=\"(max-width: 498px) 100vw, 498px\" \/><\/figure><\/div>\n\n\n","protected":false},"excerpt":{"rendered":"<p>Les PJs se retrouvent \u00e0 l&#8217;auberge de la For\u00eat qui dort, g\u00e9r\u00e9e agr\u00e9ablement par la tenanci\u00e8re Odile. Orphy et Olivia accueillent chaleureusement chaque aventurier, mais l&#8217;\u00e9difice semble \u00e9trangement vide par rapport \u00e0 l&#8217;\u00e9v\u00e8nement. Apr\u00e8s s&#8217;\u00eatre restaur\u00e9s, ils se rendent \u00e0 la tannerie o\u00f9 s&#8217;affairent pour les pr\u00e9paratifs de d\u00e9pe\u00e7age les [&hellip;]<\/p>\n","protected":false},"author":1,"featured_media":0,"parent":0,"menu_order":0,"comment_status":"closed","ping_status":"closed","template":"","meta":[],"_links":{"self":[{"href":"https:\/\/pab-rpg.fr\/index.php\/wp-json\/wp\/v2\/pages\/674"}],"collection":[{"href":"https:\/\/pab-rpg.fr\/index.php\/wp-json\/wp\/v2\/pages"}],"about":[{"href":"https:\/\/pab-rpg.fr\/index.php\/wp-json\/wp\/v2\/types\/page"}],"author":[{"embeddable":true,"href":"https:\/\/pab-rpg.fr\/index.php\/wp-json\/wp\/v2\/users\/1"}],"replies":[{"embeddable":true,"href":"https:\/\/pab-rpg.fr\/index.php\/wp-json\/wp\/v2\/comments?post=674"}],"version-history":[{"count":22,"href":"https:\/\/pab-rpg.fr\/index.php\/wp-json\/wp\/v2\/pages\/674\/revisions"}],"predecessor-version":[{"id":735,"href":"https:\/\/pab-rpg.fr\/index.php\/wp-json\/wp\/v2\/pages\/674\/revisions\/735"}],"wp:attachment":[{"href":"https:\/\/pab-rpg.fr\/index.php\/wp-json\/wp\/v2\/media?parent=674"}],"curies":[{"name":"wp","href":"https:\/\/api.w.org\/{rel}","templated":true}]}}