{"id":69,"date":"2018-02-06T19:23:57","date_gmt":"2018-02-06T18:23:57","guid":{"rendered":"http:\/\/192.168.1.35\/wordpress\/?page_id=69"},"modified":"2021-01-09T12:10:48","modified_gmt":"2021-01-09T11:10:48","slug":"races-et-classes","status":"publish","type":"page","link":"https:\/\/pab-rpg.fr\/index.php\/aide-de-jeu\/races-et-classes\/","title":{"rendered":"Races et Classes"},"content":{"rendered":"<p>6 <span style=\"color: #000000;\"><strong>Caract\u00e9ristiques<\/strong> <\/span>sont d\u00e9termin\u00e9es au hasard pour un nouveau personnage, chacune d&#8217;elles aura un impact sur les comp\u00e9tences du personnage:<\/p>\n<ul>\n<li><strong>Force<\/strong>: mesure la puissance musculaire, influence les combats au corps \u00e0 corps<\/li>\n<li><strong>Dext\u00e9rit\u00e9<\/strong>: mesure l&#8217;agilit\u00e9 et la pr\u00e9cision, influence la r\u00e9activit\u00e9 au combat<\/li>\n<li><strong>Constitution<\/strong>: mesure sa forme physique, influence sa r\u00e9sistance au combat<\/li>\n<li><strong>Intelligence<\/strong>: mesure la capacit\u00e9 de raisonnement, influence les aptitudes magiques<\/li>\n<li><strong>Sagesse<\/strong>: mesure les qualit\u00e9s de jugement, influence la r\u00e9sistance \u00e0 la magie<\/li>\n<li><strong>Charisme<\/strong>: mesure le pouvoir de persuasion, influence le commandement<\/li>\n<\/ul>\n<p><img loading=\"lazy\" src=\"http:\/\/pab-rpg.fr\/wp-content\/uploads\/2021\/01\/Races-1-300x88.jpg\" alt=\"\" width=\"543\" height=\"159\" class=\" wp-image-739 aligncenter\" srcset=\"https:\/\/pab-rpg.fr\/wp-content\/uploads\/2021\/01\/Races-1-300x88.jpg 300w, https:\/\/pab-rpg.fr\/wp-content\/uploads\/2021\/01\/Races-1-1024x300.jpg 1024w, https:\/\/pab-rpg.fr\/wp-content\/uploads\/2021\/01\/Races-1-768x225.jpg 768w, https:\/\/pab-rpg.fr\/wp-content\/uploads\/2021\/01\/Races-1-1536x450.jpg 1536w, https:\/\/pab-rpg.fr\/wp-content\/uploads\/2021\/01\/Races-1.jpg 1920w\" sizes=\"(max-width: 543px) 100vw, 543px\" \/><\/p>\n<p>6 <span style=\"color: #000000;\"><strong>Races<\/strong> <\/span>sont accessibles pour les joueurs, elles modifient l\u00e9g\u00e8rement les caract\u00e9ristiques initiales et doivent servir de base au Role Play:<\/p>\n<ul>\n<li><strong>Humain<\/strong>: pas de modification des caract\u00e9ristiques, acc\u00e8s \u00e0 toutes les classes<\/li>\n<li><strong>Demi-Elf<\/strong>: Constitution -1, Dext\u00e9rit\u00e9 +1, \u00eatre de sang-m\u00eal\u00e9 souvent repouss\u00e9 par les communaut\u00e9s d&#8217;Humains et d&#8217;Elfs, porte rarement des armures lourdes<\/li>\n<li><strong>Elf<\/strong>:\u00a0 Constitution -2, Dext\u00e9rit\u00e9 +1, Charisme +1, vit en communaut\u00e9 ferm\u00e9e,\u00a0certaines sous-classes de combattants lui sont inaccessibles<\/li>\n<li><strong>Gnome<\/strong>: Intelligence +1, Sagesse -1,\u00a0 cousin des nains avec un sens de l&#8217;humour bien plus d\u00e9velopp\u00e9, rarement li\u00e9s \u00e0 une divinit\u00e9<\/li>\n<li><strong>Nain<\/strong>: Constitution +1, Charisme -1,\u00a0 vit en communaut\u00e9 dans les montagnes ou en souterrain, r\u00e9fractaire \u00e0 la magie<\/li>\n<li><strong>Pt gens<\/strong>: Sagesse +1, Force -1, ouvert au monde et aventurier, manie difficilement des armes longues<\/li>\n<\/ul>\n<p>La <span style=\"color: #000000;\"><strong>Classe <\/strong><\/span>est la premi\u00e8re d\u00e9finition de ce que votre personnage peut faire. C&#8217;est plus qu&#8217;un m\u00e9tier, c&#8217;est la vocation de votre personnage. La classe d\u00e9finit la mani\u00e8re dont vous pensez le monde et interagissez avec lui, ainsi que votre relation avec les autres et avec les autorit\u00e9s. Un guerrier, par exemple, pourrait voir le monde en termes pragmatiques de strat\u00e9gie et de man\u0153uvres, et se consid\u00e9rer comme un simple pion dans un jeu beaucoup plus grand que lui. Un pr\u00eatre, en revanche, peut se consid\u00e9rer comme un serviteur dans le plan d&#8217;un dieu ou dans un conflit entre diff\u00e9rentes divinit\u00e9s. L\u00e0 o\u00f9 le guerrier aura des contacts avec les membres d&#8217;une compagnie de mercenaires ou d&#8217;une arm\u00e9e, le pr\u00eatre pourrait conna\u00eetre un certain nombre de religieux, de paladins ou de d\u00e9vots qui partagent sa foi. Votre classe vous donne acc\u00e8s \u00e0 diff\u00e9rentes capacit\u00e9s sp\u00e9ciales, telles la ma\u00eetrise d&#8217;une arme ou d&#8217;une armure, ou bien encore la possibilit\u00e9 de lancer des sorts de magicien. \u00c0 bas niveau, votre classe ne vous donne acc\u00e8s qu&#8217;\u00e0 deux ou trois capacit\u00e9s, mais au fur et \u00e0 mesure que vous montez de niveau, vous en gagnerez plus et vos capacit\u00e9s ant\u00e9rieures s&#8217;am\u00e9lioreront souvent. Chaque classe pr\u00e9sente un tableau qui r\u00e9sume les avantages que vous gagnez \u00e0 tous les niveaux, ainsi qu&#8217;une explication d\u00e9taill\u00e9e de chacun d&#8217;eux. C&#8217;est le domaine dans lequel le joueur s&#8217;est entra\u00een\u00e9 depuis son plus jeune \u00e2ge. Elles sont divis\u00e9es en 4 groupes:<\/p>\n<ul>\n<li><a href=\"http:\/\/www.pab-rpg.fr\/?page_id=81\"><strong>Combattant<\/strong><\/a>: Se fraie un chemin \u00e0 la force des armes, ma\u00eetrise toutes les armes et les boucliers, porte toutes les armures<\/li>\n<li><a href=\"http:\/\/www.pab-rpg.fr\/?page_id=246\"><strong>Larron<\/strong><\/a>: Sa r\u00e9putation est douteuse mais sa qu\u00eate du profit est bien plus importante, ma\u00eetrise toutes les armes, le poison mais porte uniquement les armures en cuir<\/li>\n<li><a href=\"http:\/\/www.pab-rpg.fr\/?page_id=275\"><strong>Magicien<\/strong><\/a>: G\u00e9n\u00e9ralement rattach\u00e9 \u00e0 une Ecole de magie,\u00a0 il est le plus souvent le nez dans ses livres; ma\u00eetrise de rares armes et ne porte que du tissus<\/li>\n<li><a href=\"http:\/\/www.pab-rpg.fr\/?page_id=305\"><strong>Pr\u00eatre<\/strong><\/a>: Propage ses croyances et le rayonnement de sa Divinit\u00e9,\u00a0 ma\u00eetrise g\u00e9n\u00e9ralement des armes contondantes et porte toutes les armures<\/li>\n<\/ul>\n\n\n<div class=\"wp-block-image\"><figure class=\"aligncenter size-large\"><img loading=\"lazy\" width=\"498\" height=\"101\" src=\"http:\/\/pab-rpg.fr\/wp-content\/uploads\/2021\/01\/images.png\" alt=\"\" class=\"wp-image-429\" srcset=\"https:\/\/pab-rpg.fr\/wp-content\/uploads\/2021\/01\/images.png 498w, https:\/\/pab-rpg.fr\/wp-content\/uploads\/2021\/01\/images-300x61.png 300w\" sizes=\"(max-width: 498px) 100vw, 498px\" \/><\/figure><\/div>\n","protected":false},"excerpt":{"rendered":"<p>6 Caract\u00e9ristiques sont d\u00e9termin\u00e9es au hasard pour un nouveau personnage, chacune d&#8217;elles aura un impact sur les comp\u00e9tences du personnage: Force: mesure la puissance musculaire, influence les combats au corps \u00e0 corps Dext\u00e9rit\u00e9: mesure l&#8217;agilit\u00e9 et la pr\u00e9cision, influence la r\u00e9activit\u00e9 au combat Constitution: mesure sa forme physique, influence sa [&hellip;]<\/p>\n","protected":false},"author":2,"featured_media":76,"parent":62,"menu_order":0,"comment_status":"closed","ping_status":"closed","template":"page-templates\/template-fullwidth.php","meta":[],"_links":{"self":[{"href":"https:\/\/pab-rpg.fr\/index.php\/wp-json\/wp\/v2\/pages\/69"}],"collection":[{"href":"https:\/\/pab-rpg.fr\/index.php\/wp-json\/wp\/v2\/pages"}],"about":[{"href":"https:\/\/pab-rpg.fr\/index.php\/wp-json\/wp\/v2\/types\/page"}],"author":[{"embeddable":true,"href":"https:\/\/pab-rpg.fr\/index.php\/wp-json\/wp\/v2\/users\/2"}],"replies":[{"embeddable":true,"href":"https:\/\/pab-rpg.fr\/index.php\/wp-json\/wp\/v2\/comments?post=69"}],"version-history":[{"count":5,"href":"https:\/\/pab-rpg.fr\/index.php\/wp-json\/wp\/v2\/pages\/69\/revisions"}],"predecessor-version":[{"id":741,"href":"https:\/\/pab-rpg.fr\/index.php\/wp-json\/wp\/v2\/pages\/69\/revisions\/741"}],"up":[{"embeddable":true,"href":"https:\/\/pab-rpg.fr\/index.php\/wp-json\/wp\/v2\/pages\/62"}],"wp:featuredmedia":[{"embeddable":true,"href":"https:\/\/pab-rpg.fr\/index.php\/wp-json\/wp\/v2\/media\/76"}],"wp:attachment":[{"href":"https:\/\/pab-rpg.fr\/index.php\/wp-json\/wp\/v2\/media?parent=69"}],"curies":[{"name":"wp","href":"https:\/\/api.w.org\/{rel}","templated":true}]}}