{"id":81,"date":"2018-02-07T15:33:38","date_gmt":"2018-02-07T14:33:38","guid":{"rendered":"http:\/\/192.168.1.35\/wordpress\/?page_id=81"},"modified":"2021-01-09T12:25:21","modified_gmt":"2021-01-09T11:25:21","slug":"combattant","status":"publish","type":"page","link":"https:\/\/pab-rpg.fr\/index.php\/aide-de-jeu\/races-et-classes\/combattant\/","title":{"rendered":"Combattant"},"content":{"rendered":"<h1 style=\"text-align: center;\"><img loading=\"lazy\" src=\"http:\/\/192.168.1.35\/wordpress\/wp-content\/uploads\/2018\/02\/Combattant-208x300.jpg\" alt=\"\" width=\"80\" height=\"115\" class=\"wp-image-84 aligncenter\"><\/h1>\n<h2>Les Sp\u00e9cialisations:<\/h2>\n<ul>\n<li><strong>Guerrier<\/strong>: Expert en arme et en bouclier, il est sp\u00e9cialiste en tactique&nbsp;militaire. Ce sont rarement des Pt Gens\n<ul>\n<li>Armes: toutes + grand bouclier<img loading=\"lazy\" src=\"http:\/\/pab-rpg.fr\/wp-content\/uploads\/2021\/01\/Guerrier-300x212.jpg\" alt=\"\" width=\"300\" height=\"212\" class=\"size-medium wp-image-743 alignright\" srcset=\"https:\/\/pab-rpg.fr\/wp-content\/uploads\/2021\/01\/Guerrier-300x212.jpg 300w, https:\/\/pab-rpg.fr\/wp-content\/uploads\/2021\/01\/Guerrier-1024x724.jpg 1024w, https:\/\/pab-rpg.fr\/wp-content\/uploads\/2021\/01\/Guerrier-768x543.jpg 768w, https:\/\/pab-rpg.fr\/wp-content\/uploads\/2021\/01\/Guerrier-1536x1086.jpg 1536w, https:\/\/pab-rpg.fr\/wp-content\/uploads\/2021\/01\/Guerrier.jpg 1920w\" sizes=\"(max-width: 300px) 100vw, 300px\" \/><\/li>\n<li>Armures: toutes<\/li>\n<li>Comp\u00e9tences principales: Course &amp; Endurance &#8211; Force &amp; Enfoncer &#8211; Commandement &#8211; Engin de guerre &#8211; Bouclier<\/li>\n<li>Pouvoirs:\n<ul>\n<li>Possibilit\u00e9 d&#8217;attaquer diff\u00e9rentes cibles dans le m\u00eame Rnd<\/li>\n<li>Possibilit\u00e9 d&#8217;attaquer avec le bouclier {combat deux armes}<\/li>\n<li>Compagnons d&#8217;armes {commandement}<\/li>\n<\/ul>\n<\/li>\n<\/ul>\n<\/li>\n<\/ul>\n<ul>\n<li><strong><strong><strong><strong><strong><strong><strong>Paladin<\/strong><span style=\"font-weight: 300;\">: Noble et h\u00e9ro\u00efque, il est souvent la main de fer d&#8217;une divinit\u00e9. Seuls les Humains peuvent devenir Paladin<img loading=\"lazy\" src=\"http:\/\/pab-rpg.fr\/wp-content\/uploads\/2021\/01\/Paladin-300x219.jpg\" alt=\"\" width=\"300\" height=\"219\" class=\"size-medium wp-image-746 alignleft\" srcset=\"https:\/\/pab-rpg.fr\/wp-content\/uploads\/2021\/01\/Paladin-300x219.jpg 300w, https:\/\/pab-rpg.fr\/wp-content\/uploads\/2021\/01\/Paladin.jpg 736w\" sizes=\"(max-width: 300px) 100vw, 300px\" \/><\/span><\/strong><\/strong><\/strong><\/strong><\/strong><\/strong>\n<ul>\n<li>Armes: toutes + bouclier moyen<\/li>\n<li>Armures: toutes<\/li>\n<li>Sort: Sph\u00e8re Protection\/Divination<\/li>\n<li>Comp\u00e9tences principales: Conversation &#8211; Equitation &#8211; Soin imm\u00e9diat &#8211; Bouclier &#8211; R\u00e9sist. Effet de Zone<\/li>\n<\/ul>\n<ul>\n<li>Pouvoirs:\n<ul>\n<li>2 sorts permanents: D\u00e9tection\/Repousser Morts Vivants ou bien D\u00e9tection\/Protection contre le mal<\/li>\n<li>R\u00e9g\u00e9n\u00e9ration 1PV\/Rnd hors combat<\/li>\n<li>Combat sur monture sp\u00e9cifique, les attaques de ses armes sont en Zone d&#8217;Effet<\/li>\n<\/ul>\n<\/li>\n<\/ul>\n<\/li>\n<\/ul>\n<ul>\n<li><strong>Barbare<\/strong>: Issu d&#8217;un clan et \u00e9lev\u00e9 \u00e0 la dure, il raisonne peu et frappe beaucoup. Seuls les Humais et les Elfs peuvent devenir Barbare<img loading=\"lazy\" src=\"http:\/\/pab-rpg.fr\/wp-content\/uploads\/2021\/01\/Barbare-300x166.jpg\" alt=\"\" width=\"300\" height=\"166\" class=\"size-medium wp-image-749 alignright\" srcset=\"https:\/\/pab-rpg.fr\/wp-content\/uploads\/2021\/01\/Barbare-300x166.jpg 300w, https:\/\/pab-rpg.fr\/wp-content\/uploads\/2021\/01\/Barbare.jpg 672w\" sizes=\"(max-width: 300px) 100vw, 300px\" \/>\n<ul>\n<li>Armes: toutes sans bouclier<\/li>\n<li>Armures: cuir<\/li>\n<li>Comp\u00e9tences principales: Course &amp; Endurance &#8211; Force &amp; Enfoncer &#8211; Natation &#8211; Soin imm\u00e9diat &#8211; Lutte &#8211; R\u00e9sist. Paralysie<\/li>\n<li>Pouvoirs:\n<ul>\n<li>Quand il est bless\u00e9, double son rythme d&#8217;attaque au C\u00e0C et {R\u00e9sist. Paralysie} pour en sortir<\/li>\n<li>Soigne ses propres blessures {soin imm\u00e9diat}*2<\/li>\n<li>Avant sa mort, il b\u00e9n\u00e9ficie d&#8217;une derni\u00e8re attaque suppl\u00e9mentaire et reste en vie si son assaillant meurt<\/li>\n<\/ul>\n<\/li>\n<\/ul>\n<\/li>\n<\/ul>\n<ul>\n<li><strong>Ranger<\/strong>: Chasseur et pisteur, il vit retir\u00e9 dans la nature accompagn\u00e9 d\u2019animaux de la for\u00eat. Ce sont rarement des Nains<img loading=\"lazy\" src=\"http:\/\/pab-rpg.fr\/wp-content\/uploads\/2021\/01\/Ranger-300x300.jpg\" alt=\"\" width=\"257\" height=\"257\" class=\" wp-image-752 alignleft\" srcset=\"https:\/\/pab-rpg.fr\/wp-content\/uploads\/2021\/01\/Ranger-300x300.jpg 300w, https:\/\/pab-rpg.fr\/wp-content\/uploads\/2021\/01\/Ranger-150x150.jpg 150w, https:\/\/pab-rpg.fr\/wp-content\/uploads\/2021\/01\/Ranger.jpg 400w\" sizes=\"(max-width: 257px) 100vw, 257px\" \/>\n<ul>\n<li>Armes: toutes + petit bouclier<\/li>\n<li>Armures: cuir clout\u00e9<\/li>\n<li>Sort: Sph\u00e8re Animale\/V\u00e9g\u00e9tale<\/li>\n<li>Comp\u00e9tences principales: Suivre traces &#8211; Construction (pi\u00e8ge) &#8211; Nature\/Couturier &#8211; Dressage &#8211; C\u00e0C arme \u00e0 distance &#8211; R\u00e9sist. Poison<\/li>\n<li>Pouvoirs:\n<ul>\n<li>Appelle, dresse et communique avec les animaux de la for\u00eat<\/li>\n<li>Capacit\u00e9 de cr\u00e9er un pi\u00e8ge avec des \u00e9l\u00e9ments de la nature<\/li>\n<li>Ubiquit\u00e9 avec les animaux<\/li>\n<\/ul>\n<\/li>\n<\/ul>\n<\/li>\n<\/ul>\n<ul>\n<li><strong>Forgeron guerrier<\/strong>: Robuste et habile, il plie le m\u00e9tal \u00e0 sa guise. C&#8217;est un commer\u00e7ant rustre. Ce sont des Humains et des Nains<img loading=\"lazy\" src=\"http:\/\/pab-rpg.fr\/wp-content\/uploads\/2021\/01\/Forgeron-guerrier-233x300.jpg\" alt=\"\" width=\"216\" height=\"278\" class=\" wp-image-756 alignright\" srcset=\"https:\/\/pab-rpg.fr\/wp-content\/uploads\/2021\/01\/Forgeron-guerrier-233x300.jpg 233w, https:\/\/pab-rpg.fr\/wp-content\/uploads\/2021\/01\/Forgeron-guerrier.jpg 337w\" sizes=\"(max-width: 216px) 100vw, 216px\" \/>\n<ul>\n<li>Armes: toutes m\u00e9talliques<\/li>\n<li>Armures: exclusivement m\u00e9talliques<\/li>\n<li>Comp\u00e9tences principales: Force &#8211; Forgeron &#8211; Mineur\/Construction &#8211; Commerce &#8211; R\u00e9sist. Objet magique<\/li>\n<li>Pouvoirs:\n<ul>\n<li>Recycle syst\u00e9matiquement 1 stack de fer quand il craft arme\/armure<\/li>\n<li>Utilise des objets rudimentaires pour cr\u00e9er une forge<\/li>\n<li>Apr\u00e8s une premi\u00e8re attaque r\u00e9ussie trouve la faille dans l&#8217;armure de sa cible et ses prochaines attaques la transpercent<\/li>\n<\/ul>\n<\/li>\n<\/ul>\n<\/li>\n<\/ul>\n<ul>\n<li><b>Chevalier du Kran<\/b>: Combattant solitaire, il traque sans rel\u00e2che les \u00eatres et les objets magiques pour les d\u00e9truire. Ce sont uniquement des Humains ou des Elfs<img loading=\"lazy\" src=\"http:\/\/pab-rpg.fr\/wp-content\/uploads\/2021\/01\/Chevalier-Kran-300x179.png\" alt=\"\" width=\"300\" height=\"179\" class=\"size-medium wp-image-760 alignleft\" srcset=\"https:\/\/pab-rpg.fr\/wp-content\/uploads\/2021\/01\/Chevalier-Kran-300x179.png 300w, https:\/\/pab-rpg.fr\/wp-content\/uploads\/2021\/01\/Chevalier-Kran-1024x610.png 1024w, https:\/\/pab-rpg.fr\/wp-content\/uploads\/2021\/01\/Chevalier-Kran-768x457.png 768w, https:\/\/pab-rpg.fr\/wp-content\/uploads\/2021\/01\/Chevalier-Kran-1536x915.png 1536w, https:\/\/pab-rpg.fr\/wp-content\/uploads\/2021\/01\/Chevalier-Kran-2048x1219.png 2048w\" sizes=\"(max-width: 300px) 100vw, 300px\" \/>\n<ul>\n<li>Armes: toutes non magiques + bouclier moyen<\/li>\n<li>Armures: toutes non magiques<\/li>\n<li>Il affronte son double pour acqu\u00e9rir une aptitude, son ombre dispara\u00eet et son teint blafard trahit son combat int\u00e9rieur<\/li>\n<li>Comp\u00e9tences principales: Orientation aveugle &#8211; Dressage &#8211; D\u00e9tection &#8211; Initiative &#8211; R\u00e9sist sort &#8211; Surprise<\/li>\n<li>Pouvoirs:\n<ul>\n<li>Sa comp\u00e9tence de D\u00e9tection permet de voir les \u00eatres\/objets magiques et leur puissance<\/li>\n<li>Peut porter des armes\/armures avec bonus et leur transmet ses aptitudes<\/li>\n<li>B\u00e9n\u00e9ficie d&#8217;un % de r\u00e9sistance passive \u00e0 la magie \u00e9gale \u00e0 son niveau<\/li>\n<\/ul>\n<\/li>\n<\/ul>\n<\/li>\n<\/ul>\n\n\n<div class=\"wp-block-image\"><figure class=\"aligncenter size-large\"><img loading=\"lazy\" width=\"498\" height=\"101\" src=\"http:\/\/pab-rpg.fr\/wp-content\/uploads\/2021\/01\/images.png\" alt=\"\" class=\"wp-image-429\" srcset=\"https:\/\/pab-rpg.fr\/wp-content\/uploads\/2021\/01\/images.png 498w, https:\/\/pab-rpg.fr\/wp-content\/uploads\/2021\/01\/images-300x61.png 300w\" sizes=\"(max-width: 498px) 100vw, 498px\" \/><\/figure><\/div>\n","protected":false},"excerpt":{"rendered":"<p>Les Sp\u00e9cialisations: Guerrier: Expert en arme et en bouclier, il est sp\u00e9cialiste en tactique&nbsp;militaire. Ce sont rarement des Pt Gens Armes: toutes + grand bouclier Armures: toutes Comp\u00e9tences principales: Course &amp; Endurance &#8211; Force &amp; Enfoncer &#8211; Commandement &#8211; Engin de guerre &#8211; Bouclier Pouvoirs: Possibilit\u00e9 d&#8217;attaquer diff\u00e9rentes cibles dans [&hellip;]<\/p>\n","protected":false},"author":2,"featured_media":70,"parent":69,"menu_order":0,"comment_status":"closed","ping_status":"closed","template":"page-templates\/template-fullwidth.php","meta":[],"_links":{"self":[{"href":"https:\/\/pab-rpg.fr\/index.php\/wp-json\/wp\/v2\/pages\/81"}],"collection":[{"href":"https:\/\/pab-rpg.fr\/index.php\/wp-json\/wp\/v2\/pages"}],"about":[{"href":"https:\/\/pab-rpg.fr\/index.php\/wp-json\/wp\/v2\/types\/page"}],"author":[{"embeddable":true,"href":"https:\/\/pab-rpg.fr\/index.php\/wp-json\/wp\/v2\/users\/2"}],"replies":[{"embeddable":true,"href":"https:\/\/pab-rpg.fr\/index.php\/wp-json\/wp\/v2\/comments?post=81"}],"version-history":[{"count":14,"href":"https:\/\/pab-rpg.fr\/index.php\/wp-json\/wp\/v2\/pages\/81\/revisions"}],"predecessor-version":[{"id":762,"href":"https:\/\/pab-rpg.fr\/index.php\/wp-json\/wp\/v2\/pages\/81\/revisions\/762"}],"up":[{"embeddable":true,"href":"https:\/\/pab-rpg.fr\/index.php\/wp-json\/wp\/v2\/pages\/69"}],"wp:featuredmedia":[{"embeddable":true,"href":"https:\/\/pab-rpg.fr\/index.php\/wp-json\/wp\/v2\/media\/70"}],"wp:attachment":[{"href":"https:\/\/pab-rpg.fr\/index.php\/wp-json\/wp\/v2\/media?parent=81"}],"curies":[{"name":"wp","href":"https:\/\/api.w.org\/{rel}","templated":true}]}}