{"id":848,"date":"2021-01-13T15:53:43","date_gmt":"2021-01-13T14:53:43","guid":{"rendered":"http:\/\/pab-rpg.fr\/?page_id=848"},"modified":"2023-05-26T16:11:57","modified_gmt":"2023-05-26T14:11:57","slug":"saison-2-episode-3","status":"publish","type":"page","link":"https:\/\/pab-rpg.fr\/index.php\/saison-2-episode-3\/","title":{"rendered":"Saison #2 &#8211; Episode #3"},"content":{"rendered":"<p>R\u00e9via g\u00eet dans une marre de sang entour\u00e9 des PJs. Ils ont d\u00e9j\u00e0 \u00e9t\u00e9 accus\u00e9s par Eldon de la mort de son fr\u00e8re Ulmo, et maintenant les circonstances les accablent de nouveau. C&#8217;est l&#8217;incr\u00e9dulit\u00e9 qui pr\u00e9domine et Sollynvar reste sans voix. Les chasseurs les plus intr\u00e9pides ont d\u00e9j\u00e0 sorti leurs armes et la tension monte d&#8217;un coup. Un membre du groupe s&#8217;approche, sans arme et ouvre les bras en signe de paix. Ce guerrier de grande taille s&#8217;adresse au bellig\u00e9rants avec calme qui impose le silence. Son \u00e9loquence et la gravit\u00e9 de la situation avec un n\u00e9cromant en libert\u00e9 douchent les vell\u00e9it\u00e9s des chasseurs et la surench\u00e8re des primes promises par Sollynvar n&#8217;y font rien, la crypte se vide laissant les PJs seuls, Eldon n&#8217;est plus l\u00e0 non plus. <img loading=\"lazy\" src=\"http:\/\/pab-rpg.fr\/wp-content\/uploads\/2021\/01\/PNJ-Red-Queen-humaine-193x300.jpg\" alt=\"\" width=\"193\" height=\"300\" class=\"size-medium wp-image-854 alignright\" srcset=\"https:\/\/pab-rpg.fr\/wp-content\/uploads\/2021\/01\/PNJ-Red-Queen-humaine-193x300.jpg 193w, https:\/\/pab-rpg.fr\/wp-content\/uploads\/2021\/01\/PNJ-Red-Queen-humaine-658x1024.jpg 658w, https:\/\/pab-rpg.fr\/wp-content\/uploads\/2021\/01\/PNJ-Red-Queen-humaine-768x1196.jpg 768w, https:\/\/pab-rpg.fr\/wp-content\/uploads\/2021\/01\/PNJ-Red-Queen-humaine-986x1536.jpg 986w, https:\/\/pab-rpg.fr\/wp-content\/uploads\/2021\/01\/PNJ-Red-Queen-humaine.jpg 1233w\" sizes=\"(max-width: 193px) 100vw, 193px\" \/>Ils inspectent le couloir qui s&#8217;enfonce dans les t\u00e9n\u00e8bres et d\u00e9couvrent dans la poussi\u00e8re des traces fraiches dans les deux sens. Ils avancent prudemment et d\u00e9couvrent dans la premi\u00e8re salle une statue imposante, intacte, presque vivante qui repr\u00e9sente une femme reine v\u00eatue de rouge, la Red Queen. Ils poursuivent leur exploration et les couloirs sont partiellement effondr\u00e9s, attaqu\u00e9s par le temps et les inondations. Des alc\u00f4ves lat\u00e9rales regorgent de squelettes et de cr\u00e2nes t\u00e9moignant de l&#8217;entr\u00e9e dans la n\u00e9cropole. Etrangement la derni\u00e8re salle semble \u00e9clair\u00e9e d&#8217;une lumi\u00e8re bleu\u00e2tre provenant d&#8217;un puits central. A moiti\u00e9 immerg\u00e9, le corps inanim\u00e9 de Eldon est encore chaud, sa mort est r\u00e9cente, mais comment peut il \u00eatre dans cette salle et dans la crypte en m\u00eame temps ? L&#8217;explication est si simple pour le magicien du groupe, \u00e0 ses c\u00f4t\u00e9s il a trouv\u00e9 un parchemin de changement d&#8217;apparence. Lothar Amdac les a encore dup\u00e9 et il s&#8217;est \u00e9chapp\u00e9 sous les traits du gnome. Alors que le voleur se jette sur le coffre pour crocheter la serrure et d\u00e9couvrir le butin qu&#8217;il rescelle, les plus \u00e9rudits du groupe parcourent les parchemins et le livre reli\u00e9 du n\u00e9cromant.&nbsp;<\/p>\n\n\n<p class=\"has-text-align-center has-background-color-background-color has-background\"><strong>M\u00e9moires de Lothor Amdac<\/strong><\/p>\n\n\n\n<p class=\"has-background-color-background-color has-background\">Apprenti du ma\u00eetre Ebrose, j\u2019ai \u00e9t\u00e9 form\u00e9 avec 3 autres apprentis, aux connaissances de la n\u00e9cromancie qui s\u2019appuient sur 4 \u00e9coles:<br>\u00ab&nbsp;L&#8217;\u00e9cole du Sanctuaire&nbsp;\u00bb<br>\u00ab&nbsp;L&#8217;\u00e9cole de l&#8217;Alchimie N\u00e9cromantique&nbsp;\u00bb<br>\u00ab&nbsp;L&#8217;\u00e9cole des Os&nbsp;\u00bb<br>\u00ab&nbsp;L\u2019\u00e9cole Leges aeternam&nbsp;\u00bb<\/p>\n\n\n\n<p class=\"has-background-color-background-color has-background\">\u2026puis nous avons \u00e9t\u00e9 envoy\u00e9s dans la r\u00e9gion pour trouver des puits de mana et chacun fonder une \u00e9cole de n\u00e9cromancie\u2026 je me suis install\u00e9 dans la crypte de Varig le Feuillu en tant que divinateur\u2026<br>\u2026 une fois le puits activ\u00e9 et la statue de la Red Queen construite pour l\u2019ordre des n\u00e9cromanciens, j\u2019ai commenc\u00e9 mes propres exp\u00e9riences\u2026 <\/p>\n\n\n\n<p class=\"has-background-color-background-color has-background\">\u2026 l\u2019accident survenu au quatri\u00e8me apprenti Rilod Brikard dans les mines des montagnes me fait m\u2019\u00e9loigner de l\u2019\u00e9cole du sanctuaire\u2026<br>\u2026 le troisi\u00e8me apprenti Preter Dimus a trouv\u00e9 dans le cloaque les ressources pour d\u00e9velopper l\u2019\u00e9cole des os, mais je n\u2019ai pas assez de cadavres ici\u2026<br>\u2026 le deuxi\u00e8me apprenti Amer Silise d\u00e9veloppe l\u2019\u00e9cole Leges aeternam et profite des forces naturelles qui l\u2019entourent\u2026<br>\u2026 je vais me concentrer sur l\u2019\u00e9cole de l\u2019alchimie n\u00e9cromantique \u2026<br>\u2026 le simple transfert des \u00e2mes ne m\u2019int\u00e9resse pas, il faut aller plus loin, j\u2019ai une piste dans l\u2019alchimie du sang\u2026<br>\u2026 les essais sont prometteurs, on pourrait pr\u00e9server les comp\u00e9tences de l\u2019h\u00f4te dans une nouvelle \u00e9cole appel\u00e9e \u00ab&nbsp;L\u2019\u00e9cole du dernier souffle&nbsp;\u00bb \u2026<\/p>\n\n\n<p><a href=\"http:\/\/pab-rpg.fr\/index.php\/la-necromancie\/\"><img loading=\"lazy\" src=\"http:\/\/pab-rpg.fr\/wp-content\/uploads\/2021\/01\/download.jpg\" alt=\"\" width=\"57\" height=\"57\" class=\" wp-image-441 alignleft\" srcset=\"https:\/\/pab-rpg.fr\/wp-content\/uploads\/2021\/01\/download.jpg 225w, https:\/\/pab-rpg.fr\/wp-content\/uploads\/2021\/01\/download-150x150.jpg 150w\" sizes=\"(max-width: 57px) 100vw, 57px\" \/><\/a><strong>L&#8217;\u00e9cole de l&#8217;Alchimie N\u00e9cromantique selon Ma\u00eetre N\u00e9cromant Ebrose<\/strong><\/p>\n<p>De toute \u00e9vidence Lothor Amdac, l&#8217;un des quatre adeptes de la n\u00e9cromancie a transf\u00e9r\u00e9 son corps dans celui de Wrenn et a acquis ses anciennes comp\u00e9tences d&#8217;alchimie en utilisant la puissance du puits de mana. Le sang du nain ne fait qu&#8217;un tour et il pousse une dalle de marbre sur le puits de lumi\u00e8re au centre de la salle pour condamner sa magie, il pousse un grognement de satisfaction et ordonne qu&#8217;il faut rapidement se mettre en chasse du magicien malveillant.&nbsp;<\/p>\n\n\n<figure class=\"wp-block-image size-large\"><img loading=\"lazy\" width=\"1024\" height=\"563\" src=\"http:\/\/pab-rpg.fr\/wp-content\/uploads\/2021\/01\/9-Illustration-Necropole-1024x563.jpg\" alt=\"\" class=\"wp-image-874\" srcset=\"https:\/\/pab-rpg.fr\/wp-content\/uploads\/2021\/01\/9-Illustration-Necropole-1024x563.jpg 1024w, https:\/\/pab-rpg.fr\/wp-content\/uploads\/2021\/01\/9-Illustration-Necropole-300x165.jpg 300w, https:\/\/pab-rpg.fr\/wp-content\/uploads\/2021\/01\/9-Illustration-Necropole-768x422.jpg 768w, https:\/\/pab-rpg.fr\/wp-content\/uploads\/2021\/01\/9-Illustration-Necropole.jpg 1500w\" sizes=\"(max-width: 1024px) 100vw, 1024px\" \/><\/figure>\n\n\n<p>Les Pjs remontent rapidement dans la crypte, mais \u00e0 la sortie l&#8217;air est vici\u00e9 et une odeur de mort leur prend la gorge; le cimeti\u00e8re est d\u00e9vast\u00e9, les tombes ont \u00e9t\u00e9 ouvertes, la terre est retourn\u00e9e de l&#8217;int\u00e9rieur&#8230; Le paladin, qui \u00e9tait rest\u00e9 silencieux jusqu&#8217;\u00e0 pr\u00e9sent se positionne \u00e0 l&#8217;avant et d\u00e9j\u00e0 des cr\u00e9atures rampent jusqu&#8217;au groupe. Le combat s&#8217;engage avec des squelettes, des zombies et m\u00eames des ombres se glissent le long des murs pour attaquer les lanceurs de sorts. Le groupe sort finalement du cimeti\u00e8re indemne de ce premier combat, mais le spectacle du village est tout aussi affligeant les cadavres des habitants jonchent les ruelles et toutes les b\u00e2tisses sont en feu. Le mage se saisit de son livre de sorts et incante une bourrasque de vent qui repousse les flammes le temps suffisant pour que le groupe se fraye un chemin. Seule Orphy la serveuse, blottie aupr\u00e8s du ch\u00eane de R\u00e9via semble en vie, le barde s&#8217;empresse de la r\u00e9confort\u00e9e. Elle affirme que les survivants \u00e0 l&#8217;attaque des morts vivants, ont pr\u00e9f\u00e9r\u00e9 mettre le feu pour arr\u00eater leur progression, et que le vieil homme qui commandait la meute, a quitt\u00e9 le village \u00e0 cheval. Le groupe passe la nuit dans ce refuge naturel, et la curiosit\u00e9 aidant, certains fouillent les affaires de R\u00e9via et la recherche est fructueuse. Dans le capharna\u00fcm les PJs trouvent des t\u00e9moignages du lien fort en R\u00e9via et Wrenn qui neutralisent le d\u00e9mon M\u00e9phala. Ils comprennent \u00e9galement la mission de Wrenn dans le monast\u00e8re pour trouver un rem\u00e8de contre la maladie de gris\u00e9cailles. Enfin, le cercle druidique de Ranafoutiel d&#8217;o\u00f9 venait R\u00e9via a l&#8217;air pr\u00e9destin\u00e9 dans son combat contre le mal et les r\u00e9surgences magiques des failles temporelles. Au matin, le barde se saisit d&#8217;une fl\u00fbte de pan servant de boussole et guide le groupe dans le bois de Glandorn vers leur prochaine destination.&nbsp; &nbsp;&nbsp;<\/p>\n<p style=\"text-align: center;\">Episode #4<\/p>\n\n\n<div class=\"wp-block-image\"><figure class=\"aligncenter size-large\"><img loading=\"lazy\" width=\"498\" height=\"101\" src=\"http:\/\/pab-rpg.fr\/wp-content\/uploads\/2021\/01\/images.png\" alt=\"\" class=\"wp-image-429\" srcset=\"https:\/\/pab-rpg.fr\/wp-content\/uploads\/2021\/01\/images.png 498w, https:\/\/pab-rpg.fr\/wp-content\/uploads\/2021\/01\/images-300x61.png 300w\" sizes=\"(max-width: 498px) 100vw, 498px\" \/><\/figure><\/div>\n","protected":false},"excerpt":{"rendered":"<p>R\u00e9via g\u00eet dans une marre de sang entour\u00e9 des PJs. Ils ont d\u00e9j\u00e0 \u00e9t\u00e9 accus\u00e9s par Eldon de la mort de son fr\u00e8re Ulmo, et maintenant les circonstances les accablent de nouveau. C&#8217;est l&#8217;incr\u00e9dulit\u00e9 qui pr\u00e9domine et Sollynvar reste sans voix. Les chasseurs les plus intr\u00e9pides ont d\u00e9j\u00e0 sorti leurs [&hellip;]<\/p>\n","protected":false},"author":1,"featured_media":0,"parent":0,"menu_order":0,"comment_status":"closed","ping_status":"closed","template":"","meta":[],"_links":{"self":[{"href":"https:\/\/pab-rpg.fr\/index.php\/wp-json\/wp\/v2\/pages\/848"}],"collection":[{"href":"https:\/\/pab-rpg.fr\/index.php\/wp-json\/wp\/v2\/pages"}],"about":[{"href":"https:\/\/pab-rpg.fr\/index.php\/wp-json\/wp\/v2\/types\/page"}],"author":[{"embeddable":true,"href":"https:\/\/pab-rpg.fr\/index.php\/wp-json\/wp\/v2\/users\/1"}],"replies":[{"embeddable":true,"href":"https:\/\/pab-rpg.fr\/index.php\/wp-json\/wp\/v2\/comments?post=848"}],"version-history":[{"count":14,"href":"https:\/\/pab-rpg.fr\/index.php\/wp-json\/wp\/v2\/pages\/848\/revisions"}],"predecessor-version":[{"id":1188,"href":"https:\/\/pab-rpg.fr\/index.php\/wp-json\/wp\/v2\/pages\/848\/revisions\/1188"}],"wp:attachment":[{"href":"https:\/\/pab-rpg.fr\/index.php\/wp-json\/wp\/v2\/media?parent=848"}],"curies":[{"name":"wp","href":"https:\/\/api.w.org\/{rel}","templated":true}]}}