{"id":861,"date":"2021-01-13T17:48:17","date_gmt":"2021-01-13T16:48:17","guid":{"rendered":"http:\/\/pab-rpg.fr\/?page_id=861"},"modified":"2021-01-13T17:48:18","modified_gmt":"2021-01-13T16:48:18","slug":"la-necromancie","status":"publish","type":"page","link":"https:\/\/pab-rpg.fr\/index.php\/la-necromancie\/","title":{"rendered":"La N\u00e9cromancie"},"content":{"rendered":"\n<div class=\"wp-block-themeisle-blocks-advanced-columns has-1-columns has-desktop-equal-layout has-tablet-equal-layout has-mobile-equal-layout has-default-gap has-vertical-unset\" id=\"wp-block-themeisle-blocks-advanced-columns-cffa8185\"><div class=\"wp-block-themeisle-blocks-advanced-columns-overlay\"><\/div><div class=\"innerblocks-wrap\">\n<div class=\"wp-block-themeisle-blocks-advanced-column\" id=\"wp-block-themeisle-blocks-advanced-column-ed272f87\">\n<p><\/p>\n<\/div>\n<\/div><\/div>\n\n\n\n<p class=\"has-text-align-center has-background-color-background-color has-background has-medium-font-size\"><strong>\u00ab\u00a0L&#8217;\u00e9cole de l&#8217;Alchimie N\u00e9cromantique\u00a0\u00bb<br>selon Ma\u00eetre N\u00e9cromant Ebrose<\/strong><\/p>\n\n\n\n<p class=\"has-background-color-background-color has-background\">L\u2019Alchimie n\u00e9cromantique est une sorte de science se basant sur le transfert n\u00e9cromantique des \u00e2mes dans un corps sans vie. C\u2019est un des moyens pour braver la mort pour un \u00eatre en fin de vie et ainsi occuper une enveloppe d\u2019un d\u00e9funt. La puissance magique d\u2019un puits de mana est indispensable pour supporter l\u2019incantation de transfert de vie. Ces sortil\u00e8ges sont tr\u00e8s convoit\u00e9s par les puissants en qu\u00eate d\u2019immortalit\u00e9\u2026 <\/p>\n\n\n\n<h1 id=\"wp-block-themeisle-blocks-advanced-heading-3b4a8e88\" class=\"wp-block-themeisle-blocks-advanced-heading wp-block-themeisle-blocks-advanced-heading-3b4a8e88\">\u00ab\u00a0Notes et exp\u00e9riences sur l\u2019Alchimie N\u00e9cromantique par Lothor Amdac \u00bb<br>Le puits de mana \u00e9met une aura magique constante \u00e0 pr\u00e9sent utilisable. Les exp\u00e9riences sur les cadavres du village n\u2019ont pas abouties, mais \u00e7a fonctionne sur les animaux \u2026 L\u2019\u00e9quilibre des forces arcaniques est maitris\u00e9, je continue mes exp\u00e9riences sur la pr\u00e9servation de la m\u00e9moire\u2026 Il y a une bonne probabilit\u00e9 pour que les comp\u00e9tences de l\u2019h\u00f4te soient utilisables\u2026 Il est temps de penser \u00e0 mon propre transfert\u2026 On vient de m\u2019apporter le cadavre d\u2019un alchimiste, \u00e7a sera mon h\u00f4te pour ma nouvelle vie !<br>\u2026 Apr\u00e8s 20 ans pass\u00e9s en captivit\u00e9, je dispose \u00e0 pr\u00e9sent de ses comp\u00e9tences d\u2019alchimie, \u00ab\u00a0L\u2019\u00e9cole du Dernier Souffle\u00a0\u00bb est n\u00e9e !<\/h1>\n","protected":false},"excerpt":{"rendered":"<p>\u00ab\u00a0L&#8217;\u00e9cole de l&#8217;Alchimie N\u00e9cromantique\u00a0\u00bbselon Ma\u00eetre N\u00e9cromant Ebrose L\u2019Alchimie n\u00e9cromantique est une sorte de science se basant sur le transfert n\u00e9cromantique des \u00e2mes dans un corps sans vie. C\u2019est un des moyens pour braver la mort pour un \u00eatre en fin de vie et ainsi occuper une enveloppe d\u2019un d\u00e9funt. La [&hellip;]<\/p>\n","protected":false},"author":1,"featured_media":0,"parent":0,"menu_order":0,"comment_status":"closed","ping_status":"closed","template":"page-templates\/template-page-sidebar.php","meta":[],"_links":{"self":[{"href":"https:\/\/pab-rpg.fr\/index.php\/wp-json\/wp\/v2\/pages\/861"}],"collection":[{"href":"https:\/\/pab-rpg.fr\/index.php\/wp-json\/wp\/v2\/pages"}],"about":[{"href":"https:\/\/pab-rpg.fr\/index.php\/wp-json\/wp\/v2\/types\/page"}],"author":[{"embeddable":true,"href":"https:\/\/pab-rpg.fr\/index.php\/wp-json\/wp\/v2\/users\/1"}],"replies":[{"embeddable":true,"href":"https:\/\/pab-rpg.fr\/index.php\/wp-json\/wp\/v2\/comments?post=861"}],"version-history":[{"count":9,"href":"https:\/\/pab-rpg.fr\/index.php\/wp-json\/wp\/v2\/pages\/861\/revisions"}],"predecessor-version":[{"id":870,"href":"https:\/\/pab-rpg.fr\/index.php\/wp-json\/wp\/v2\/pages\/861\/revisions\/870"}],"wp:attachment":[{"href":"https:\/\/pab-rpg.fr\/index.php\/wp-json\/wp\/v2\/media?parent=861"}],"curies":[{"name":"wp","href":"https:\/\/api.w.org\/{rel}","templated":true}]}}