{"id":997,"date":"2021-01-30T13:16:02","date_gmt":"2021-01-30T12:16:02","guid":{"rendered":"http:\/\/pab-rpg.fr\/?page_id=997"},"modified":"2021-02-07T14:02:28","modified_gmt":"2021-02-07T13:02:28","slug":"saison-1-episode-4","status":"publish","type":"page","link":"https:\/\/pab-rpg.fr\/index.php\/saison-1-episode-4\/","title":{"rendered":"Saison #1 &#8211; Episode #4"},"content":{"rendered":"<p>Au matin et dans la fraicheur humide de la vall\u00e9e, le groupe se r\u00e9veille satisfait du succ\u00e8s de l&#8217;op\u00e9ration du soir, avec des interrogations sur le pacte de sang qu&#8217;ils ont du accepter avec Arth\u00e9rys. Mais c&#8217;est assez vite la curiosit\u00e9 qui pr\u00e9domine su ce que contient le coffre. C&#8217;est Dobella, qui entour\u00e9e du groupe, ouvre d\u00e9licatement ce qu&#8217;elle consid\u00e8re son h\u00e9ritage; en effet il contient un parchemin et un objet cylindrique couvert de lettres.&nbsp;<\/p>\n\n\n<div class=\"wp-block-image\"><figure class=\"aligncenter size-large\"><img loading=\"lazy\" width=\"500\" height=\"281\" src=\"http:\/\/pab-rpg.fr\/wp-content\/uploads\/2021\/01\/00-Item-Cryptex.png\" alt=\"\" class=\"wp-image-998\" srcset=\"https:\/\/pab-rpg.fr\/wp-content\/uploads\/2021\/01\/00-Item-Cryptex.png 500w, https:\/\/pab-rpg.fr\/wp-content\/uploads\/2021\/01\/00-Item-Cryptex-300x169.png 300w\" sizes=\"(max-width: 500px) 100vw, 500px\" \/><\/figure><\/div>\n\n\n\n<p class=\"has-text-align-center has-background-color-background-color has-background\"><strong>Parchemin de Far\u00f6m Jaril Ecu des Neiges<\/strong><\/p>\n\n\n\n<p class=\"has-background-color-background-color has-background\">Ma m\u00e8re bien aim\u00e9e Theis m\u2019a rarement parl\u00e9 de mon p\u00e8re, je sais seulement que je suis le b\u00e2tard d\u2019un Seigneur du Nord. Nous habit\u00e2mes une humble demeure de Birtek et quand ma m\u00e8re f\u00fbt emport\u00e9e par la maladie, c\u2019est mon ivrogne d\u2019oncle Nabar qui s\u2019occupa de moi. Il me vendit rapidement comme apprenti palefrenier dans la tour de guet des montagnes. R\u00e9guli\u00e8rement frapp\u00e9 par les autres enfants et maltrait\u00e9 par les \u00e9ducateurs, j\u2019ai fui les cours magistraux pour me d\u00e9dier aux arts martiaux. Mon ma\u00eetre Cepol m\u2019enseign\u00e2t le maniement de l\u2019\u00e9p\u00e9e et du bouclier, au d\u00e9part avec des armes en bois qu\u2019il cassait r\u00e9guli\u00e8rement sur mon dos, puis avec des lames en fer qui entaillaient ma chair. Je participai aux chasses des ours dans les montagnes et apr\u00e8s une violente temp\u00eate, nous d\u00e9cid\u00e2mes, avec mon compagnon d\u2019infortune Elbec, de combattre pour notre propre compte. Nous f\u00eemes un bout de chemin ensemble jusqu\u2019\u00e0 sa trahison pour une jeune bourgeoise nomm\u00e9e Earli. J\u2019ai donc repris seul le chemin de l\u2019aventure et j\u2019ai d\u00e9couvert des tr\u00e9sors oubli\u00e9s, mais aussi des monstres d\u2019un autre plan. Ma qu\u00eate m\u2019a port\u00e9 \u00e0 chercher l\u2019entr\u00e9e de la Tour de Braggur, et je l\u2019ai trouv\u00e9e ! Mais les forces en pr\u00e9sence \u00e9taient trop puissantes, et j\u2019ai \u00e9t\u00e9 vaincu \u2026 Pour sauver mon enveloppe corporelle, j\u2019ai eu l\u2019opportunit\u00e9, ou la mal\u00e9diction de c\u00e9der mon \u00e2me aux puissances de la Tour pour trouver une s\u00e9pulture sur le royaume des hommes. A pr\u00e9sent si tu souhaites parcourir mon chemin, gravir la tour et affronter les enfers, pour lib\u00e9rer mon \u00e2me o\u00f9 bien trouver des tr\u00e9sors, tu vas devoir utiliser toutes tes facult\u00e9s ; ta t\u00eate, tes bras, ton c\u0153ur et tes jambes. SOYEZ TOUS MAUDITS !<\/p>\n\n\n<p>Dobella ressent le lien de paternit\u00e9 \u00e0 travers ce message, et souhaite relev\u00e9 le d\u00e9fi \u00e0 la fois pour lib\u00e9rer l&#8217;\u00e2me de son p\u00e8re et pour r\u00e9cup\u00e9rer le fameux tr\u00e9sor. Mais elle est dans la plus grande confusion et ne sait pas comment s&#8217;y prendre avec le Cryptex. Le pr\u00eatre prend d\u00e9licatement l&#8217;objet et avec un sourire rassurant attend son accord pour commencer la premi\u00e8re et seul combinaison possible; il commence par aligner le T, puis le H, il continue avec le E, puis le I, et finit avec le S. Il \u00e9carte les deux extr\u00e9mit\u00e9s et un l\u00e9ger cliquetis lib\u00e8re le cylindre qui contient un papyrus et une fiole de vinaigre.&nbsp;<\/p>\n\n\n<p class=\"has-background-color-background-color has-background\">L\u2019entr\u00e9e du passage s&#8217;effectue par la mine de Hyjup par le couloir d\u00e9saffect\u00e9 le plus \u00e0 l&#8217;est de la paroi. Suivez le guide silencieusement pendant 2 jours. Quand la nature r\u00e9apparait n\u2019ayez aucun r\u00e9pit. Puis affrontez la montagne et tous ses dangers<br>La partie ais\u00e9e du voyage \u00e9tant termin\u00e9e, vous devez gravir les 5 \u00e9tages de la tour avec discernement. Affrontez dans la lumi\u00e8re la cr\u00e9ature qui m\u2019a terrass\u00e9, ou bien perdez votre \u00e2me !<\/p>\n\n\n<p>Apr\u00e8s avoir achet\u00e9 des v\u00eatements chauds, des rations, des torches, des cordes et autres accessoires, le groupe se met en route sur les traces de Far\u00f6m Jaril Ecu des Neiges avec une certaine appr\u00e9hension mais pouss\u00e9 par la curiosit\u00e9 et l&#8217;attrait du gain. A pr\u00e9sent le manteau blanc de la neige recouvre la nature et la v\u00e9g\u00e9tation est de plus en plus clairsem\u00e9e. Apr\u00e8s cinq jours de voyage, le groupe monte le camp au pied de la paroi indiqu\u00e9e sur le papyrus, mais aucune entr\u00e9e n&#8217;est visible au premier abord. Mais les lueurs du feu de camp mettent en lumi\u00e8re le sommet d&#8217;une alc\u00f4ve \u00e0 flanc de montagne. L&#8217;entr\u00e9e se trouve sous l&#8217;eau prisonni\u00e8re par la glace. L&#8217;un apr\u00e8s l&#8217;autre les PJs tentent de percer la surface, mais ils doivent s&#8217;\u00e9loigner de l&#8217;entr\u00e9e m\u00e8tre apr\u00e8s m\u00e8tre en constatant &#8220;trop \u00e9pais&#8221;. &nbsp;<\/p>\n\n\n<div class=\"wp-block-image\"><figure class=\"aligncenter size-large\"><img loading=\"lazy\" width=\"1024\" height=\"563\" src=\"http:\/\/pab-rpg.fr\/wp-content\/uploads\/2021\/02\/d9m696t-83d3b7d1-1d91-4a7f-9019-47338e68b4e1-1024x563.jpg\" alt=\"\" class=\"wp-image-1027\" srcset=\"https:\/\/pab-rpg.fr\/wp-content\/uploads\/2021\/02\/d9m696t-83d3b7d1-1d91-4a7f-9019-47338e68b4e1-1024x563.jpg 1024w, https:\/\/pab-rpg.fr\/wp-content\/uploads\/2021\/02\/d9m696t-83d3b7d1-1d91-4a7f-9019-47338e68b4e1-300x165.jpg 300w, https:\/\/pab-rpg.fr\/wp-content\/uploads\/2021\/02\/d9m696t-83d3b7d1-1d91-4a7f-9019-47338e68b4e1-768x422.jpg 768w, https:\/\/pab-rpg.fr\/wp-content\/uploads\/2021\/02\/d9m696t-83d3b7d1-1d91-4a7f-9019-47338e68b4e1-1536x845.jpg 1536w, https:\/\/pab-rpg.fr\/wp-content\/uploads\/2021\/02\/d9m696t-83d3b7d1-1d91-4a7f-9019-47338e68b4e1.jpg 2000w\" sizes=\"(max-width: 1024px) 100vw, 1024px\" \/><\/figure><\/div>\n\n\n<p>Le paladin lib\u00e8re les chevaux avec amertume et laissant sur sa scelle l&#8217;\u00e9pure du blason qu&#8217;il avait dessin\u00e9 pour son futur ordre et se pr\u00e9pare \u00e0 se jeter dans l&#8217;eau avec ses autres compagnons. L&#8217;invocateur a plong\u00e9 en premier, suivi de Dobella et du pr\u00eatre, mais la distance \u00e0 parcourir est importante et le froid paralyse leur faible comp\u00e9tence de nage. La temp\u00e9rature et le manque d&#8217;oxyg\u00e8ne commence \u00e0 endormir leur perception et un voile noir entoure les premiers nageurs. La corde ne s&#8217;\u00e9tire plus et l&#8217;\u00e9l\u00e9mentaliste qui avait r\u00e9cup\u00e9r\u00e9 un potion de libre action d\u00e9cide de l&#8217;utiliser car la situation semble critique. Elle lui donne la capacit\u00e9 de respirer sous l&#8217;eau et am\u00e9liore sa comp\u00e9tence de nage. Il tire derri\u00e8re lui le paladin qui s&#8217;est \u00e0 moiti\u00e9 d\u00e9v\u00eatu pour trainer son sac et sa lourde armure. Il atteint facilement la surface \u00e0 l&#8217;int\u00e9rieur de la grotte et tire sur la rive chaque membre du groupe sain et sauf mais diminu\u00e9 par l&#8217;asphyxie et par le froid de l&#8217;immersion. Il allume un feu de camp de fortune pour r\u00e9cup\u00e9rer de cette premi\u00e8re \u00e9preuve qui annonce une exp\u00e9dition des plus p\u00e9rilleuses.\u00a0\u00a0<\/p>\n<p style=\"text-align: center;\"><a href=\"http:\/\/pab-rpg.fr\/index.php\/saison-1-episode-5\/\">Episode #5<\/a><\/p>\n\n\n<div class=\"wp-block-image\"><figure class=\"aligncenter size-large\"><img loading=\"lazy\" width=\"498\" height=\"101\" src=\"http:\/\/pab-rpg.fr\/wp-content\/uploads\/2021\/01\/images.png\" alt=\"\" class=\"wp-image-429\" srcset=\"https:\/\/pab-rpg.fr\/wp-content\/uploads\/2021\/01\/images.png 498w, https:\/\/pab-rpg.fr\/wp-content\/uploads\/2021\/01\/images-300x61.png 300w\" sizes=\"(max-width: 498px) 100vw, 498px\" \/><\/figure><\/div>\n","protected":false},"excerpt":{"rendered":"<p>Au matin et dans la fraicheur humide de la vall\u00e9e, le groupe se r\u00e9veille satisfait du succ\u00e8s de l&#8217;op\u00e9ration du soir, avec des interrogations sur le pacte de sang qu&#8217;ils ont du accepter avec Arth\u00e9rys. Mais c&#8217;est assez vite la curiosit\u00e9 qui pr\u00e9domine su ce que contient le coffre. C&#8217;est [&hellip;]<\/p>\n","protected":false},"author":1,"featured_media":0,"parent":0,"menu_order":0,"comment_status":"closed","ping_status":"closed","template":"","meta":[],"_links":{"self":[{"href":"https:\/\/pab-rpg.fr\/index.php\/wp-json\/wp\/v2\/pages\/997"}],"collection":[{"href":"https:\/\/pab-rpg.fr\/index.php\/wp-json\/wp\/v2\/pages"}],"about":[{"href":"https:\/\/pab-rpg.fr\/index.php\/wp-json\/wp\/v2\/types\/page"}],"author":[{"embeddable":true,"href":"https:\/\/pab-rpg.fr\/index.php\/wp-json\/wp\/v2\/users\/1"}],"replies":[{"embeddable":true,"href":"https:\/\/pab-rpg.fr\/index.php\/wp-json\/wp\/v2\/comments?post=997"}],"version-history":[{"count":17,"href":"https:\/\/pab-rpg.fr\/index.php\/wp-json\/wp\/v2\/pages\/997\/revisions"}],"predecessor-version":[{"id":1035,"href":"https:\/\/pab-rpg.fr\/index.php\/wp-json\/wp\/v2\/pages\/997\/revisions\/1035"}],"wp:attachment":[{"href":"https:\/\/pab-rpg.fr\/index.php\/wp-json\/wp\/v2\/media?parent=997"}],"curies":[{"name":"wp","href":"https:\/\/api.w.org\/{rel}","templated":true}]}}